{"id":21442,"date":"2023-05-24T12:14:20","date_gmt":"2023-05-24T09:14:21","guid":{"rendered":"https:\/\/boatsexpert.com\/?post_type=product&#038;p=21442"},"modified":"2023-12-20T13:18:47","modified_gmt":"2023-12-20T10:18:47","slug":"boatbuckle-g2-chinga-retractabila-14-43-inox","status":"publish","type":"product","link":"https:\/\/boatsexpert.com\/ro\/produs\/boatbuckle-g2-chinga-retractabila-14-43-inox\/","title":{"rendered":"BoatBuckle G2 Chinga Retractabila 14-43&#8243; INOX"},"content":{"rendered":"\t\t<div data-elementor-type=\"wp-post\" data-elementor-id=\"21442\" class=\"elementor elementor-21442 elementor-21441\">\n\t\t\t\t\t\t\t\t\t<section class=\"elementor-section elementor-top-section elementor-element elementor-element-20e960c elementor-section-boxed elementor-section-height-default elementor-section-height-default\" data-id=\"20e960c\" data-element_type=\"section\">\n\t\t\t\t\t\t<div class=\"elementor-container elementor-column-gap-default\">\n\t\t\t\t\t<div class=\"elementor-column elementor-col-100 elementor-top-column elementor-element elementor-element-1c57ee0\" data-id=\"1c57ee0\" data-element_type=\"column\">\n\t\t\t<div class=\"elementor-widget-wrap elementor-element-populated\">\n\t\t\t\t\t\t\t\t<div class=\"elementor-element elementor-element-142c0eb elementor-widget elementor-widget-heading\" data-id=\"142c0eb\" data-element_type=\"widget\" data-widget_type=\"heading.default\">\n\t\t\t\t<div class=\"elementor-widget-container\">\n\t\t\t<style>\/*! elementor - v3.12.1 - 02-04-2023 *\/\n.elementor-heading-title{padding:0;margin:0;line-height:1}.elementor-widget-heading .elementor-heading-title[class*=elementor-size-]>a{color:inherit;font-size:inherit;line-height:inherit}.elementor-widget-heading .elementor-heading-title.elementor-size-small{font-size:15px}.elementor-widget-heading .elementor-heading-title.elementor-size-medium{font-size:19px}.elementor-widget-heading .elementor-heading-title.elementor-size-large{font-size:29px}.elementor-widget-heading .elementor-heading-title.elementor-size-xl{font-size:39px}.elementor-widget-heading .elementor-heading-title.elementor-size-xxl{font-size:59px}<\/style><h6 class=\"elementor-heading-title elementor-size-large\">Specification<\/h6>\t\t<\/div>\n\t\t\t\t<\/div>\n\t\t\t\t\t<\/div>\n\t\t<\/div>\n\t\t\t\t\t\t\t<\/div>\n\t\t<\/section>\n\t\t\t\t<section class=\"elementor-section elementor-top-section elementor-element elementor-element-4a6b15d elementor-section-boxed elementor-section-height-default elementor-section-height-default\" data-id=\"4a6b15d\" data-element_type=\"section\">\n\t\t\t\t\t\t<div class=\"elementor-container elementor-column-gap-default\">\n\t\t\t\t\t<div class=\"elementor-column elementor-col-100 elementor-top-column elementor-element elementor-element-416c60c\" data-id=\"416c60c\" data-element_type=\"column\">\n\t\t\t<div class=\"elementor-widget-wrap elementor-element-populated\">\n\t\t\t\t\t\t\t\t<div class=\"elementor-element elementor-element-22baa84 elementor-widget elementor-widget-text-editor\" data-id=\"22baa84\" data-element_type=\"widget\" data-widget_type=\"text-editor.default\">\n\t\t\t\t<div class=\"elementor-widget-container\">\n\t\t\t<style>\/*! elementor - v3.12.1 - 02-04-2023 *\/\n.elementor-widget-text-editor.elementor-drop-cap-view-stacked .elementor-drop-cap{background-color:#69727d;color:#fff}.elementor-widget-text-editor.elementor-drop-cap-view-framed .elementor-drop-cap{color:#69727d;border:3px solid;background-color:transparent}.elementor-widget-text-editor:not(.elementor-drop-cap-view-default) .elementor-drop-cap{margin-top:8px}.elementor-widget-text-editor:not(.elementor-drop-cap-view-default) .elementor-drop-cap-letter{width:1em;height:1em}.elementor-widget-text-editor .elementor-drop-cap{float:left;text-align:center;line-height:1;font-size:50px}.elementor-widget-text-editor .elementor-drop-cap-letter{display:inline-block}<\/style>\t\t\t\t<p>Another industry first is\u00a0<strong>IMMI\u2019s BoatBuckle [G2] Bow Tie-Down<\/strong>, the only automatically retractable ratcheting tie-down in its category! Available in standard and stainless steel models. Just Hook, Ratchet, and Go!<\/p>\t\t\t\t\t\t<\/div>\n\t\t\t\t<\/div>\n\t\t\t\t<div class=\"elementor-element elementor-element-f2fdc12 elementor-widget elementor-widget-text-editor\" data-id=\"f2fdc12\" data-element_type=\"widget\" data-widget_type=\"text-editor.default\">\n\t\t\t\t<div class=\"elementor-widget-container\">\n\t\t\t\t\t\t\t<div class=\"row\"><div class=\"col-md-6\"><div><span style=\"color: #222222;font-family: Poppins\"><span style=\"font-size: 21px\"><b>\u00a0<\/b><\/span><\/span><\/div><ul class=\"tt-list03\"><li>Permanent one-bolt installation<\/li><li>Self-retracting 2\u2033 web<\/li><li>Anti-corrosive construction<\/li><li>Adapts to most mounting angles<\/li><li>Two-inch seat belt quality, polyester web<br \/><strong><br \/>Specs<\/strong><\/li><li style=\"font-weight: 400\">F14393 Stainless Steel<\/li><li>Length up to 43\u2033<\/li><li>Break Strength: 1,500 lbs.\/ea<\/li><li>SWL: 500 lbs.\/ea<br \/><br \/><\/li><\/ul><p><strong>Contains: 1 BoatBuckle Bow Tie-Down<\/strong><\/p><\/div><\/div>\t\t\t\t\t\t<\/div>\n\t\t\t\t<\/div>\n\t\t\t\t\t<\/div>\n\t\t<\/div>\n\t\t\t\t\t\t\t<\/div>\n\t\t<\/section>\n\t\t\t\t\t\t\t<\/div>\n\t\t","protected":false},"excerpt":{"rendered":"<p>&nbsp;<\/p>\n<p>BoatBuckle G2 Unicul sistem de fixare cu clichet retractabil automat \u00een categoria sa! Doar prinde\u021bi, tensiona\u021bi cu clichetul \u0219i pleca\u021bi!<\/p>\n<ul>\n<li>O\u021bel inoxidabil Instalare permanent\u0103 cu un singur \u0219urub<\/li>\n<li>Band\u0103 autoretractabil\u0103 de 2 inch (5 centimetri)<\/li>\n<li>Construc\u021bie anti-coroziv\u0103<\/li>\n<li>Se adapteaz\u0103 la majoritatea unghiurilor de montare<\/li>\n<li>Band\u0103 de 2 inch (5 centimetri) de calitate a centurii de siguran\u021b\u0103, din poliester<strong>Specifica\u021bii:<\/strong><\/li>\n<li>F14393 O\u021bel Inoxidabil Lungime de p\u00e2n\u0103 la 43 de inci (aproximativ 109 cm)<\/li>\n<li>Rezisten\u021ba la rupere: 1,500 de livre (aproximativ 680 de kilograme) fiecare<\/li>\n<li>SWL (\u00cenc\u0103rcare maxim\u0103 de lucru sigur\u0103): 500 de livre (aproximativ 227 de kilograme) fiecare<\/li>\n<li>Con\u021bine: 1 sistem BoatBuckle pentru fixarea la prora a b\u0103rcii.<\/li>\n<\/ul>\n","protected":false},"featured_media":21444,"comment_status":"open","ping_status":"closed","template":"","meta":{"inline_featured_image":false},"product_brand":[],"product_cat":[344,340],"product_tag":[],"class_list":{"0":"post-21442","1":"product","2":"type-product","3":"status-publish","4":"has-post-thumbnail","6":"product_cat-boatbuckle-ro","7":"product_cat-sisteme-de-prindere-ro","8":"tt-post","10":"first","11":"instock","12":"sale","13":"shipping-taxable","14":"purchasable","15":"product-type-simple"},"yoast_head":"<!-- This site is optimized with the Yoast SEO plugin v20.13 - https:\/\/yoast.com\/wordpress\/plugins\/seo\/ -->\n<title>BoatBuckle G2 Chinga Retractabila 14-43&quot; INOX - BoatsExpert<\/title>\n<meta name=\"description\" content=\"Cump\u0103ra\u021bi BoatBuckle Inox \u00een Rom\u00e2nia de la Boats Expert. \u041e gam\u0103 larg\u0103 de accesorii pentru b\u0103rci cu motor cu livrare \u00een toat\u0103 Rom\u00e2nia!\" \/>\n<meta name=\"robots\" content=\"index, follow, max-snippet:-1, max-image-preview:large, max-video-preview:-1\" \/>\n<link rel=\"canonical\" href=\"https:\/\/boatsexpert.com\/ro\/produs\/boatbuckle-g2-chinga-retractabila-14-43-inox\/\" \/>\n<meta property=\"og:locale\" content=\"ro_RO\" \/>\n<meta property=\"og:type\" content=\"article\" \/>\n<meta property=\"og:title\" content=\"BoatBuckle G2 Chinga Retractabila 14-43&quot; INOX - BoatsExpert\" \/>\n<meta property=\"og:description\" content=\"Cump\u0103ra\u021bi BoatBuckle Inox \u00een Rom\u00e2nia de la Boats Expert. \u041e gam\u0103 larg\u0103 de accesorii pentru b\u0103rci cu motor cu livrare \u00een toat\u0103 Rom\u00e2nia!\" \/>\n<meta property=\"og:url\" content=\"https:\/\/boatsexpert.com\/ro\/produs\/boatbuckle-g2-chinga-retractabila-14-43-inox\/\" \/>\n<meta property=\"og:site_name\" content=\"BoatsExpert\" \/>\n<meta property=\"article:modified_time\" content=\"2023-12-20T10:18:47+00:00\" \/>\n<meta property=\"og:image\" content=\"https:\/\/boatsexpert.com\/wp-content\/uploads\/2023\/05\/F14393.jpg\" \/>\n\t<meta property=\"og:image:width\" content=\"555\" \/>\n\t<meta property=\"og:image:height\" content=\"478\" \/>\n\t<meta property=\"og:image:type\" content=\"image\/jpeg\" \/>\n<meta name=\"twitter:card\" content=\"summary_large_image\" \/>\n<script type=\"application\/ld+json\" class=\"yoast-schema-graph\">{\"@context\":\"https:\/\/schema.org\",\"@graph\":[{\"@type\":\"WebPage\",\"@id\":\"https:\/\/boatsexpert.com\/ro\/produs\/boatbuckle-g2-chinga-retractabila-14-43-inox\/\",\"url\":\"https:\/\/boatsexpert.com\/ro\/produs\/boatbuckle-g2-chinga-retractabila-14-43-inox\/\",\"name\":\"BoatBuckle G2 Chinga Retractabila 14-43\\\" INOX - BoatsExpert\",\"isPartOf\":{\"@id\":\"https:\/\/boatsexpert.com\/ro\/#website\"},\"datePublished\":\"2023-05-24T09:14:21+00:00\",\"dateModified\":\"2023-12-20T10:18:47+00:00\",\"description\":\"Cump\u0103ra\u021bi BoatBuckle Inox \u00een Rom\u00e2nia de la Boats Expert. \u041e gam\u0103 larg\u0103 de accesorii pentru b\u0103rci cu motor cu livrare \u00een toat\u0103 Rom\u00e2nia!\",\"breadcrumb\":{\"@id\":\"https:\/\/boatsexpert.com\/ro\/produs\/boatbuckle-g2-chinga-retractabila-14-43-inox\/#breadcrumb\"},\"inLanguage\":\"ro-RO\",\"potentialAction\":[{\"@type\":\"ReadAction\",\"target\":[\"https:\/\/boatsexpert.com\/ro\/produs\/boatbuckle-g2-chinga-retractabila-14-43-inox\/\"]}]},{\"@type\":\"BreadcrumbList\",\"@id\":\"https:\/\/boatsexpert.com\/ro\/produs\/boatbuckle-g2-chinga-retractabila-14-43-inox\/#breadcrumb\",\"itemListElement\":[{\"@type\":\"ListItem\",\"position\":1,\"name\":\"Home\",\"item\":\"https:\/\/boatsexpert.com\/ro\/\"},{\"@type\":\"ListItem\",\"position\":2,\"name\":\"Shop Online &#8211; cel mai bun magazin pentru echipamente pentru b\u0103rci\",\"item\":\"https:\/\/boatsexpert.com\/ro\/shop-ro\/\"},{\"@type\":\"ListItem\",\"position\":3,\"name\":\"BoatBuckle G2 Chinga Retractabila 14-43&#8243; INOX\"}]},{\"@type\":\"WebSite\",\"@id\":\"https:\/\/boatsexpert.com\/ro\/#website\",\"url\":\"https:\/\/boatsexpert.com\/ro\/\",\"name\":\"BoatsExpert\",\"description\":\"Boats, Service, Equipment\",\"publisher\":{\"@id\":\"https:\/\/boatsexpert.com\/ro\/#organization\"},\"potentialAction\":[{\"@type\":\"SearchAction\",\"target\":{\"@type\":\"EntryPoint\",\"urlTemplate\":\"https:\/\/boatsexpert.com\/ro\/?s={search_term_string}\"},\"query-input\":\"required name=search_term_string\"}],\"inLanguage\":\"ro-RO\"},{\"@type\":\"Organization\",\"@id\":\"https:\/\/boatsexpert.com\/ro\/#organization\",\"name\":\"BoatsExpert\",\"url\":\"https:\/\/boatsexpert.com\/ro\/\",\"logo\":{\"@type\":\"ImageObject\",\"inLanguage\":\"ro-RO\",\"@id\":\"https:\/\/boatsexpert.com\/ro\/#\/schema\/logo\/image\/\",\"url\":\"https:\/\/boatsexpert.com\/wp-content\/uploads\/2023\/05\/white-logo60.svg\",\"contentUrl\":\"https:\/\/boatsexpert.com\/wp-content\/uploads\/2023\/05\/white-logo60.svg\",\"width\":90,\"height\":60,\"caption\":\"BoatsExpert\"},\"image\":{\"@id\":\"https:\/\/boatsexpert.com\/ro\/#\/schema\/logo\/image\/\"}}]}<\/script>\n<!-- \/ Yoast SEO plugin. -->","yoast_head_json":{"title":"BoatBuckle G2 Chinga Retractabila 14-43\" INOX - BoatsExpert","description":"Cump\u0103ra\u021bi BoatBuckle Inox \u00een Rom\u00e2nia de la Boats Expert. \u041e gam\u0103 larg\u0103 de accesorii pentru b\u0103rci cu motor cu livrare \u00een toat\u0103 Rom\u00e2nia!","robots":{"index":"index","follow":"follow","max-snippet":"max-snippet:-1","max-image-preview":"max-image-preview:large","max-video-preview":"max-video-preview:-1"},"canonical":"https:\/\/boatsexpert.com\/ro\/produs\/boatbuckle-g2-chinga-retractabila-14-43-inox\/","og_locale":"ro_RO","og_type":"article","og_title":"BoatBuckle G2 Chinga Retractabila 14-43\" INOX - BoatsExpert","og_description":"Cump\u0103ra\u021bi BoatBuckle Inox \u00een Rom\u00e2nia de la Boats Expert. \u041e gam\u0103 larg\u0103 de accesorii pentru b\u0103rci cu motor cu livrare \u00een toat\u0103 Rom\u00e2nia!","og_url":"https:\/\/boatsexpert.com\/ro\/produs\/boatbuckle-g2-chinga-retractabila-14-43-inox\/","og_site_name":"BoatsExpert","article_modified_time":"2023-12-20T10:18:47+00:00","og_image":[{"width":555,"height":478,"url":"https:\/\/boatsexpert.com\/wp-content\/uploads\/2023\/05\/F14393.jpg","type":"image\/jpeg"}],"twitter_card":"summary_large_image","schema":{"@context":"https:\/\/schema.org","@graph":[{"@type":"WebPage","@id":"https:\/\/boatsexpert.com\/ro\/produs\/boatbuckle-g2-chinga-retractabila-14-43-inox\/","url":"https:\/\/boatsexpert.com\/ro\/produs\/boatbuckle-g2-chinga-retractabila-14-43-inox\/","name":"BoatBuckle G2 Chinga Retractabila 14-43\" INOX - BoatsExpert","isPartOf":{"@id":"https:\/\/boatsexpert.com\/ro\/#website"},"datePublished":"2023-05-24T09:14:21+00:00","dateModified":"2023-12-20T10:18:47+00:00","description":"Cump\u0103ra\u021bi BoatBuckle Inox \u00een Rom\u00e2nia de la Boats Expert. \u041e gam\u0103 larg\u0103 de accesorii pentru b\u0103rci cu motor cu livrare \u00een toat\u0103 Rom\u00e2nia!","breadcrumb":{"@id":"https:\/\/boatsexpert.com\/ro\/produs\/boatbuckle-g2-chinga-retractabila-14-43-inox\/#breadcrumb"},"inLanguage":"ro-RO","potentialAction":[{"@type":"ReadAction","target":["https:\/\/boatsexpert.com\/ro\/produs\/boatbuckle-g2-chinga-retractabila-14-43-inox\/"]}]},{"@type":"BreadcrumbList","@id":"https:\/\/boatsexpert.com\/ro\/produs\/boatbuckle-g2-chinga-retractabila-14-43-inox\/#breadcrumb","itemListElement":[{"@type":"ListItem","position":1,"name":"Home","item":"https:\/\/boatsexpert.com\/ro\/"},{"@type":"ListItem","position":2,"name":"Shop Online &#8211; cel mai bun magazin pentru echipamente pentru b\u0103rci","item":"https:\/\/boatsexpert.com\/ro\/shop-ro\/"},{"@type":"ListItem","position":3,"name":"BoatBuckle G2 Chinga Retractabila 14-43&#8243; INOX"}]},{"@type":"WebSite","@id":"https:\/\/boatsexpert.com\/ro\/#website","url":"https:\/\/boatsexpert.com\/ro\/","name":"BoatsExpert","description":"Boats, Service, Equipment","publisher":{"@id":"https:\/\/boatsexpert.com\/ro\/#organization"},"potentialAction":[{"@type":"SearchAction","target":{"@type":"EntryPoint","urlTemplate":"https:\/\/boatsexpert.com\/ro\/?s={search_term_string}"},"query-input":"required name=search_term_string"}],"inLanguage":"ro-RO"},{"@type":"Organization","@id":"https:\/\/boatsexpert.com\/ro\/#organization","name":"BoatsExpert","url":"https:\/\/boatsexpert.com\/ro\/","logo":{"@type":"ImageObject","inLanguage":"ro-RO","@id":"https:\/\/boatsexpert.com\/ro\/#\/schema\/logo\/image\/","url":"https:\/\/boatsexpert.com\/wp-content\/uploads\/2023\/05\/white-logo60.svg","contentUrl":"https:\/\/boatsexpert.com\/wp-content\/uploads\/2023\/05\/white-logo60.svg","width":90,"height":60,"caption":"BoatsExpert"},"image":{"@id":"https:\/\/boatsexpert.com\/ro\/#\/schema\/logo\/image\/"}}]}},"_links":{"self":[{"href":"https:\/\/boatsexpert.com\/ro\/wp-json\/wp\/v2\/product\/21442","targetHints":{"allow":["GET"]}}],"collection":[{"href":"https:\/\/boatsexpert.com\/ro\/wp-json\/wp\/v2\/product"}],"about":[{"href":"https:\/\/boatsexpert.com\/ro\/wp-json\/wp\/v2\/types\/product"}],"replies":[{"embeddable":true,"href":"https:\/\/boatsexpert.com\/ro\/wp-json\/wp\/v2\/comments?post=21442"}],"version-history":[{"count":13,"href":"https:\/\/boatsexpert.com\/ro\/wp-json\/wp\/v2\/product\/21442\/revisions"}],"predecessor-version":[{"id":27067,"href":"https:\/\/boatsexpert.com\/ro\/wp-json\/wp\/v2\/product\/21442\/revisions\/27067"}],"wp:featuredmedia":[{"embeddable":true,"href":"https:\/\/boatsexpert.com\/ro\/wp-json\/wp\/v2\/media\/21444"}],"wp:attachment":[{"href":"https:\/\/boatsexpert.com\/ro\/wp-json\/wp\/v2\/media?parent=21442"}],"wp:term":[{"taxonomy":"product_brand","embeddable":true,"href":"https:\/\/boatsexpert.com\/ro\/wp-json\/wp\/v2\/product_brand?post=21442"},{"taxonomy":"product_cat","embeddable":true,"href":"https:\/\/boatsexpert.com\/ro\/wp-json\/wp\/v2\/product_cat?post=21442"},{"taxonomy":"product_tag","embeddable":true,"href":"https:\/\/boatsexpert.com\/ro\/wp-json\/wp\/v2\/product_tag?post=21442"}],"curies":[{"name":"wp","href":"https:\/\/api.w.org\/{rel}","templated":true}]}}