{"id":21548,"date":"2023-05-24T14:46:53","date_gmt":"2023-05-24T11:46:54","guid":{"rendered":"https:\/\/boatsexpert.com\/?post_type=product&#038;p=21548"},"modified":"2023-12-20T13:17:39","modified_gmt":"2023-12-20T10:17:39","slug":"boatbuckle-g2-universal-mounting-bracket-copy","status":"publish","type":"product","link":"https:\/\/boatsexpert.com\/ro\/produs\/boatbuckle-g2-universal-mounting-bracket-copy\/","title":{"rendered":"BoatBuckle Tie Down Strap"},"content":{"rendered":"\t\t<div data-elementor-type=\"wp-post\" data-elementor-id=\"21548\" class=\"elementor elementor-21548 elementor-21547\">\n\t\t\t\t\t\t\t\t\t<section class=\"elementor-section elementor-top-section elementor-element elementor-element-20e960c elementor-section-boxed elementor-section-height-default elementor-section-height-default\" data-id=\"20e960c\" data-element_type=\"section\">\n\t\t\t\t\t\t<div class=\"elementor-container elementor-column-gap-default\">\n\t\t\t\t\t<div class=\"elementor-column elementor-col-100 elementor-top-column elementor-element elementor-element-1c57ee0\" data-id=\"1c57ee0\" data-element_type=\"column\">\n\t\t\t<div class=\"elementor-widget-wrap elementor-element-populated\">\n\t\t\t\t\t\t\t\t<div class=\"elementor-element elementor-element-142c0eb elementor-widget elementor-widget-heading\" data-id=\"142c0eb\" data-element_type=\"widget\" data-widget_type=\"heading.default\">\n\t\t\t\t<div class=\"elementor-widget-container\">\n\t\t\t<style>\/*! elementor - v3.12.1 - 02-04-2023 *\/\n.elementor-heading-title{padding:0;margin:0;line-height:1}.elementor-widget-heading .elementor-heading-title[class*=elementor-size-]>a{color:inherit;font-size:inherit;line-height:inherit}.elementor-widget-heading .elementor-heading-title.elementor-size-small{font-size:15px}.elementor-widget-heading .elementor-heading-title.elementor-size-medium{font-size:19px}.elementor-widget-heading .elementor-heading-title.elementor-size-large{font-size:29px}.elementor-widget-heading .elementor-heading-title.elementor-size-xl{font-size:39px}.elementor-widget-heading .elementor-heading-title.elementor-size-xxl{font-size:59px}<\/style><h6 class=\"elementor-heading-title elementor-size-large\">Specificatii<\/h6>\t\t<\/div>\n\t\t\t\t<\/div>\n\t\t\t\t\t<\/div>\n\t\t<\/div>\n\t\t\t\t\t\t\t<\/div>\n\t\t<\/section>\n\t\t\t\t<section class=\"elementor-section elementor-top-section elementor-element elementor-element-d5e570b elementor-section-boxed elementor-section-height-default elementor-section-height-default\" data-id=\"d5e570b\" data-element_type=\"section\">\n\t\t\t\t\t\t<div class=\"elementor-container elementor-column-gap-default\">\n\t\t\t\t\t<div class=\"elementor-column elementor-col-100 elementor-top-column elementor-element elementor-element-7db9773\" data-id=\"7db9773\" data-element_type=\"column\">\n\t\t\t<div class=\"elementor-widget-wrap elementor-element-populated\">\n\t\t\t\t\t\t\t\t<div class=\"elementor-element elementor-element-9d728e9 elementor-widget elementor-widget-text-editor\" data-id=\"9d728e9\" data-element_type=\"widget\" data-widget_type=\"text-editor.default\">\n\t\t\t\t<div class=\"elementor-widget-container\">\n\t\t\t<style>\/*! elementor - v3.12.1 - 02-04-2023 *\/\n.elementor-widget-text-editor.elementor-drop-cap-view-stacked .elementor-drop-cap{background-color:#69727d;color:#fff}.elementor-widget-text-editor.elementor-drop-cap-view-framed .elementor-drop-cap{color:#69727d;border:3px solid;background-color:transparent}.elementor-widget-text-editor:not(.elementor-drop-cap-view-default) .elementor-drop-cap{margin-top:8px}.elementor-widget-text-editor:not(.elementor-drop-cap-view-default) .elementor-drop-cap-letter{width:1em;height:1em}.elementor-widget-text-editor .elementor-drop-cap{float:left;text-align:center;line-height:1;font-size:50px}.elementor-widget-text-editor .elementor-drop-cap-letter{display:inline-block}<\/style>\t\t\t\t<ul class=\"tt-list03\"><li>F18741<\/li><li>1.0\u2033 x 3\u2032<\/li><li>Break Strength: 1,200 lbs.<\/li><li>SWL: 400 lbs.<\/li><\/ul>\t\t\t\t\t\t<\/div>\n\t\t\t\t<\/div>\n\t\t\t\t\t<\/div>\n\t\t<\/div>\n\t\t\t\t\t\t\t<\/div>\n\t\t<\/section>\n\t\t\t\t\t\t\t<\/div>\n\t\t","protected":false},"excerpt":{"rendered":"<p>&nbsp;<\/p>\n<p>The bow tie-down features the same great Pro Series features and a loop end for easy attachment. For maximum trailering safety, IMMI recommends that a bow tie-down always be used in conjunction with a winch strap and transom or gunwale tie-down.<\/p>\n","protected":false},"featured_media":44133,"comment_status":"open","ping_status":"closed","template":"","meta":{"inline_featured_image":false},"product_brand":[],"product_cat":[344,340],"product_tag":[],"class_list":{"0":"post-21548","1":"product","2":"type-product","3":"status-publish","4":"has-post-thumbnail","6":"product_cat-boatbuckle-ro","7":"product_cat-sisteme-de-prindere-ro","8":"tt-post","10":"first","11":"instock","12":"shipping-taxable","13":"purchasable","14":"product-type-simple"},"yoast_head":"<!-- This site is optimized with the Yoast SEO plugin v20.13 - https:\/\/yoast.com\/wordpress\/plugins\/seo\/ -->\n<title>BoatBuckle Tie Down Strap - BoatsExpert<\/title>\n<meta name=\"description\" content=\"Cump\u0103ra\u021bi BoatBuckle \u00een Rom\u00e2nia de la Boats Expert. \u041e gam\u0103 larg\u0103 de accesorii pentru b\u0103rci cu motor cu livrare \u00een toat\u0103 Rom\u00e2nia!\" \/>\n<meta name=\"robots\" content=\"index, follow, max-snippet:-1, max-image-preview:large, max-video-preview:-1\" \/>\n<link rel=\"canonical\" href=\"https:\/\/boatsexpert.com\/ro\/produs\/boatbuckle-g2-universal-mounting-bracket-copy\/\" \/>\n<meta property=\"og:locale\" content=\"ro_RO\" \/>\n<meta property=\"og:type\" content=\"article\" \/>\n<meta property=\"og:title\" content=\"BoatBuckle Tie Down Strap - BoatsExpert\" \/>\n<meta property=\"og:description\" content=\"Cump\u0103ra\u021bi BoatBuckle \u00een Rom\u00e2nia de la Boats Expert. \u041e gam\u0103 larg\u0103 de accesorii pentru b\u0103rci cu motor cu livrare \u00een toat\u0103 Rom\u00e2nia!\" \/>\n<meta property=\"og:url\" content=\"https:\/\/boatsexpert.com\/ro\/produs\/boatbuckle-g2-universal-mounting-bracket-copy\/\" \/>\n<meta property=\"og:site_name\" content=\"BoatsExpert\" \/>\n<meta property=\"article:modified_time\" content=\"2023-12-20T10:17:39+00:00\" \/>\n<meta property=\"og:image\" content=\"https:\/\/boatsexpert.com\/wp-content\/uploads\/2023\/05\/F18741-3.jpg\" \/>\n\t<meta property=\"og:image:width\" content=\"555\" \/>\n\t<meta property=\"og:image:height\" content=\"478\" \/>\n\t<meta property=\"og:image:type\" content=\"image\/jpeg\" \/>\n<meta name=\"twitter:card\" content=\"summary_large_image\" \/>\n<script type=\"application\/ld+json\" class=\"yoast-schema-graph\">{\"@context\":\"https:\/\/schema.org\",\"@graph\":[{\"@type\":\"WebPage\",\"@id\":\"https:\/\/boatsexpert.com\/ro\/produs\/boatbuckle-g2-universal-mounting-bracket-copy\/\",\"url\":\"https:\/\/boatsexpert.com\/ro\/produs\/boatbuckle-g2-universal-mounting-bracket-copy\/\",\"name\":\"BoatBuckle Tie Down Strap - BoatsExpert\",\"isPartOf\":{\"@id\":\"https:\/\/boatsexpert.com\/ro\/#website\"},\"datePublished\":\"2023-05-24T11:46:54+00:00\",\"dateModified\":\"2023-12-20T10:17:39+00:00\",\"description\":\"Cump\u0103ra\u021bi BoatBuckle \u00een Rom\u00e2nia de la Boats Expert. \u041e gam\u0103 larg\u0103 de accesorii pentru b\u0103rci cu motor cu livrare \u00een toat\u0103 Rom\u00e2nia!\",\"breadcrumb\":{\"@id\":\"https:\/\/boatsexpert.com\/ro\/produs\/boatbuckle-g2-universal-mounting-bracket-copy\/#breadcrumb\"},\"inLanguage\":\"ro-RO\",\"potentialAction\":[{\"@type\":\"ReadAction\",\"target\":[\"https:\/\/boatsexpert.com\/ro\/produs\/boatbuckle-g2-universal-mounting-bracket-copy\/\"]}]},{\"@type\":\"BreadcrumbList\",\"@id\":\"https:\/\/boatsexpert.com\/ro\/produs\/boatbuckle-g2-universal-mounting-bracket-copy\/#breadcrumb\",\"itemListElement\":[{\"@type\":\"ListItem\",\"position\":1,\"name\":\"Home\",\"item\":\"https:\/\/boatsexpert.com\/ro\/\"},{\"@type\":\"ListItem\",\"position\":2,\"name\":\"Shop Online &#8211; cel mai bun magazin pentru echipamente pentru b\u0103rci\",\"item\":\"https:\/\/boatsexpert.com\/ro\/shop-ro\/\"},{\"@type\":\"ListItem\",\"position\":3,\"name\":\"BoatBuckle Tie Down Strap\"}]},{\"@type\":\"WebSite\",\"@id\":\"https:\/\/boatsexpert.com\/ro\/#website\",\"url\":\"https:\/\/boatsexpert.com\/ro\/\",\"name\":\"BoatsExpert\",\"description\":\"Boats, Service, Equipment\",\"publisher\":{\"@id\":\"https:\/\/boatsexpert.com\/ro\/#organization\"},\"potentialAction\":[{\"@type\":\"SearchAction\",\"target\":{\"@type\":\"EntryPoint\",\"urlTemplate\":\"https:\/\/boatsexpert.com\/ro\/?s={search_term_string}\"},\"query-input\":\"required name=search_term_string\"}],\"inLanguage\":\"ro-RO\"},{\"@type\":\"Organization\",\"@id\":\"https:\/\/boatsexpert.com\/ro\/#organization\",\"name\":\"BoatsExpert\",\"url\":\"https:\/\/boatsexpert.com\/ro\/\",\"logo\":{\"@type\":\"ImageObject\",\"inLanguage\":\"ro-RO\",\"@id\":\"https:\/\/boatsexpert.com\/ro\/#\/schema\/logo\/image\/\",\"url\":\"https:\/\/boatsexpert.com\/wp-content\/uploads\/2023\/05\/white-logo60.svg\",\"contentUrl\":\"https:\/\/boatsexpert.com\/wp-content\/uploads\/2023\/05\/white-logo60.svg\",\"width\":90,\"height\":60,\"caption\":\"BoatsExpert\"},\"image\":{\"@id\":\"https:\/\/boatsexpert.com\/ro\/#\/schema\/logo\/image\/\"}}]}<\/script>\n<!-- \/ Yoast SEO plugin. -->","yoast_head_json":{"title":"BoatBuckle Tie Down Strap - BoatsExpert","description":"Cump\u0103ra\u021bi BoatBuckle \u00een Rom\u00e2nia de la Boats Expert. \u041e gam\u0103 larg\u0103 de accesorii pentru b\u0103rci cu motor cu livrare \u00een toat\u0103 Rom\u00e2nia!","robots":{"index":"index","follow":"follow","max-snippet":"max-snippet:-1","max-image-preview":"max-image-preview:large","max-video-preview":"max-video-preview:-1"},"canonical":"https:\/\/boatsexpert.com\/ro\/produs\/boatbuckle-g2-universal-mounting-bracket-copy\/","og_locale":"ro_RO","og_type":"article","og_title":"BoatBuckle Tie Down Strap - BoatsExpert","og_description":"Cump\u0103ra\u021bi BoatBuckle \u00een Rom\u00e2nia de la Boats Expert. \u041e gam\u0103 larg\u0103 de accesorii pentru b\u0103rci cu motor cu livrare \u00een toat\u0103 Rom\u00e2nia!","og_url":"https:\/\/boatsexpert.com\/ro\/produs\/boatbuckle-g2-universal-mounting-bracket-copy\/","og_site_name":"BoatsExpert","article_modified_time":"2023-12-20T10:17:39+00:00","og_image":[{"width":555,"height":478,"url":"https:\/\/boatsexpert.com\/wp-content\/uploads\/2023\/05\/F18741-3.jpg","type":"image\/jpeg"}],"twitter_card":"summary_large_image","schema":{"@context":"https:\/\/schema.org","@graph":[{"@type":"WebPage","@id":"https:\/\/boatsexpert.com\/ro\/produs\/boatbuckle-g2-universal-mounting-bracket-copy\/","url":"https:\/\/boatsexpert.com\/ro\/produs\/boatbuckle-g2-universal-mounting-bracket-copy\/","name":"BoatBuckle Tie Down Strap - BoatsExpert","isPartOf":{"@id":"https:\/\/boatsexpert.com\/ro\/#website"},"datePublished":"2023-05-24T11:46:54+00:00","dateModified":"2023-12-20T10:17:39+00:00","description":"Cump\u0103ra\u021bi BoatBuckle \u00een Rom\u00e2nia de la Boats Expert. \u041e gam\u0103 larg\u0103 de accesorii pentru b\u0103rci cu motor cu livrare \u00een toat\u0103 Rom\u00e2nia!","breadcrumb":{"@id":"https:\/\/boatsexpert.com\/ro\/produs\/boatbuckle-g2-universal-mounting-bracket-copy\/#breadcrumb"},"inLanguage":"ro-RO","potentialAction":[{"@type":"ReadAction","target":["https:\/\/boatsexpert.com\/ro\/produs\/boatbuckle-g2-universal-mounting-bracket-copy\/"]}]},{"@type":"BreadcrumbList","@id":"https:\/\/boatsexpert.com\/ro\/produs\/boatbuckle-g2-universal-mounting-bracket-copy\/#breadcrumb","itemListElement":[{"@type":"ListItem","position":1,"name":"Home","item":"https:\/\/boatsexpert.com\/ro\/"},{"@type":"ListItem","position":2,"name":"Shop Online &#8211; cel mai bun magazin pentru echipamente pentru b\u0103rci","item":"https:\/\/boatsexpert.com\/ro\/shop-ro\/"},{"@type":"ListItem","position":3,"name":"BoatBuckle Tie Down Strap"}]},{"@type":"WebSite","@id":"https:\/\/boatsexpert.com\/ro\/#website","url":"https:\/\/boatsexpert.com\/ro\/","name":"BoatsExpert","description":"Boats, Service, Equipment","publisher":{"@id":"https:\/\/boatsexpert.com\/ro\/#organization"},"potentialAction":[{"@type":"SearchAction","target":{"@type":"EntryPoint","urlTemplate":"https:\/\/boatsexpert.com\/ro\/?s={search_term_string}"},"query-input":"required name=search_term_string"}],"inLanguage":"ro-RO"},{"@type":"Organization","@id":"https:\/\/boatsexpert.com\/ro\/#organization","name":"BoatsExpert","url":"https:\/\/boatsexpert.com\/ro\/","logo":{"@type":"ImageObject","inLanguage":"ro-RO","@id":"https:\/\/boatsexpert.com\/ro\/#\/schema\/logo\/image\/","url":"https:\/\/boatsexpert.com\/wp-content\/uploads\/2023\/05\/white-logo60.svg","contentUrl":"https:\/\/boatsexpert.com\/wp-content\/uploads\/2023\/05\/white-logo60.svg","width":90,"height":60,"caption":"BoatsExpert"},"image":{"@id":"https:\/\/boatsexpert.com\/ro\/#\/schema\/logo\/image\/"}}]}},"_links":{"self":[{"href":"https:\/\/boatsexpert.com\/ro\/wp-json\/wp\/v2\/product\/21548","targetHints":{"allow":["GET"]}}],"collection":[{"href":"https:\/\/boatsexpert.com\/ro\/wp-json\/wp\/v2\/product"}],"about":[{"href":"https:\/\/boatsexpert.com\/ro\/wp-json\/wp\/v2\/types\/product"}],"replies":[{"embeddable":true,"href":"https:\/\/boatsexpert.com\/ro\/wp-json\/wp\/v2\/comments?post=21548"}],"version-history":[{"count":5,"href":"https:\/\/boatsexpert.com\/ro\/wp-json\/wp\/v2\/product\/21548\/revisions"}],"predecessor-version":[{"id":22922,"href":"https:\/\/boatsexpert.com\/ro\/wp-json\/wp\/v2\/product\/21548\/revisions\/22922"}],"wp:featuredmedia":[{"embeddable":true,"href":"https:\/\/boatsexpert.com\/ro\/wp-json\/wp\/v2\/media\/44133"}],"wp:attachment":[{"href":"https:\/\/boatsexpert.com\/ro\/wp-json\/wp\/v2\/media?parent=21548"}],"wp:term":[{"taxonomy":"product_brand","embeddable":true,"href":"https:\/\/boatsexpert.com\/ro\/wp-json\/wp\/v2\/product_brand?post=21548"},{"taxonomy":"product_cat","embeddable":true,"href":"https:\/\/boatsexpert.com\/ro\/wp-json\/wp\/v2\/product_cat?post=21548"},{"taxonomy":"product_tag","embeddable":true,"href":"https:\/\/boatsexpert.com\/ro\/wp-json\/wp\/v2\/product_tag?post=21548"}],"curies":[{"name":"wp","href":"https:\/\/api.w.org\/{rel}","templated":true}]}}