{"id":24724,"date":"2023-08-09T15:20:39","date_gmt":"2023-08-09T12:20:39","guid":{"rendered":"https:\/\/boatsexpert.com\/?post_type=product&#038;p=24724"},"modified":"2024-02-26T12:54:07","modified_gmt":"2024-02-26T09:54:07","slug":"seastar-hidraulic-jackplate-powerlift-10%e2%80%b3-xtreme-ver-jp5100x","status":"publish","type":"product","link":"https:\/\/boatsexpert.com\/ro\/produs\/seastar-hidraulic-jackplate-powerlift-10%e2%80%b3-xtreme-ver-jp5100x\/","title":{"rendered":"Seastar hidraulic Jackplate powerlift, 10\u2033 Xtreme ver. JP5100X"},"content":{"rendered":"\t\t<div data-elementor-type=\"wp-post\" data-elementor-id=\"24724\" class=\"elementor elementor-24724 elementor-24723\">\n\t\t\t\t\t\t\t\t\t<section class=\"elementor-section elementor-top-section elementor-element elementor-element-aa707b9 elementor-section-boxed elementor-section-height-default elementor-section-height-default\" data-id=\"aa707b9\" data-element_type=\"section\">\n\t\t\t\t\t\t<div class=\"elementor-container elementor-column-gap-default\">\n\t\t\t\t\t<div class=\"elementor-column elementor-col-100 elementor-top-column elementor-element elementor-element-b0a154d\" data-id=\"b0a154d\" data-element_type=\"column\">\n\t\t\t<div class=\"elementor-widget-wrap elementor-element-populated\">\n\t\t\t\t\t\t\t\t<div class=\"elementor-element elementor-element-9c8b9ab elementor-widget elementor-widget-heading\" data-id=\"9c8b9ab\" data-element_type=\"widget\" data-widget_type=\"heading.default\">\n\t\t\t\t<div class=\"elementor-widget-container\">\n\t\t\t<style>\/*! elementor - v3.12.1 - 02-04-2023 *\/\n.elementor-heading-title{padding:0;margin:0;line-height:1}.elementor-widget-heading .elementor-heading-title[class*=elementor-size-]>a{color:inherit;font-size:inherit;line-height:inherit}.elementor-widget-heading .elementor-heading-title.elementor-size-small{font-size:15px}.elementor-widget-heading .elementor-heading-title.elementor-size-medium{font-size:19px}.elementor-widget-heading .elementor-heading-title.elementor-size-large{font-size:29px}.elementor-widget-heading .elementor-heading-title.elementor-size-xl{font-size:39px}.elementor-widget-heading .elementor-heading-title.elementor-size-xxl{font-size:59px}<\/style><h3 class=\"elementor-heading-title elementor-size-default\">Toate modelele:<\/h3>\t\t<\/div>\n\t\t\t\t<\/div>\n\t\t\t\t\t<\/div>\n\t\t<\/div>\n\t\t\t\t\t\t\t<\/div>\n\t\t<\/section>\n\t\t\t\t<section class=\"elementor-section elementor-top-section elementor-element elementor-element-816fa6a elementor-section-boxed elementor-section-height-default elementor-section-height-default\" data-id=\"816fa6a\" data-element_type=\"section\">\n\t\t\t\t\t\t<div class=\"elementor-container elementor-column-gap-default\">\n\t\t\t\t\t<div class=\"elementor-column elementor-col-100 elementor-top-column elementor-element elementor-element-0d78c4f\" data-id=\"0d78c4f\" data-element_type=\"column\">\n\t\t\t<div class=\"elementor-widget-wrap elementor-element-populated\">\n\t\t\t\t\t\t\t\t<div class=\"elementor-element elementor-element-0c7fee9 elementor-widget elementor-widget-text-editor\" data-id=\"0c7fee9\" data-element_type=\"widget\" data-widget_type=\"text-editor.default\">\n\t\t\t\t<div class=\"elementor-widget-container\">\n\t\t\t<style>\/*! elementor - v3.12.1 - 02-04-2023 *\/\n.elementor-widget-text-editor.elementor-drop-cap-view-stacked .elementor-drop-cap{background-color:#69727d;color:#fff}.elementor-widget-text-editor.elementor-drop-cap-view-framed .elementor-drop-cap{color:#69727d;border:3px solid;background-color:transparent}.elementor-widget-text-editor:not(.elementor-drop-cap-view-default) .elementor-drop-cap{margin-top:8px}.elementor-widget-text-editor:not(.elementor-drop-cap-view-default) .elementor-drop-cap-letter{width:1em;height:1em}.elementor-widget-text-editor .elementor-drop-cap{float:left;text-align:center;line-height:1;font-size:50px}.elementor-widget-text-editor .elementor-drop-cap-letter{display:inline-block}<\/style>\t\t\t\t<table style=\"width: 100%\">\n<tbody>\n<tr>\n<td>JP5040X<\/td>\n<td><a href=\"https:\/\/boatsexpert.com\/ro\/produs\/seastar-hidraulic-jackplate-powerlift-4-xtreme-ver-jp5040x\/\">Seastar hidraulic Jackplate powerlift, 4\u2033 Xtreme ver.<\/a><\/td>\n<\/tr>\n<tr>\n<td>JP5060X<\/td>\n<td><a href=\"https:\/\/boatsexpert.com\/ro\/produs\/seastar-hidraulic-jackplate-powerlift-6%e2%80%b3-xtreme-ver-jp5060x\/\">Seastar hidraulic Jackplate powerlift, 6\u2033 Xtreme ver.<\/a><\/td>\n<\/tr>\n<tr>\n<td>JP5080X<\/td>\n<td><a href=\"https:\/\/boatsexpert.com\/ro\/produs\/seastar-hidraulic-jackplate-powerlift-8%e2%80%b3-xtreme-ver-jp5080x\/\">Seastar hidraulic Jackplate powerlift, 8\u2033 Xtreme ver.<\/a><\/td>\n<\/tr>\n<tr>\n<td>JP5100X<\/td>\n<td><a href=\"https:\/\/boatsexpert.com\/ro\/produs\/seastar-hidraulic-jackplate-powerlift-10%e2%80%b3-xtreme-ver-jp5100x\/\">Seastar hidraulic Jackplate powerlift, 10\u2033 Xtreme ver.<\/a><\/td>\n<\/tr>\n<tr>\n<td>JP5120X<\/td>\n<td><a href=\"https:\/\/boatsexpert.com\/ro\/produs\/seastar-hidraulic-jackplate-powerlift-12%e2%80%b3-xtreme-ver-jp5120x\/\">Seastar hidraulic Jackplate powerlift, 12\u2033 Xtreme ver.<\/a><\/td>\n<\/tr>\n<\/tbody>\n<\/table>\t\t\t\t\t\t<\/div>\n\t\t\t\t<\/div>\n\t\t\t\t\t<\/div>\n\t\t<\/div>\n\t\t\t\t\t\t\t<\/div>\n\t\t<\/section>\n\t\t\t\t\t\t\t<\/div>\n\t\t","protected":false},"excerpt":{"rendered":"<p>&nbsp;<\/p>\n<p>Pentru motoare de p\u00e2n\u0103 la 400 CP<br \/>\nJP5100X Seastar Electro hidraulic Jack Plate powerlift, 10&#8243; set-back Extreme incl. kit anod de aluminiu<\/p>\n<p>Caracteristici:<\/p>\n<ul class=\"tt-list03\">\n<li>Manevreaz\u0103 cu u\u0219urin\u021b\u0103 motoare de p\u00e2n\u0103 la 400 CP<\/li>\n<li>Reac\u021bie hidraulic\u0103 rapid\u0103 \u00een 8,5 secunde<\/li>\n<li>Deplaseaz\u0103 cu u\u0219urin\u021b\u0103 motorul \u00een sus sau \u00een jos cu o trac\u021biune complet\u0103<\/li>\n<li>Func\u021bionare lin\u0103<\/li>\n<li>Acces facil la \u0219uruburile motorului cu chei din lateral<\/li>\n<li>Compatibil cu Talon si Power Pole<\/li>\n<\/ul>\n","protected":false},"featured_media":24843,"comment_status":"open","ping_status":"closed","template":"","meta":{"inline_featured_image":false},"product_brand":[],"product_cat":[380],"product_tag":[],"class_list":{"0":"post-24724","1":"product","2":"type-product","3":"status-publish","4":"has-post-thumbnail","6":"product_cat-motoare-termice-powerlift","7":"tt-post","9":"first","10":"instock","11":"sale","12":"shipping-taxable","13":"purchasable","14":"product-type-simple"},"yoast_head":"<!-- This site is optimized with the Yoast SEO plugin v20.13 - https:\/\/yoast.com\/wordpress\/plugins\/seo\/ -->\n<title>Seastar hidraulic Jackplate powerlift, 10\u2033 Xtreme ver. JP5100X - BoatsExpert<\/title>\n<meta name=\"description\" content=\"JP5100X Seastar Electro hidraulic Jack Plate powerlift. Disponibil pentru comand\u0103 \u0219i instalare la Boats Expert\" \/>\n<meta name=\"robots\" content=\"index, follow, max-snippet:-1, max-image-preview:large, max-video-preview:-1\" \/>\n<link rel=\"canonical\" href=\"https:\/\/boatsexpert.com\/ro\/produs\/seastar-hidraulic-jackplate-powerlift-10%e2%80%b3-xtreme-ver-jp5100x\/\" \/>\n<meta property=\"og:locale\" content=\"ro_RO\" \/>\n<meta property=\"og:type\" content=\"article\" \/>\n<meta property=\"og:title\" content=\"Seastar hidraulic Jackplate powerlift, 10\u2033 Xtreme ver. JP5100X - BoatsExpert\" \/>\n<meta property=\"og:description\" content=\"JP5100X Seastar Electro hidraulic Jack Plate powerlift. Disponibil pentru comand\u0103 \u0219i instalare la Boats Expert\" \/>\n<meta property=\"og:url\" content=\"https:\/\/boatsexpert.com\/ro\/produs\/seastar-hidraulic-jackplate-powerlift-10%e2%80%b3-xtreme-ver-jp5100x\/\" \/>\n<meta property=\"og:site_name\" content=\"BoatsExpert\" \/>\n<meta property=\"article:modified_time\" content=\"2024-02-26T09:54:07+00:00\" \/>\n<meta property=\"og:image\" content=\"https:\/\/boatsexpert.com\/wp-content\/uploads\/2023\/08\/JP5100X.png\" \/>\n\t<meta property=\"og:image:width\" content=\"555\" \/>\n\t<meta property=\"og:image:height\" content=\"478\" \/>\n\t<meta property=\"og:image:type\" content=\"image\/png\" \/>\n<meta name=\"twitter:card\" content=\"summary_large_image\" \/>\n<script type=\"application\/ld+json\" class=\"yoast-schema-graph\">{\"@context\":\"https:\/\/schema.org\",\"@graph\":[{\"@type\":\"WebPage\",\"@id\":\"https:\/\/boatsexpert.com\/ro\/produs\/seastar-hidraulic-jackplate-powerlift-10%e2%80%b3-xtreme-ver-jp5100x\/\",\"url\":\"https:\/\/boatsexpert.com\/ro\/produs\/seastar-hidraulic-jackplate-powerlift-10%e2%80%b3-xtreme-ver-jp5100x\/\",\"name\":\"Seastar hidraulic Jackplate powerlift, 10\u2033 Xtreme ver. JP5100X - BoatsExpert\",\"isPartOf\":{\"@id\":\"https:\/\/boatsexpert.com\/ro\/#website\"},\"datePublished\":\"2023-08-09T12:20:39+00:00\",\"dateModified\":\"2024-02-26T09:54:07+00:00\",\"description\":\"JP5100X Seastar Electro hidraulic Jack Plate powerlift. Disponibil pentru comand\u0103 \u0219i instalare la Boats Expert\",\"breadcrumb\":{\"@id\":\"https:\/\/boatsexpert.com\/ro\/produs\/seastar-hidraulic-jackplate-powerlift-10%e2%80%b3-xtreme-ver-jp5100x\/#breadcrumb\"},\"inLanguage\":\"ro-RO\",\"potentialAction\":[{\"@type\":\"ReadAction\",\"target\":[\"https:\/\/boatsexpert.com\/ro\/produs\/seastar-hidraulic-jackplate-powerlift-10%e2%80%b3-xtreme-ver-jp5100x\/\"]}]},{\"@type\":\"BreadcrumbList\",\"@id\":\"https:\/\/boatsexpert.com\/ro\/produs\/seastar-hidraulic-jackplate-powerlift-10%e2%80%b3-xtreme-ver-jp5100x\/#breadcrumb\",\"itemListElement\":[{\"@type\":\"ListItem\",\"position\":1,\"name\":\"Home\",\"item\":\"https:\/\/boatsexpert.com\/ro\/\"},{\"@type\":\"ListItem\",\"position\":2,\"name\":\"Shop Online &#8211; cel mai bun magazin pentru echipamente pentru b\u0103rci\",\"item\":\"https:\/\/boatsexpert.com\/ro\/shop-ro\/\"},{\"@type\":\"ListItem\",\"position\":3,\"name\":\"Seastar hidraulic Jackplate powerlift, 10\u2033 Xtreme ver. JP5100X\"}]},{\"@type\":\"WebSite\",\"@id\":\"https:\/\/boatsexpert.com\/ro\/#website\",\"url\":\"https:\/\/boatsexpert.com\/ro\/\",\"name\":\"BoatsExpert\",\"description\":\"Boats, Service, Equipment\",\"publisher\":{\"@id\":\"https:\/\/boatsexpert.com\/ro\/#organization\"},\"potentialAction\":[{\"@type\":\"SearchAction\",\"target\":{\"@type\":\"EntryPoint\",\"urlTemplate\":\"https:\/\/boatsexpert.com\/ro\/?s={search_term_string}\"},\"query-input\":\"required name=search_term_string\"}],\"inLanguage\":\"ro-RO\"},{\"@type\":\"Organization\",\"@id\":\"https:\/\/boatsexpert.com\/ro\/#organization\",\"name\":\"BoatsExpert\",\"url\":\"https:\/\/boatsexpert.com\/ro\/\",\"logo\":{\"@type\":\"ImageObject\",\"inLanguage\":\"ro-RO\",\"@id\":\"https:\/\/boatsexpert.com\/ro\/#\/schema\/logo\/image\/\",\"url\":\"https:\/\/boatsexpert.com\/wp-content\/uploads\/2023\/05\/white-logo60.svg\",\"contentUrl\":\"https:\/\/boatsexpert.com\/wp-content\/uploads\/2023\/05\/white-logo60.svg\",\"width\":90,\"height\":60,\"caption\":\"BoatsExpert\"},\"image\":{\"@id\":\"https:\/\/boatsexpert.com\/ro\/#\/schema\/logo\/image\/\"}}]}<\/script>\n<!-- \/ Yoast SEO plugin. -->","yoast_head_json":{"title":"Seastar hidraulic Jackplate powerlift, 10\u2033 Xtreme ver. JP5100X - BoatsExpert","description":"JP5100X Seastar Electro hidraulic Jack Plate powerlift. Disponibil pentru comand\u0103 \u0219i instalare la Boats Expert","robots":{"index":"index","follow":"follow","max-snippet":"max-snippet:-1","max-image-preview":"max-image-preview:large","max-video-preview":"max-video-preview:-1"},"canonical":"https:\/\/boatsexpert.com\/ro\/produs\/seastar-hidraulic-jackplate-powerlift-10%e2%80%b3-xtreme-ver-jp5100x\/","og_locale":"ro_RO","og_type":"article","og_title":"Seastar hidraulic Jackplate powerlift, 10\u2033 Xtreme ver. JP5100X - BoatsExpert","og_description":"JP5100X Seastar Electro hidraulic Jack Plate powerlift. Disponibil pentru comand\u0103 \u0219i instalare la Boats Expert","og_url":"https:\/\/boatsexpert.com\/ro\/produs\/seastar-hidraulic-jackplate-powerlift-10%e2%80%b3-xtreme-ver-jp5100x\/","og_site_name":"BoatsExpert","article_modified_time":"2024-02-26T09:54:07+00:00","og_image":[{"width":555,"height":478,"url":"https:\/\/boatsexpert.com\/wp-content\/uploads\/2023\/08\/JP5100X.png","type":"image\/png"}],"twitter_card":"summary_large_image","schema":{"@context":"https:\/\/schema.org","@graph":[{"@type":"WebPage","@id":"https:\/\/boatsexpert.com\/ro\/produs\/seastar-hidraulic-jackplate-powerlift-10%e2%80%b3-xtreme-ver-jp5100x\/","url":"https:\/\/boatsexpert.com\/ro\/produs\/seastar-hidraulic-jackplate-powerlift-10%e2%80%b3-xtreme-ver-jp5100x\/","name":"Seastar hidraulic Jackplate powerlift, 10\u2033 Xtreme ver. JP5100X - BoatsExpert","isPartOf":{"@id":"https:\/\/boatsexpert.com\/ro\/#website"},"datePublished":"2023-08-09T12:20:39+00:00","dateModified":"2024-02-26T09:54:07+00:00","description":"JP5100X Seastar Electro hidraulic Jack Plate powerlift. Disponibil pentru comand\u0103 \u0219i instalare la Boats Expert","breadcrumb":{"@id":"https:\/\/boatsexpert.com\/ro\/produs\/seastar-hidraulic-jackplate-powerlift-10%e2%80%b3-xtreme-ver-jp5100x\/#breadcrumb"},"inLanguage":"ro-RO","potentialAction":[{"@type":"ReadAction","target":["https:\/\/boatsexpert.com\/ro\/produs\/seastar-hidraulic-jackplate-powerlift-10%e2%80%b3-xtreme-ver-jp5100x\/"]}]},{"@type":"BreadcrumbList","@id":"https:\/\/boatsexpert.com\/ro\/produs\/seastar-hidraulic-jackplate-powerlift-10%e2%80%b3-xtreme-ver-jp5100x\/#breadcrumb","itemListElement":[{"@type":"ListItem","position":1,"name":"Home","item":"https:\/\/boatsexpert.com\/ro\/"},{"@type":"ListItem","position":2,"name":"Shop Online &#8211; cel mai bun magazin pentru echipamente pentru b\u0103rci","item":"https:\/\/boatsexpert.com\/ro\/shop-ro\/"},{"@type":"ListItem","position":3,"name":"Seastar hidraulic Jackplate powerlift, 10\u2033 Xtreme ver. JP5100X"}]},{"@type":"WebSite","@id":"https:\/\/boatsexpert.com\/ro\/#website","url":"https:\/\/boatsexpert.com\/ro\/","name":"BoatsExpert","description":"Boats, Service, Equipment","publisher":{"@id":"https:\/\/boatsexpert.com\/ro\/#organization"},"potentialAction":[{"@type":"SearchAction","target":{"@type":"EntryPoint","urlTemplate":"https:\/\/boatsexpert.com\/ro\/?s={search_term_string}"},"query-input":"required name=search_term_string"}],"inLanguage":"ro-RO"},{"@type":"Organization","@id":"https:\/\/boatsexpert.com\/ro\/#organization","name":"BoatsExpert","url":"https:\/\/boatsexpert.com\/ro\/","logo":{"@type":"ImageObject","inLanguage":"ro-RO","@id":"https:\/\/boatsexpert.com\/ro\/#\/schema\/logo\/image\/","url":"https:\/\/boatsexpert.com\/wp-content\/uploads\/2023\/05\/white-logo60.svg","contentUrl":"https:\/\/boatsexpert.com\/wp-content\/uploads\/2023\/05\/white-logo60.svg","width":90,"height":60,"caption":"BoatsExpert"},"image":{"@id":"https:\/\/boatsexpert.com\/ro\/#\/schema\/logo\/image\/"}}]}},"_links":{"self":[{"href":"https:\/\/boatsexpert.com\/ro\/wp-json\/wp\/v2\/product\/24724","targetHints":{"allow":["GET"]}}],"collection":[{"href":"https:\/\/boatsexpert.com\/ro\/wp-json\/wp\/v2\/product"}],"about":[{"href":"https:\/\/boatsexpert.com\/ro\/wp-json\/wp\/v2\/types\/product"}],"replies":[{"embeddable":true,"href":"https:\/\/boatsexpert.com\/ro\/wp-json\/wp\/v2\/comments?post=24724"}],"version-history":[{"count":17,"href":"https:\/\/boatsexpert.com\/ro\/wp-json\/wp\/v2\/product\/24724\/revisions"}],"predecessor-version":[{"id":28192,"href":"https:\/\/boatsexpert.com\/ro\/wp-json\/wp\/v2\/product\/24724\/revisions\/28192"}],"wp:featuredmedia":[{"embeddable":true,"href":"https:\/\/boatsexpert.com\/ro\/wp-json\/wp\/v2\/media\/24843"}],"wp:attachment":[{"href":"https:\/\/boatsexpert.com\/ro\/wp-json\/wp\/v2\/media?parent=24724"}],"wp:term":[{"taxonomy":"product_brand","embeddable":true,"href":"https:\/\/boatsexpert.com\/ro\/wp-json\/wp\/v2\/product_brand?post=24724"},{"taxonomy":"product_cat","embeddable":true,"href":"https:\/\/boatsexpert.com\/ro\/wp-json\/wp\/v2\/product_cat?post=24724"},{"taxonomy":"product_tag","embeddable":true,"href":"https:\/\/boatsexpert.com\/ro\/wp-json\/wp\/v2\/product_tag?post=24724"}],"curies":[{"name":"wp","href":"https:\/\/api.w.org\/{rel}","templated":true}]}}