{"id":26000,"date":"2023-09-28T13:03:55","date_gmt":"2023-09-28T10:03:55","guid":{"rendered":"https:\/\/boatsexpert.com\/?post_type=product&#038;p=26000"},"modified":"2023-09-30T21:15:44","modified_gmt":"2023-09-30T18:15:44","slug":"ultimatron-lifepo4-baterie-litiu-12-8v-180ah-2","status":"publish","type":"product","link":"https:\/\/boatsexpert.com\/ro\/produs\/ultimatron-lifepo4-baterie-litiu-12-8v-180ah-2\/","title":{"rendered":"Ultimatron LiFePO4 Baterie litiu 12.8V 180Ah cu \u00eenc\u0103lzitor"},"content":{"rendered":"\t\t<div data-elementor-type=\"wp-post\" data-elementor-id=\"26000\" class=\"elementor elementor-26000 elementor-25999\">\n\t\t\t\t\t\t\t\t\t<section class=\"elementor-section elementor-top-section elementor-element elementor-element-4982a7b elementor-section-boxed elementor-section-height-default elementor-section-height-default\" data-id=\"4982a7b\" data-element_type=\"section\">\n\t\t\t\t\t\t<div class=\"elementor-container elementor-column-gap-default\">\n\t\t\t\t\t<div class=\"elementor-column elementor-col-100 elementor-top-column elementor-element elementor-element-128d37d\" data-id=\"128d37d\" data-element_type=\"column\">\n\t\t\t<div class=\"elementor-widget-wrap elementor-element-populated\">\n\t\t\t\t\t\t\t\t<div class=\"elementor-element elementor-element-90a45d3 elementor-widget elementor-widget-heading\" data-id=\"90a45d3\" data-element_type=\"widget\" data-widget_type=\"heading.default\">\n\t\t\t\t<div class=\"elementor-widget-container\">\n\t\t\t<style>\/*! elementor - v3.12.1 - 02-04-2023 *\/\n.elementor-heading-title{padding:0;margin:0;line-height:1}.elementor-widget-heading .elementor-heading-title[class*=elementor-size-]>a{color:inherit;font-size:inherit;line-height:inherit}.elementor-widget-heading .elementor-heading-title.elementor-size-small{font-size:15px}.elementor-widget-heading .elementor-heading-title.elementor-size-medium{font-size:19px}.elementor-widget-heading .elementor-heading-title.elementor-size-large{font-size:29px}.elementor-widget-heading .elementor-heading-title.elementor-size-xl{font-size:39px}.elementor-widget-heading .elementor-heading-title.elementor-size-xxl{font-size:59px}<\/style><h6 class=\"elementor-heading-title elementor-size-large\">Descriere<\/h6>\t\t<\/div>\n\t\t\t\t<\/div>\n\t\t\t\t\t<\/div>\n\t\t<\/div>\n\t\t\t\t\t\t\t<\/div>\n\t\t<\/section>\n\t\t\t\t<section class=\"elementor-section elementor-top-section elementor-element elementor-element-3062cf6 elementor-section-boxed elementor-section-height-default elementor-section-height-default\" data-id=\"3062cf6\" data-element_type=\"section\">\n\t\t\t\t\t\t<div class=\"elementor-container elementor-column-gap-default\">\n\t\t\t\t\t<div class=\"elementor-column elementor-col-100 elementor-top-column elementor-element elementor-element-f0fe8c1\" data-id=\"f0fe8c1\" data-element_type=\"column\">\n\t\t\t<div class=\"elementor-widget-wrap elementor-element-populated\">\n\t\t\t\t\t\t\t\t<div class=\"elementor-element elementor-element-192cd0c elementor-widget elementor-widget-text-editor\" data-id=\"192cd0c\" data-element_type=\"widget\" data-widget_type=\"text-editor.default\">\n\t\t\t\t<div class=\"elementor-widget-container\">\n\t\t\t<style>\/*! elementor - v3.12.1 - 02-04-2023 *\/\n.elementor-widget-text-editor.elementor-drop-cap-view-stacked .elementor-drop-cap{background-color:#69727d;color:#fff}.elementor-widget-text-editor.elementor-drop-cap-view-framed .elementor-drop-cap{color:#69727d;border:3px solid;background-color:transparent}.elementor-widget-text-editor:not(.elementor-drop-cap-view-default) .elementor-drop-cap{margin-top:8px}.elementor-widget-text-editor:not(.elementor-drop-cap-view-default) .elementor-drop-cap-letter{width:1em;height:1em}.elementor-widget-text-editor .elementor-drop-cap{float:left;text-align:center;line-height:1;font-size:50px}.elementor-widget-text-editor .elementor-drop-cap-letter{display:inline-block}<\/style>\t\t\t\t<p align=\"center\"><strong><span class=\"\">Our lithium iron phosphate (LiFePO4) batteries offer many advantages over traditional batteries:<\/span><\/strong><\/p>\n\n<ul class=\"tt-list03\">\n \t<li>5-year manufacturer&#8217;s warrantyThe safest technology, with no risk of fire or explosion<\/li>\n \t<li>A long life<\/li>\n \t<li>Constantly improving storage capacity<\/li>\n \t<li>High stability even under extreme loads<\/li>\n \t<li>No memory effect, no need for full charge and discharge cycles<\/li>\n \t<li>High performance even under extreme conditions<\/li>\n \t<li>Deep, constant discharge and charging efficiency<\/li>\n \t<li>Small size and light weight<\/li>\n<\/ul>\n<br>\n<p align=\"center\"><strong>The integrated battery management system (BMS)<\/strong>\n<ul class=\"tt-list03\">\n \t<li>To allow the control and charging of the various elements of an accumulator and to protect it against overloads, overvoltages and overheating.<\/li>\n<\/ul>\n<br>\n<p align=\"center\"><strong>Built-in Bluetooth 4.0 monitoring<\/strong>\n<ul class=\"tt-list03\">\n \t<li>You always have all important battery data on your smartphone or tablet.\u00a0The app displays real-time data.<\/li>\n<\/ul>\t\t\t\t\t\t<\/div>\n\t\t\t\t<\/div>\n\t\t\t\t\t<\/div>\n\t\t<\/div>\n\t\t\t\t\t\t\t<\/div>\n\t\t<\/section>\n\t\t\t\t<section class=\"elementor-section elementor-top-section elementor-element elementor-element-d257f47 elementor-section-boxed elementor-section-height-default elementor-section-height-default\" data-id=\"d257f47\" data-element_type=\"section\">\n\t\t\t\t\t\t<div class=\"elementor-container elementor-column-gap-default\">\n\t\t\t\t\t<div class=\"elementor-column elementor-col-100 elementor-top-column elementor-element elementor-element-08d16b8\" data-id=\"08d16b8\" data-element_type=\"column\">\n\t\t\t<div class=\"elementor-widget-wrap elementor-element-populated\">\n\t\t\t\t\t\t\t\t<div class=\"elementor-element elementor-element-d647cba elementor-widget elementor-widget-text-editor\" data-id=\"d647cba\" data-element_type=\"widget\" data-widget_type=\"text-editor.default\">\n\t\t\t\t<div class=\"elementor-widget-container\">\n\t\t\t\t\t\t\t<p><br \/><br \/><\/p>\t\t\t\t\t\t<\/div>\n\t\t\t\t<\/div>\n\t\t\t\t\t<\/div>\n\t\t<\/div>\n\t\t\t\t\t\t\t<\/div>\n\t\t<\/section>\n\t\t\t\t<section class=\"elementor-section elementor-top-section elementor-element elementor-element-1c6dfe6 elementor-section-boxed elementor-section-height-default elementor-section-height-default\" data-id=\"1c6dfe6\" data-element_type=\"section\">\n\t\t\t\t\t\t<div class=\"elementor-container elementor-column-gap-default\">\n\t\t\t\t\t<div class=\"elementor-column elementor-col-100 elementor-top-column elementor-element elementor-element-25171c8\" data-id=\"25171c8\" data-element_type=\"column\">\n\t\t\t<div class=\"elementor-widget-wrap elementor-element-populated\">\n\t\t\t\t\t\t\t\t<div class=\"elementor-element elementor-element-27cd696 elementor-widget elementor-widget-heading\" data-id=\"27cd696\" data-element_type=\"widget\" data-widget_type=\"heading.default\">\n\t\t\t\t<div class=\"elementor-widget-container\">\n\t\t\t<h6 class=\"elementor-heading-title elementor-size-large\">Specificatii<\/h6>\t\t<\/div>\n\t\t\t\t<\/div>\n\t\t\t\t\t<\/div>\n\t\t<\/div>\n\t\t\t\t\t\t\t<\/div>\n\t\t<\/section>\n\t\t\t\t<section class=\"elementor-section elementor-top-section elementor-element elementor-element-676a9ec elementor-section-boxed elementor-section-height-default elementor-section-height-default\" data-id=\"676a9ec\" data-element_type=\"section\">\n\t\t\t\t\t\t<div class=\"elementor-container elementor-column-gap-default\">\n\t\t\t\t\t<div class=\"elementor-column elementor-col-100 elementor-top-column elementor-element elementor-element-1404388\" data-id=\"1404388\" data-element_type=\"column\">\n\t\t\t<div class=\"elementor-widget-wrap elementor-element-populated\">\n\t\t\t\t\t\t\t\t<div class=\"elementor-element elementor-element-0216e7d elementor-widget elementor-widget-image\" data-id=\"0216e7d\" data-element_type=\"widget\" data-widget_type=\"image.default\">\n\t\t\t\t<div class=\"elementor-widget-container\">\n\t\t\t<style>\/*! elementor - v3.12.1 - 02-04-2023 *\/\n.elementor-widget-image{text-align:center}.elementor-widget-image a{display:inline-block}.elementor-widget-image a img[src$=\".svg\"]{width:48px}.elementor-widget-image img{vertical-align:middle;display:inline-block}<\/style>\t\t\t\t\t\t\t\t\t\t\t\t<img loading=\"lazy\" decoding=\"async\" width=\"860\" height=\"1200\" src=\"https:\/\/boatsexpert.com\/wp-content\/uploads\/2023\/06\/UBL-12-100S_10-1-860x1200.jpg\" class=\"attachment-large size-large wp-image-22963\" alt=\"\" srcset=\"https:\/\/boatsexpert.com\/wp-content\/uploads\/2023\/06\/UBL-12-100S_10-1-860x1200.jpg 860w, https:\/\/boatsexpert.com\/wp-content\/uploads\/2023\/06\/UBL-12-100S_10-1-494x689.jpg 494w, https:\/\/boatsexpert.com\/wp-content\/uploads\/2023\/06\/UBL-12-100S_10-1-107x150.jpg 107w, https:\/\/boatsexpert.com\/wp-content\/uploads\/2023\/06\/UBL-12-100S_10-1-768x1072.jpg 768w, https:\/\/boatsexpert.com\/wp-content\/uploads\/2023\/06\/UBL-12-100S_10-1-1100x1536.jpg 1100w, https:\/\/boatsexpert.com\/wp-content\/uploads\/2023\/06\/UBL-12-100S_10-1-1467x2048.jpg 1467w, https:\/\/boatsexpert.com\/wp-content\/uploads\/2023\/06\/UBL-12-100S_10-1-300x419.jpg 300w, https:\/\/boatsexpert.com\/wp-content\/uploads\/2023\/06\/UBL-12-100S_10-1-1200x1675.jpg 1200w, https:\/\/boatsexpert.com\/wp-content\/uploads\/2023\/06\/UBL-12-100S_10-1.jpg 1834w\" sizes=\"auto, (max-width: 860px) 100vw, 860px\" \/>\t\t\t\t\t\t\t\t\t\t\t\t\t\t\t<\/div>\n\t\t\t\t<\/div>\n\t\t\t\t\t<\/div>\n\t\t<\/div>\n\t\t\t\t\t\t\t<\/div>\n\t\t<\/section>\n\t\t\t\t\t\t\t<\/div>\n\t\t","protected":false},"excerpt":{"rendered":"<p>&nbsp;<\/p>\n<p><strong>Ultimatron LiFePO4 Baterie de litiu 12.8V 180Ah \u0441u Bluetooth \u0219i Smart BMS integrat \u0219i \u00eenc\u0103lzitor<\/strong><\/p>\n<ul class=\"tt-list01\">\n<li>5 Years Warranty<\/li>\n<li>Metal Case<\/li>\n<li>Battery Suitable For UnderSeat Installation<\/li>\n<li>Dimensions (L x W x H) mm: 357*338*152<\/li>\n<li>Weight: 23.7 kg<\/li>\n<\/ul>\n","protected":false},"featured_media":26002,"comment_status":"open","ping_status":"closed","template":"","meta":{"inline_featured_image":false},"product_brand":[],"product_cat":[376,85],"product_tag":[],"class_list":{"0":"post-26000","1":"product","2":"type-product","3":"status-publish","4":"has-post-thumbnail","6":"product_cat-ultimatron-baterii","7":"product_cat-baterii-ro","8":"tt-post","10":"first","11":"instock","12":"shipping-taxable","13":"purchasable","14":"product-type-simple"},"yoast_head":"<!-- This site is optimized with the Yoast SEO plugin v20.13 - https:\/\/yoast.com\/wordpress\/plugins\/seo\/ -->\n<title>Ultimatron LiFePO4 Baterie litiu 12.8V 180Ah cu \u00eenc\u0103lzitor - BoatsExpert<\/title>\n<meta name=\"description\" content=\"Ultimatron LiFePO4 Baterie de litiu 12.8V 180Ah \u0441u Bluetooth \u0219i Smart BMS integrat \u0219i \u00eenc\u0103lzitor. Disponibil pentru comand\u0103 \u0219i instalare la Boats Expert.\" \/>\n<meta name=\"robots\" content=\"index, follow, max-snippet:-1, max-image-preview:large, max-video-preview:-1\" \/>\n<link rel=\"canonical\" href=\"https:\/\/boatsexpert.com\/ro\/produs\/ultimatron-lifepo4-baterie-litiu-12-8v-180ah-2\/\" \/>\n<meta property=\"og:locale\" content=\"ro_RO\" \/>\n<meta property=\"og:type\" content=\"article\" \/>\n<meta property=\"og:title\" content=\"Ultimatron LiFePO4 Baterie litiu 12.8V 180Ah cu \u00eenc\u0103lzitor - BoatsExpert\" \/>\n<meta property=\"og:description\" content=\"Ultimatron LiFePO4 Baterie de litiu 12.8V 180Ah \u0441u Bluetooth \u0219i Smart BMS integrat \u0219i \u00eenc\u0103lzitor. Disponibil pentru comand\u0103 \u0219i instalare la Boats Expert.\" \/>\n<meta property=\"og:url\" content=\"https:\/\/boatsexpert.com\/ro\/produs\/ultimatron-lifepo4-baterie-litiu-12-8v-180ah-2\/\" \/>\n<meta property=\"og:site_name\" content=\"BoatsExpert\" \/>\n<meta property=\"article:modified_time\" content=\"2023-09-30T18:15:44+00:00\" \/>\n<meta property=\"og:image\" content=\"https:\/\/boatsexpert.com\/wp-content\/uploads\/2023\/09\/ULM-12-180H.jpg\" \/>\n\t<meta property=\"og:image:width\" content=\"555\" \/>\n\t<meta property=\"og:image:height\" content=\"478\" \/>\n\t<meta property=\"og:image:type\" content=\"image\/jpeg\" \/>\n<meta name=\"twitter:card\" content=\"summary_large_image\" \/>\n<meta name=\"twitter:label1\" content=\"Timp estimat pentru citire\" \/>\n\t<meta name=\"twitter:data1\" content=\"1 minut\" \/>\n<script type=\"application\/ld+json\" class=\"yoast-schema-graph\">{\"@context\":\"https:\/\/schema.org\",\"@graph\":[{\"@type\":\"WebPage\",\"@id\":\"https:\/\/boatsexpert.com\/ro\/produs\/ultimatron-lifepo4-baterie-litiu-12-8v-180ah-2\/\",\"url\":\"https:\/\/boatsexpert.com\/ro\/produs\/ultimatron-lifepo4-baterie-litiu-12-8v-180ah-2\/\",\"name\":\"Ultimatron LiFePO4 Baterie litiu 12.8V 180Ah cu \u00eenc\u0103lzitor - BoatsExpert\",\"isPartOf\":{\"@id\":\"https:\/\/boatsexpert.com\/ro\/#website\"},\"datePublished\":\"2023-09-28T10:03:55+00:00\",\"dateModified\":\"2023-09-30T18:15:44+00:00\",\"description\":\"Ultimatron LiFePO4 Baterie de litiu 12.8V 180Ah \u0441u Bluetooth \u0219i Smart BMS integrat \u0219i \u00eenc\u0103lzitor. Disponibil pentru comand\u0103 \u0219i instalare la Boats Expert.\",\"breadcrumb\":{\"@id\":\"https:\/\/boatsexpert.com\/ro\/produs\/ultimatron-lifepo4-baterie-litiu-12-8v-180ah-2\/#breadcrumb\"},\"inLanguage\":\"ro-RO\",\"potentialAction\":[{\"@type\":\"ReadAction\",\"target\":[\"https:\/\/boatsexpert.com\/ro\/produs\/ultimatron-lifepo4-baterie-litiu-12-8v-180ah-2\/\"]}]},{\"@type\":\"BreadcrumbList\",\"@id\":\"https:\/\/boatsexpert.com\/ro\/produs\/ultimatron-lifepo4-baterie-litiu-12-8v-180ah-2\/#breadcrumb\",\"itemListElement\":[{\"@type\":\"ListItem\",\"position\":1,\"name\":\"Home\",\"item\":\"https:\/\/boatsexpert.com\/ro\/\"},{\"@type\":\"ListItem\",\"position\":2,\"name\":\"Shop Online &#8211; cel mai bun magazin pentru echipamente pentru b\u0103rci\",\"item\":\"https:\/\/boatsexpert.com\/ro\/shop-ro\/\"},{\"@type\":\"ListItem\",\"position\":3,\"name\":\"Ultimatron LiFePO4 Baterie litiu 12.8V 180Ah cu \u00eenc\u0103lzitor\"}]},{\"@type\":\"WebSite\",\"@id\":\"https:\/\/boatsexpert.com\/ro\/#website\",\"url\":\"https:\/\/boatsexpert.com\/ro\/\",\"name\":\"BoatsExpert\",\"description\":\"Boats, Service, Equipment\",\"publisher\":{\"@id\":\"https:\/\/boatsexpert.com\/ro\/#organization\"},\"potentialAction\":[{\"@type\":\"SearchAction\",\"target\":{\"@type\":\"EntryPoint\",\"urlTemplate\":\"https:\/\/boatsexpert.com\/ro\/?s={search_term_string}\"},\"query-input\":\"required name=search_term_string\"}],\"inLanguage\":\"ro-RO\"},{\"@type\":\"Organization\",\"@id\":\"https:\/\/boatsexpert.com\/ro\/#organization\",\"name\":\"BoatsExpert\",\"url\":\"https:\/\/boatsexpert.com\/ro\/\",\"logo\":{\"@type\":\"ImageObject\",\"inLanguage\":\"ro-RO\",\"@id\":\"https:\/\/boatsexpert.com\/ro\/#\/schema\/logo\/image\/\",\"url\":\"https:\/\/boatsexpert.com\/wp-content\/uploads\/2023\/05\/white-logo60.svg\",\"contentUrl\":\"https:\/\/boatsexpert.com\/wp-content\/uploads\/2023\/05\/white-logo60.svg\",\"width\":90,\"height\":60,\"caption\":\"BoatsExpert\"},\"image\":{\"@id\":\"https:\/\/boatsexpert.com\/ro\/#\/schema\/logo\/image\/\"}}]}<\/script>\n<!-- \/ Yoast SEO plugin. -->","yoast_head_json":{"title":"Ultimatron LiFePO4 Baterie litiu 12.8V 180Ah cu \u00eenc\u0103lzitor - BoatsExpert","description":"Ultimatron LiFePO4 Baterie de litiu 12.8V 180Ah \u0441u Bluetooth \u0219i Smart BMS integrat \u0219i \u00eenc\u0103lzitor. Disponibil pentru comand\u0103 \u0219i instalare la Boats Expert.","robots":{"index":"index","follow":"follow","max-snippet":"max-snippet:-1","max-image-preview":"max-image-preview:large","max-video-preview":"max-video-preview:-1"},"canonical":"https:\/\/boatsexpert.com\/ro\/produs\/ultimatron-lifepo4-baterie-litiu-12-8v-180ah-2\/","og_locale":"ro_RO","og_type":"article","og_title":"Ultimatron LiFePO4 Baterie litiu 12.8V 180Ah cu \u00eenc\u0103lzitor - BoatsExpert","og_description":"Ultimatron LiFePO4 Baterie de litiu 12.8V 180Ah \u0441u Bluetooth \u0219i Smart BMS integrat \u0219i \u00eenc\u0103lzitor. Disponibil pentru comand\u0103 \u0219i instalare la Boats Expert.","og_url":"https:\/\/boatsexpert.com\/ro\/produs\/ultimatron-lifepo4-baterie-litiu-12-8v-180ah-2\/","og_site_name":"BoatsExpert","article_modified_time":"2023-09-30T18:15:44+00:00","og_image":[{"width":555,"height":478,"url":"https:\/\/boatsexpert.com\/wp-content\/uploads\/2023\/09\/ULM-12-180H.jpg","type":"image\/jpeg"}],"twitter_card":"summary_large_image","twitter_misc":{"Timp estimat pentru citire":"1 minut"},"schema":{"@context":"https:\/\/schema.org","@graph":[{"@type":"WebPage","@id":"https:\/\/boatsexpert.com\/ro\/produs\/ultimatron-lifepo4-baterie-litiu-12-8v-180ah-2\/","url":"https:\/\/boatsexpert.com\/ro\/produs\/ultimatron-lifepo4-baterie-litiu-12-8v-180ah-2\/","name":"Ultimatron LiFePO4 Baterie litiu 12.8V 180Ah cu \u00eenc\u0103lzitor - BoatsExpert","isPartOf":{"@id":"https:\/\/boatsexpert.com\/ro\/#website"},"datePublished":"2023-09-28T10:03:55+00:00","dateModified":"2023-09-30T18:15:44+00:00","description":"Ultimatron LiFePO4 Baterie de litiu 12.8V 180Ah \u0441u Bluetooth \u0219i Smart BMS integrat \u0219i \u00eenc\u0103lzitor. Disponibil pentru comand\u0103 \u0219i instalare la Boats Expert.","breadcrumb":{"@id":"https:\/\/boatsexpert.com\/ro\/produs\/ultimatron-lifepo4-baterie-litiu-12-8v-180ah-2\/#breadcrumb"},"inLanguage":"ro-RO","potentialAction":[{"@type":"ReadAction","target":["https:\/\/boatsexpert.com\/ro\/produs\/ultimatron-lifepo4-baterie-litiu-12-8v-180ah-2\/"]}]},{"@type":"BreadcrumbList","@id":"https:\/\/boatsexpert.com\/ro\/produs\/ultimatron-lifepo4-baterie-litiu-12-8v-180ah-2\/#breadcrumb","itemListElement":[{"@type":"ListItem","position":1,"name":"Home","item":"https:\/\/boatsexpert.com\/ro\/"},{"@type":"ListItem","position":2,"name":"Shop Online &#8211; cel mai bun magazin pentru echipamente pentru b\u0103rci","item":"https:\/\/boatsexpert.com\/ro\/shop-ro\/"},{"@type":"ListItem","position":3,"name":"Ultimatron LiFePO4 Baterie litiu 12.8V 180Ah cu \u00eenc\u0103lzitor"}]},{"@type":"WebSite","@id":"https:\/\/boatsexpert.com\/ro\/#website","url":"https:\/\/boatsexpert.com\/ro\/","name":"BoatsExpert","description":"Boats, Service, Equipment","publisher":{"@id":"https:\/\/boatsexpert.com\/ro\/#organization"},"potentialAction":[{"@type":"SearchAction","target":{"@type":"EntryPoint","urlTemplate":"https:\/\/boatsexpert.com\/ro\/?s={search_term_string}"},"query-input":"required name=search_term_string"}],"inLanguage":"ro-RO"},{"@type":"Organization","@id":"https:\/\/boatsexpert.com\/ro\/#organization","name":"BoatsExpert","url":"https:\/\/boatsexpert.com\/ro\/","logo":{"@type":"ImageObject","inLanguage":"ro-RO","@id":"https:\/\/boatsexpert.com\/ro\/#\/schema\/logo\/image\/","url":"https:\/\/boatsexpert.com\/wp-content\/uploads\/2023\/05\/white-logo60.svg","contentUrl":"https:\/\/boatsexpert.com\/wp-content\/uploads\/2023\/05\/white-logo60.svg","width":90,"height":60,"caption":"BoatsExpert"},"image":{"@id":"https:\/\/boatsexpert.com\/ro\/#\/schema\/logo\/image\/"}}]}},"_links":{"self":[{"href":"https:\/\/boatsexpert.com\/ro\/wp-json\/wp\/v2\/product\/26000","targetHints":{"allow":["GET"]}}],"collection":[{"href":"https:\/\/boatsexpert.com\/ro\/wp-json\/wp\/v2\/product"}],"about":[{"href":"https:\/\/boatsexpert.com\/ro\/wp-json\/wp\/v2\/types\/product"}],"replies":[{"embeddable":true,"href":"https:\/\/boatsexpert.com\/ro\/wp-json\/wp\/v2\/comments?post=26000"}],"version-history":[{"count":2,"href":"https:\/\/boatsexpert.com\/ro\/wp-json\/wp\/v2\/product\/26000\/revisions"}],"predecessor-version":[{"id":26130,"href":"https:\/\/boatsexpert.com\/ro\/wp-json\/wp\/v2\/product\/26000\/revisions\/26130"}],"wp:featuredmedia":[{"embeddable":true,"href":"https:\/\/boatsexpert.com\/ro\/wp-json\/wp\/v2\/media\/26002"}],"wp:attachment":[{"href":"https:\/\/boatsexpert.com\/ro\/wp-json\/wp\/v2\/media?parent=26000"}],"wp:term":[{"taxonomy":"product_brand","embeddable":true,"href":"https:\/\/boatsexpert.com\/ro\/wp-json\/wp\/v2\/product_brand?post=26000"},{"taxonomy":"product_cat","embeddable":true,"href":"https:\/\/boatsexpert.com\/ro\/wp-json\/wp\/v2\/product_cat?post=26000"},{"taxonomy":"product_tag","embeddable":true,"href":"https:\/\/boatsexpert.com\/ro\/wp-json\/wp\/v2\/product_tag?post=26000"}],"curies":[{"name":"wp","href":"https:\/\/api.w.org\/{rel}","templated":true}]}}