{"id":32080,"date":"2024-04-17T16:33:33","date_gmt":"2024-04-17T13:33:34","guid":{"rendered":"https:\/\/boatsexpert.com\/?post_type=product&#038;p=32080"},"modified":"2024-04-17T17:00:31","modified_gmt":"2024-04-17T14:00:31","slug":"ram-suport-cu-brat-oscilant-orizontal-de-6-pentru-sonare-si-plote-de-navigatie","status":"publish","type":"product","link":"https:\/\/boatsexpert.com\/ro\/produs\/ram-suport-cu-brat-oscilant-orizontal-de-6-pentru-sonare-si-plote-de-navigatie\/","title":{"rendered":"RAM\u00ae Suport cu brat oscilant orizontal de 6&#8243; pentru sonare si plote de navigatie"},"content":{"rendered":"\t\t<div data-elementor-type=\"wp-post\" data-elementor-id=\"32080\" class=\"elementor elementor-32080 elementor-32079\">\n\t\t\t\t\t\t\t\t\t<section class=\"elementor-section elementor-top-section elementor-element elementor-element-2769591c elementor-section-boxed elementor-section-height-default elementor-section-height-default\" data-id=\"2769591c\" data-element_type=\"section\">\n\t\t\t\t\t\t<div class=\"elementor-container elementor-column-gap-default\">\n\t\t\t\t\t<div class=\"elementor-column elementor-col-100 elementor-top-column elementor-element elementor-element-b650852\" data-id=\"b650852\" data-element_type=\"column\">\n\t\t\t<div class=\"elementor-widget-wrap elementor-element-populated\">\n\t\t\t\t\t\t\t\t<div class=\"elementor-element elementor-element-fa881aa elementor-widget elementor-widget-heading\" data-id=\"fa881aa\" data-element_type=\"widget\" data-widget_type=\"heading.default\">\n\t\t\t\t<div class=\"elementor-widget-container\">\n\t\t\t<style>\/*! elementor - v3.12.1 - 02-04-2023 *\/\n.elementor-heading-title{padding:0;margin:0;line-height:1}.elementor-widget-heading .elementor-heading-title[class*=elementor-size-]>a{color:inherit;font-size:inherit;line-height:inherit}.elementor-widget-heading .elementor-heading-title.elementor-size-small{font-size:15px}.elementor-widget-heading .elementor-heading-title.elementor-size-medium{font-size:19px}.elementor-widget-heading .elementor-heading-title.elementor-size-large{font-size:29px}.elementor-widget-heading .elementor-heading-title.elementor-size-xl{font-size:39px}.elementor-widget-heading .elementor-heading-title.elementor-size-xxl{font-size:59px}<\/style><h6 class=\"elementor-heading-title elementor-size-large\">Caracteristici<\/h6>\t\t<\/div>\n\t\t\t\t<\/div>\n\t\t\t\t\t<\/div>\n\t\t<\/div>\n\t\t\t\t\t\t\t<\/div>\n\t\t<\/section>\n\t\t\t\t<section class=\"elementor-section elementor-top-section elementor-element elementor-element-4590aae5 elementor-section-boxed elementor-section-height-default elementor-section-height-default\" data-id=\"4590aae5\" data-element_type=\"section\">\n\t\t\t\t\t\t<div class=\"elementor-container elementor-column-gap-default\">\n\t\t\t\t\t<div class=\"elementor-column elementor-col-100 elementor-top-column elementor-element elementor-element-6a40fcfa\" data-id=\"6a40fcfa\" data-element_type=\"column\">\n\t\t\t<div class=\"elementor-widget-wrap elementor-element-populated\">\n\t\t\t\t\t\t\t\t<div class=\"elementor-element elementor-element-18caa7 elementor-widget elementor-widget-text-editor\" data-id=\"18caa7\" data-element_type=\"widget\" data-widget_type=\"text-editor.default\">\n\t\t\t\t<div class=\"elementor-widget-container\">\n\t\t\t<style>\/*! elementor - v3.12.1 - 02-04-2023 *\/\n.elementor-widget-text-editor.elementor-drop-cap-view-stacked .elementor-drop-cap{background-color:#69727d;color:#fff}.elementor-widget-text-editor.elementor-drop-cap-view-framed .elementor-drop-cap{color:#69727d;border:3px solid;background-color:transparent}.elementor-widget-text-editor:not(.elementor-drop-cap-view-default) .elementor-drop-cap{margin-top:8px}.elementor-widget-text-editor:not(.elementor-drop-cap-view-default) .elementor-drop-cap-letter{width:1em;height:1em}.elementor-widget-text-editor .elementor-drop-cap{float:left;text-align:center;line-height:1;font-size:50px}.elementor-widget-text-editor .elementor-drop-cap-letter{display:inline-block}<\/style>\t\t\t\t<ul class=\"tt-list01\"><li>Solu\u021bia universal\u0103 de montare prin g\u0103urire pentru sonare ofer\u0103 un bra\u021b oscilant de 6&#8243; pentru pozi\u021bionarea ideal\u0103 a dispozitivului<\/li><li>Dou\u0103 puncte de pivot permit o rota\u021bie complet\u0103 de 360 de grade<\/li><li>Fabricat din o\u021bel acoperit cu pulbere \u0219i compozit de \u00eenalt\u0103 rezisten\u021b\u0103<\/li><li>Sprijinit de o garan\u021bie limitat\u0103<\/li><\/ul>\t\t\t\t\t\t<\/div>\n\t\t\t\t<\/div>\n\t\t\t\t\t<\/div>\n\t\t<\/div>\n\t\t\t\t\t\t\t<\/div>\n\t\t<\/section>\n\t\t\t\t<section class=\"elementor-section elementor-top-section elementor-element elementor-element-2175ac89 elementor-section-boxed elementor-section-height-default elementor-section-height-default\" data-id=\"2175ac89\" data-element_type=\"section\">\n\t\t\t\t\t\t<div class=\"elementor-container elementor-column-gap-default\">\n\t\t\t\t\t<div class=\"elementor-column elementor-col-100 elementor-top-column elementor-element elementor-element-60203d26\" data-id=\"60203d26\" data-element_type=\"column\">\n\t\t\t<div class=\"elementor-widget-wrap elementor-element-populated\">\n\t\t\t\t\t\t\t\t<div class=\"elementor-element elementor-element-2480a5b9 elementor-widget elementor-widget-heading\" data-id=\"2480a5b9\" data-element_type=\"widget\" data-widget_type=\"heading.default\">\n\t\t\t\t<div class=\"elementor-widget-container\">\n\t\t\t<h6 class=\"elementor-heading-title elementor-size-large\">Specifica\u021bii<\/h6>\t\t<\/div>\n\t\t\t\t<\/div>\n\t\t\t\t\t<\/div>\n\t\t<\/div>\n\t\t\t\t\t\t\t<\/div>\n\t\t<\/section>\n\t\t\t\t<section class=\"elementor-section elementor-top-section elementor-element elementor-element-32ee4f58 elementor-section-boxed elementor-section-height-default elementor-section-height-default\" data-id=\"32ee4f58\" data-element_type=\"section\">\n\t\t\t\t\t\t<div class=\"elementor-container elementor-column-gap-default\">\n\t\t\t\t\t<div class=\"elementor-column elementor-col-100 elementor-top-column elementor-element elementor-element-66b91ae9\" data-id=\"66b91ae9\" data-element_type=\"column\">\n\t\t\t<div class=\"elementor-widget-wrap elementor-element-populated\">\n\t\t\t\t\t\t\t\t<div class=\"elementor-element elementor-element-5b6e73a6 elementor-widget elementor-widget-text-editor\" data-id=\"5b6e73a6\" data-element_type=\"widget\" data-widget_type=\"text-editor.default\">\n\t\t\t\t<div class=\"elementor-widget-container\">\n\t\t\t\t\t\t\t<table style=\"width: 100%\"><tbody><tr><td><strong>GREUTATEA PRODUSULUI<\/strong><\/td><td><div class=\"dictionary__value\"><span class=\"dictionary__value_txt\">948 g<\/span><\/div><div class=\"dictionary__value\"><span class=\"dictionary__value_txt\">1002 g<\/span><\/div><\/td><\/tr><tr><td><strong>DIMENSIUNILE PRODUSULUI<\/strong><\/td><td><div class=\"dictionary__param\"><div class=\"dictionary__values\"><div class=\"dictionary__value\"><span class=\"dictionary__value_txt\">Overall Height: 5.41&#8243;<br \/>Total Swing Arm Length: 6&#8243;<\/span><\/div><\/div><\/div><\/td><\/tr><tr><td><strong>MODEL DE G\u0102URI<\/strong><\/td><td><div class=\"dictionary__value\"><div class=\"dictionary__value\"><span class=\"dictionary__value_txt\">Top Plate: See Drawing<br \/>Bottom Plate: 2.5&#8243; x 2.5&#8243;<\/span><\/div><div class=\"dictionary__value\"><span class=\"dictionary__value_txt\">AMPS 4-Hole<\/span><\/div><\/div><\/td><\/tr><tr><td><strong>DIMENSIUNE PLAC\u0102<\/strong><\/td><td><div class=\"dictionary__param\"><div class=\"dictionary__values\"><div class=\"dictionary__value\"><span class=\"dictionary__value_txt\">Top Plate: 6.25&#8243; x 2&#8243;<br \/>Bottom Plate: 3.47&#8243; x 3.47&#8243;<\/span><\/div><\/div><\/div><\/td><\/tr><tr><td><strong>CAPACITATEA DE GREUTATE<\/strong><\/td><td><div class=\"dictionary__param\"><div class=\"dictionary__values\"><div class=\"dictionary__value\"><div class=\"dictionary__param\"><div class=\"dictionary__values\"><div class=\"dictionary__value\"><span class=\"dictionary__value_txt\">3628.74 gramss<\/span><\/div><\/div><\/div><\/div><\/div><\/div><\/td><\/tr><tr><td><strong>MATERIALE<\/strong><\/td><td><div class=\"dictionary__param\"><div class=\"dictionary__values\"><div class=\"dictionary__value\"><span class=\"dictionary__value_txt\">Marine-grade aluminum<\/span><\/div><\/div><\/div><\/td><\/tr><tr><td><strong>TIP AMBALAJ<\/strong><\/td><td><div class=\"dictionary__param\"><div class=\"dictionary__values\"><div class=\"dictionary__value\"><div class=\"dictionary__param\"><div class=\"dictionary__values\"><div class=\"dictionary__value\"><span class=\"dictionary__value_txt\">Poly Bag<\/span><\/div><\/div><\/div><\/div><\/div><\/div><\/td><\/tr><tr><td><strong>TIP MONTARE<\/strong><\/td><td><div class=\"dictionary__param\"><div class=\"dictionary__values\"><div class=\"dictionary__value\"><span class=\"dictionary__value_txt\">Drill Down<\/span><\/div><\/div><\/div><\/td><\/tr><tr><td><strong>TIP DISPOZITIV SAU ACCESORIU<\/strong><\/td><td><div class=\"dictionary__value\"><span class=\"dictionary__value_txt\">Fishfinder<\/span><\/div><div class=\"dictionary__value\"><span class=\"dictionary__value_txt\">Chartplotter<\/span><\/div><\/td><\/tr><tr><td><strong>TIP VEHICUL<\/strong><\/td><td><div class=\"dictionary__param\"><div class=\"dictionary__values\"><div class=\"dictionary__value\"><span class=\"dictionary__value_txt\">Power Boat<\/span><\/div><\/div><\/div><\/td><\/tr><tr><td><strong>P\u0102R\u021aI COMPONENTE<\/strong><\/td><td><div class=\"dictionary__value\"><div class=\"dictionary__value\"><span class=\"dictionary__value_txt\">RAM-109-1APU<\/span><\/div><div class=\"dictionary__value\"><span class=\"dictionary__value_txt\">RAM-109H-BU<\/span><\/div><div class=\"dictionary__value\"><span class=\"dictionary__value_txt\">RAM-111BTU<\/span><\/div><\/div><\/td><\/tr><\/tbody><\/table>\t\t\t\t\t\t<\/div>\n\t\t\t\t<\/div>\n\t\t\t\t\t<\/div>\n\t\t<\/div>\n\t\t\t\t\t\t\t<\/div>\n\t\t<\/section>\n\t\t\t\t\t\t\t<\/div>\n\t\t","protected":false},"excerpt":{"rendered":"<p>RAM-109HU este alc\u0103tuit dintr-un bra\u021b oscilant \u00eendoit de 6&#8243; montat pe o baz\u0103 de suprafa\u021b\u0103 orizontal\u0103. La cap\u0103tul de montare al dispozitivului se afl\u0103 o plac\u0103 dreptunghiular\u0103 de 6,25&#8243; x 2&#8243;. Exist\u0103 dou\u0103 puncte de pivotare pe suport: unul la baza bra\u021bului oscilant \u0219i unul la centrul pl\u0103cii dreptunghiulare. Fiecare punct de pivotare permite o rota\u021bie complet\u0103 de 360 de grade.<\/p>\n","protected":false},"featured_media":32082,"comment_status":"open","ping_status":"closed","template":"","meta":{"inline_featured_image":false},"product_brand":[],"product_cat":[343,340],"product_tag":[],"class_list":{"0":"post-32080","1":"product","2":"type-product","3":"status-publish","4":"has-post-thumbnail","6":"product_cat-ram-mounts_ro","7":"product_cat-sisteme-de-prindere-ro","8":"tt-post","10":"first","11":"instock","12":"shipping-taxable","13":"purchasable","14":"product-type-simple"},"yoast_head":"<!-- This site is optimized with the Yoast SEO plugin v20.13 - https:\/\/yoast.com\/wordpress\/plugins\/seo\/ -->\n<title>RAM\u00ae Suport cu brat oscilant orizontal de 6&quot; pentru sonare si plote de navigatie - BoatsExpert<\/title>\n<meta name=\"description\" content=\"Cump\u0103ra\u021bi RAM Suport cu brat oscilant orizontal \u00een Rom\u00e2nia de la Boats Expert. \u041e gam\u0103 larg\u0103 de accesorii pentru b\u0103rci cu motor cu livrare \u00een toat\u0103 Rom\u00e2nia!\" \/>\n<meta name=\"robots\" content=\"index, follow, max-snippet:-1, max-image-preview:large, max-video-preview:-1\" \/>\n<link rel=\"canonical\" href=\"https:\/\/boatsexpert.com\/ro\/produs\/ram-suport-cu-brat-oscilant-orizontal-de-6-pentru-sonare-si-plote-de-navigatie\/\" \/>\n<meta property=\"og:locale\" content=\"ro_RO\" \/>\n<meta property=\"og:type\" content=\"article\" \/>\n<meta property=\"og:title\" content=\"RAM\u00ae Suport cu brat oscilant orizontal de 6&quot; pentru sonare si plote de navigatie - BoatsExpert\" \/>\n<meta property=\"og:description\" content=\"Cump\u0103ra\u021bi RAM Suport cu brat oscilant orizontal \u00een Rom\u00e2nia de la Boats Expert. \u041e gam\u0103 larg\u0103 de accesorii pentru b\u0103rci cu motor cu livrare \u00een toat\u0103 Rom\u00e2nia!\" \/>\n<meta property=\"og:url\" content=\"https:\/\/boatsexpert.com\/ro\/produs\/ram-suport-cu-brat-oscilant-orizontal-de-6-pentru-sonare-si-plote-de-navigatie\/\" \/>\n<meta property=\"og:site_name\" content=\"BoatsExpert\" \/>\n<meta property=\"article:modified_time\" content=\"2024-04-17T14:00:31+00:00\" \/>\n<meta property=\"og:image\" content=\"https:\/\/boatsexpert.com\/wp-content\/uploads\/2024\/04\/eng_pl_RAM-R-Horizontal-6-Swing-Arm-Mount-for-Fishfinders-Plotters-9695_1.jpg\" \/>\n\t<meta property=\"og:image:width\" content=\"555\" \/>\n\t<meta property=\"og:image:height\" content=\"478\" \/>\n\t<meta property=\"og:image:type\" content=\"image\/jpeg\" \/>\n<meta name=\"twitter:card\" content=\"summary_large_image\" \/>\n<script type=\"application\/ld+json\" class=\"yoast-schema-graph\">{\"@context\":\"https:\/\/schema.org\",\"@graph\":[{\"@type\":\"WebPage\",\"@id\":\"https:\/\/boatsexpert.com\/ro\/produs\/ram-suport-cu-brat-oscilant-orizontal-de-6-pentru-sonare-si-plote-de-navigatie\/\",\"url\":\"https:\/\/boatsexpert.com\/ro\/produs\/ram-suport-cu-brat-oscilant-orizontal-de-6-pentru-sonare-si-plote-de-navigatie\/\",\"name\":\"RAM\u00ae Suport cu brat oscilant orizontal de 6\\\" pentru sonare si plote de navigatie - BoatsExpert\",\"isPartOf\":{\"@id\":\"https:\/\/boatsexpert.com\/ro\/#website\"},\"datePublished\":\"2024-04-17T13:33:34+00:00\",\"dateModified\":\"2024-04-17T14:00:31+00:00\",\"description\":\"Cump\u0103ra\u021bi RAM Suport cu brat oscilant orizontal \u00een Rom\u00e2nia de la Boats Expert. \u041e gam\u0103 larg\u0103 de accesorii pentru b\u0103rci cu motor cu livrare \u00een toat\u0103 Rom\u00e2nia!\",\"breadcrumb\":{\"@id\":\"https:\/\/boatsexpert.com\/ro\/produs\/ram-suport-cu-brat-oscilant-orizontal-de-6-pentru-sonare-si-plote-de-navigatie\/#breadcrumb\"},\"inLanguage\":\"ro-RO\",\"potentialAction\":[{\"@type\":\"ReadAction\",\"target\":[\"https:\/\/boatsexpert.com\/ro\/produs\/ram-suport-cu-brat-oscilant-orizontal-de-6-pentru-sonare-si-plote-de-navigatie\/\"]}]},{\"@type\":\"BreadcrumbList\",\"@id\":\"https:\/\/boatsexpert.com\/ro\/produs\/ram-suport-cu-brat-oscilant-orizontal-de-6-pentru-sonare-si-plote-de-navigatie\/#breadcrumb\",\"itemListElement\":[{\"@type\":\"ListItem\",\"position\":1,\"name\":\"Home\",\"item\":\"https:\/\/boatsexpert.com\/ro\/\"},{\"@type\":\"ListItem\",\"position\":2,\"name\":\"Shop Online &#8211; cel mai bun magazin pentru echipamente pentru b\u0103rci\",\"item\":\"https:\/\/boatsexpert.com\/ro\/shop-ro\/\"},{\"@type\":\"ListItem\",\"position\":3,\"name\":\"RAM\u00ae Suport cu brat oscilant orizontal de 6&#8243; pentru sonare si plote de navigatie\"}]},{\"@type\":\"WebSite\",\"@id\":\"https:\/\/boatsexpert.com\/ro\/#website\",\"url\":\"https:\/\/boatsexpert.com\/ro\/\",\"name\":\"BoatsExpert\",\"description\":\"Boats, Service, Equipment\",\"publisher\":{\"@id\":\"https:\/\/boatsexpert.com\/ro\/#organization\"},\"potentialAction\":[{\"@type\":\"SearchAction\",\"target\":{\"@type\":\"EntryPoint\",\"urlTemplate\":\"https:\/\/boatsexpert.com\/ro\/?s={search_term_string}\"},\"query-input\":\"required name=search_term_string\"}],\"inLanguage\":\"ro-RO\"},{\"@type\":\"Organization\",\"@id\":\"https:\/\/boatsexpert.com\/ro\/#organization\",\"name\":\"BoatsExpert\",\"url\":\"https:\/\/boatsexpert.com\/ro\/\",\"logo\":{\"@type\":\"ImageObject\",\"inLanguage\":\"ro-RO\",\"@id\":\"https:\/\/boatsexpert.com\/ro\/#\/schema\/logo\/image\/\",\"url\":\"https:\/\/boatsexpert.com\/wp-content\/uploads\/2023\/05\/white-logo60.svg\",\"contentUrl\":\"https:\/\/boatsexpert.com\/wp-content\/uploads\/2023\/05\/white-logo60.svg\",\"width\":90,\"height\":60,\"caption\":\"BoatsExpert\"},\"image\":{\"@id\":\"https:\/\/boatsexpert.com\/ro\/#\/schema\/logo\/image\/\"}}]}<\/script>\n<!-- \/ Yoast SEO plugin. -->","yoast_head_json":{"title":"RAM\u00ae Suport cu brat oscilant orizontal de 6\" pentru sonare si plote de navigatie - BoatsExpert","description":"Cump\u0103ra\u021bi RAM Suport cu brat oscilant orizontal \u00een Rom\u00e2nia de la Boats Expert. \u041e gam\u0103 larg\u0103 de accesorii pentru b\u0103rci cu motor cu livrare \u00een toat\u0103 Rom\u00e2nia!","robots":{"index":"index","follow":"follow","max-snippet":"max-snippet:-1","max-image-preview":"max-image-preview:large","max-video-preview":"max-video-preview:-1"},"canonical":"https:\/\/boatsexpert.com\/ro\/produs\/ram-suport-cu-brat-oscilant-orizontal-de-6-pentru-sonare-si-plote-de-navigatie\/","og_locale":"ro_RO","og_type":"article","og_title":"RAM\u00ae Suport cu brat oscilant orizontal de 6\" pentru sonare si plote de navigatie - BoatsExpert","og_description":"Cump\u0103ra\u021bi RAM Suport cu brat oscilant orizontal \u00een Rom\u00e2nia de la Boats Expert. \u041e gam\u0103 larg\u0103 de accesorii pentru b\u0103rci cu motor cu livrare \u00een toat\u0103 Rom\u00e2nia!","og_url":"https:\/\/boatsexpert.com\/ro\/produs\/ram-suport-cu-brat-oscilant-orizontal-de-6-pentru-sonare-si-plote-de-navigatie\/","og_site_name":"BoatsExpert","article_modified_time":"2024-04-17T14:00:31+00:00","og_image":[{"width":555,"height":478,"url":"https:\/\/boatsexpert.com\/wp-content\/uploads\/2024\/04\/eng_pl_RAM-R-Horizontal-6-Swing-Arm-Mount-for-Fishfinders-Plotters-9695_1.jpg","type":"image\/jpeg"}],"twitter_card":"summary_large_image","schema":{"@context":"https:\/\/schema.org","@graph":[{"@type":"WebPage","@id":"https:\/\/boatsexpert.com\/ro\/produs\/ram-suport-cu-brat-oscilant-orizontal-de-6-pentru-sonare-si-plote-de-navigatie\/","url":"https:\/\/boatsexpert.com\/ro\/produs\/ram-suport-cu-brat-oscilant-orizontal-de-6-pentru-sonare-si-plote-de-navigatie\/","name":"RAM\u00ae Suport cu brat oscilant orizontal de 6\" pentru sonare si plote de navigatie - BoatsExpert","isPartOf":{"@id":"https:\/\/boatsexpert.com\/ro\/#website"},"datePublished":"2024-04-17T13:33:34+00:00","dateModified":"2024-04-17T14:00:31+00:00","description":"Cump\u0103ra\u021bi RAM Suport cu brat oscilant orizontal \u00een Rom\u00e2nia de la Boats Expert. \u041e gam\u0103 larg\u0103 de accesorii pentru b\u0103rci cu motor cu livrare \u00een toat\u0103 Rom\u00e2nia!","breadcrumb":{"@id":"https:\/\/boatsexpert.com\/ro\/produs\/ram-suport-cu-brat-oscilant-orizontal-de-6-pentru-sonare-si-plote-de-navigatie\/#breadcrumb"},"inLanguage":"ro-RO","potentialAction":[{"@type":"ReadAction","target":["https:\/\/boatsexpert.com\/ro\/produs\/ram-suport-cu-brat-oscilant-orizontal-de-6-pentru-sonare-si-plote-de-navigatie\/"]}]},{"@type":"BreadcrumbList","@id":"https:\/\/boatsexpert.com\/ro\/produs\/ram-suport-cu-brat-oscilant-orizontal-de-6-pentru-sonare-si-plote-de-navigatie\/#breadcrumb","itemListElement":[{"@type":"ListItem","position":1,"name":"Home","item":"https:\/\/boatsexpert.com\/ro\/"},{"@type":"ListItem","position":2,"name":"Shop Online &#8211; cel mai bun magazin pentru echipamente pentru b\u0103rci","item":"https:\/\/boatsexpert.com\/ro\/shop-ro\/"},{"@type":"ListItem","position":3,"name":"RAM\u00ae Suport cu brat oscilant orizontal de 6&#8243; pentru sonare si plote de navigatie"}]},{"@type":"WebSite","@id":"https:\/\/boatsexpert.com\/ro\/#website","url":"https:\/\/boatsexpert.com\/ro\/","name":"BoatsExpert","description":"Boats, Service, Equipment","publisher":{"@id":"https:\/\/boatsexpert.com\/ro\/#organization"},"potentialAction":[{"@type":"SearchAction","target":{"@type":"EntryPoint","urlTemplate":"https:\/\/boatsexpert.com\/ro\/?s={search_term_string}"},"query-input":"required name=search_term_string"}],"inLanguage":"ro-RO"},{"@type":"Organization","@id":"https:\/\/boatsexpert.com\/ro\/#organization","name":"BoatsExpert","url":"https:\/\/boatsexpert.com\/ro\/","logo":{"@type":"ImageObject","inLanguage":"ro-RO","@id":"https:\/\/boatsexpert.com\/ro\/#\/schema\/logo\/image\/","url":"https:\/\/boatsexpert.com\/wp-content\/uploads\/2023\/05\/white-logo60.svg","contentUrl":"https:\/\/boatsexpert.com\/wp-content\/uploads\/2023\/05\/white-logo60.svg","width":90,"height":60,"caption":"BoatsExpert"},"image":{"@id":"https:\/\/boatsexpert.com\/ro\/#\/schema\/logo\/image\/"}}]}},"_links":{"self":[{"href":"https:\/\/boatsexpert.com\/ro\/wp-json\/wp\/v2\/product\/32080","targetHints":{"allow":["GET"]}}],"collection":[{"href":"https:\/\/boatsexpert.com\/ro\/wp-json\/wp\/v2\/product"}],"about":[{"href":"https:\/\/boatsexpert.com\/ro\/wp-json\/wp\/v2\/types\/product"}],"replies":[{"embeddable":true,"href":"https:\/\/boatsexpert.com\/ro\/wp-json\/wp\/v2\/comments?post=32080"}],"version-history":[{"count":5,"href":"https:\/\/boatsexpert.com\/ro\/wp-json\/wp\/v2\/product\/32080\/revisions"}],"predecessor-version":[{"id":32110,"href":"https:\/\/boatsexpert.com\/ro\/wp-json\/wp\/v2\/product\/32080\/revisions\/32110"}],"wp:featuredmedia":[{"embeddable":true,"href":"https:\/\/boatsexpert.com\/ro\/wp-json\/wp\/v2\/media\/32082"}],"wp:attachment":[{"href":"https:\/\/boatsexpert.com\/ro\/wp-json\/wp\/v2\/media?parent=32080"}],"wp:term":[{"taxonomy":"product_brand","embeddable":true,"href":"https:\/\/boatsexpert.com\/ro\/wp-json\/wp\/v2\/product_brand?post=32080"},{"taxonomy":"product_cat","embeddable":true,"href":"https:\/\/boatsexpert.com\/ro\/wp-json\/wp\/v2\/product_cat?post=32080"},{"taxonomy":"product_tag","embeddable":true,"href":"https:\/\/boatsexpert.com\/ro\/wp-json\/wp\/v2\/product_tag?post=32080"}],"curies":[{"name":"wp","href":"https:\/\/api.w.org\/{rel}","templated":true}]}}