{"id":36563,"date":"2024-05-31T15:20:33","date_gmt":"2024-05-31T12:20:34","guid":{"rendered":"https:\/\/boatsexpert.com\/?post_type=product&#038;p=36563"},"modified":"2024-05-31T15:23:13","modified_gmt":"2024-05-31T12:23:13","slug":"t-h-marine-placa-de-suport-oglinda-mare-2","status":"publish","type":"product","link":"https:\/\/boatsexpert.com\/ro\/produs\/t-h-marine-placa-de-suport-oglinda-mare-2\/","title":{"rendered":"T-H Marine Placa de suport oglinda mare"},"content":{"rendered":"\t\t<div data-elementor-type=\"wp-post\" data-elementor-id=\"36563\" class=\"elementor elementor-36563 elementor-36562\">\n\t\t\t\t\t\t\t\t\t<section class=\"elementor-section elementor-top-section elementor-element elementor-element-20e960c elementor-section-boxed elementor-section-height-default elementor-section-height-default\" data-id=\"20e960c\" data-element_type=\"section\">\n\t\t\t\t\t\t<div class=\"elementor-container elementor-column-gap-default\">\n\t\t\t\t\t<div class=\"elementor-column elementor-col-100 elementor-top-column elementor-element elementor-element-5dbea2c\" data-id=\"5dbea2c\" data-element_type=\"column\">\n\t\t\t<div class=\"elementor-widget-wrap elementor-element-populated\">\n\t\t\t\t\t\t\t\t<div class=\"elementor-element elementor-element-6e689f3 elementor-widget elementor-widget-heading\" data-id=\"6e689f3\" data-element_type=\"widget\" data-widget_type=\"heading.default\">\n\t\t\t\t<div class=\"elementor-widget-container\">\n\t\t\t<style>\/*! elementor - v3.12.1 - 02-04-2023 *\/\n.elementor-heading-title{padding:0;margin:0;line-height:1}.elementor-widget-heading .elementor-heading-title[class*=elementor-size-]>a{color:inherit;font-size:inherit;line-height:inherit}.elementor-widget-heading .elementor-heading-title.elementor-size-small{font-size:15px}.elementor-widget-heading .elementor-heading-title.elementor-size-medium{font-size:19px}.elementor-widget-heading .elementor-heading-title.elementor-size-large{font-size:29px}.elementor-widget-heading .elementor-heading-title.elementor-size-xl{font-size:39px}.elementor-widget-heading .elementor-heading-title.elementor-size-xxl{font-size:59px}<\/style><h3 class=\"elementor-heading-title elementor-size-default\">Caracteristici<\/h3>\t\t<\/div>\n\t\t\t\t<\/div>\n\t\t\t\t\t<\/div>\n\t\t<\/div>\n\t\t\t\t\t\t\t<\/div>\n\t\t<\/section>\n\t\t\t\t<section class=\"elementor-section elementor-top-section elementor-element elementor-element-6765258 elementor-section-boxed elementor-section-height-default elementor-section-height-default\" data-id=\"6765258\" data-element_type=\"section\">\n\t\t\t\t\t\t<div class=\"elementor-container elementor-column-gap-default\">\n\t\t\t\t\t<div class=\"elementor-column elementor-col-100 elementor-top-column elementor-element elementor-element-bb97382\" data-id=\"bb97382\" data-element_type=\"column\">\n\t\t\t<div class=\"elementor-widget-wrap elementor-element-populated\">\n\t\t\t\t\t\t\t\t<div class=\"elementor-element elementor-element-6523bce elementor-widget elementor-widget-text-editor\" data-id=\"6523bce\" data-element_type=\"widget\" data-widget_type=\"text-editor.default\">\n\t\t\t\t<div class=\"elementor-widget-container\">\n\t\t\t<style>\/*! elementor - v3.12.1 - 02-04-2023 *\/\n.elementor-widget-text-editor.elementor-drop-cap-view-stacked .elementor-drop-cap{background-color:#69727d;color:#fff}.elementor-widget-text-editor.elementor-drop-cap-view-framed .elementor-drop-cap{color:#69727d;border:3px solid;background-color:transparent}.elementor-widget-text-editor:not(.elementor-drop-cap-view-default) .elementor-drop-cap{margin-top:8px}.elementor-widget-text-editor:not(.elementor-drop-cap-view-default) .elementor-drop-cap-letter{width:1em;height:1em}.elementor-widget-text-editor .elementor-drop-cap{float:left;text-align:center;line-height:1;font-size:50px}.elementor-widget-text-editor .elementor-drop-cap-letter{display:inline-block}<\/style>\t\t\t\t<ul class=\"tt-list03\"><li>Construit din aliaj de aluminiu 6061 T6 de 3\/8&#8243;<\/li><li>Elimin\u0103 \u201emu\u0219carea\u201d \u0219uruburilor \u00een transomuri<\/li><li>Distribuie uniform \u00eenc\u0103rc\u0103turile pe motoarele de \u00eenalt\u0103 performan\u021b\u0103<\/li><\/ul>\t\t\t\t\t\t<\/div>\n\t\t\t\t<\/div>\n\t\t\t\t\t<\/div>\n\t\t<\/div>\n\t\t\t\t\t\t\t<\/div>\n\t\t<\/section>\n\t\t\t\t\t\t\t<\/div>\n\t\t","protected":false},"excerpt":{"rendered":"<p>&nbsp;<\/p>\n<div class=\"woocommerce-product-details__short-description\">\n<div class=\"cart-detail-innr\">\n<p><strong>T-H Marine Placa de suport oglinda mare | G\u0103uri inferioare pentru \u0219uruburi<\/strong><\/p>\n<p>Oferim pl\u0103ci de suport \/ \u0219aibe transom T-H Marine premium, fabricate din aliaj de aluminiu 6061 T6 de 3\/8&#8243; (nu aluminiu turnat). Aceste \u0219aibe transom CMC sunt concepute pentru a preveni &#8222;mu\u0219carea&#8221; \u0219uruburilor \u00een transomuri, asigur\u00e2nd o distribu\u021bie mai uniform\u0103 a \u00eenc\u0103rc\u0103turii pe motoarele de b\u0103rci de \u00eenalt\u0103 performan\u021b\u0103. \u00cembun\u0103t\u0103\u021bi\u021bi durabilitatea \u0219i performan\u021ba b\u0103rcii dvs. cu produsele noastre proiectate cu expertiz\u0103.<\/p>\n<\/div>\n<\/div>\n","protected":false},"featured_media":36551,"comment_status":"open","ping_status":"closed","template":"","meta":{"inline_featured_image":false},"product_brand":[],"product_cat":[425,334],"product_tag":[],"class_list":{"0":"post-36563","1":"product","2":"type-product","3":"status-publish","4":"has-post-thumbnail","6":"product_cat-t-h-marine-ro","7":"product_cat-accesorii-marine-ro","8":"tt-post","10":"first","11":"instock","12":"shipping-taxable","13":"purchasable","14":"product-type-simple"},"yoast_head":"<!-- This site is optimized with the Yoast SEO plugin v20.13 - https:\/\/yoast.com\/wordpress\/plugins\/seo\/ -->\n<title>T-H Marine Placa de suport oglinda mare - BoatsExpert<\/title>\n<meta name=\"robots\" content=\"index, follow, max-snippet:-1, max-image-preview:large, max-video-preview:-1\" \/>\n<link rel=\"canonical\" href=\"https:\/\/boatsexpert.com\/ro\/produs\/t-h-marine-placa-de-suport-oglinda-mare-2\/\" \/>\n<meta property=\"og:locale\" content=\"ro_RO\" \/>\n<meta property=\"og:type\" content=\"article\" \/>\n<meta property=\"og:title\" content=\"T-H Marine Placa de suport oglinda mare - BoatsExpert\" \/>\n<meta property=\"og:description\" content=\"&nbsp;    T-H Marine Placa de suport oglinda mare | G\u0103uri inferioare pentru \u0219uruburi  Oferim pl\u0103ci de suport \/ \u0219aibe transom T-H Marine premium, fabricate din aliaj de aluminiu 6061 T6 de 3\/8&quot; (nu aluminiu turnat). Aceste \u0219aibe transom CMC sunt concepute pentru a preveni &quot;mu\u0219carea&quot; \u0219uruburilor \u00een transomuri, asigur\u00e2nd o distribu\u021bie mai uniform\u0103 a \u00eenc\u0103rc\u0103turii pe motoarele de b\u0103rci de \u00eenalt\u0103 performan\u021b\u0103. \u00cembun\u0103t\u0103\u021bi\u021bi durabilitatea \u0219i performan\u021ba b\u0103rcii dvs. cu produsele noastre proiectate cu expertiz\u0103.\" \/>\n<meta property=\"og:url\" content=\"https:\/\/boatsexpert.com\/ro\/produs\/t-h-marine-placa-de-suport-oglinda-mare-2\/\" \/>\n<meta property=\"og:site_name\" content=\"BoatsExpert\" \/>\n<meta property=\"article:modified_time\" content=\"2024-05-31T12:23:13+00:00\" \/>\n<meta property=\"og:image\" content=\"https:\/\/boatsexpert.com\/wp-content\/uploads\/2024\/05\/lower-bolt-holes-standard-cmc-machined-transom-support-plates-28005173133355.jpg\" \/>\n\t<meta property=\"og:image:width\" content=\"555\" \/>\n\t<meta property=\"og:image:height\" content=\"478\" \/>\n\t<meta property=\"og:image:type\" content=\"image\/jpeg\" \/>\n<meta name=\"twitter:card\" content=\"summary_large_image\" \/>\n<script type=\"application\/ld+json\" class=\"yoast-schema-graph\">{\"@context\":\"https:\/\/schema.org\",\"@graph\":[{\"@type\":\"WebPage\",\"@id\":\"https:\/\/boatsexpert.com\/ro\/produs\/t-h-marine-placa-de-suport-oglinda-mare-2\/\",\"url\":\"https:\/\/boatsexpert.com\/ro\/produs\/t-h-marine-placa-de-suport-oglinda-mare-2\/\",\"name\":\"T-H Marine Placa de suport oglinda mare - BoatsExpert\",\"isPartOf\":{\"@id\":\"https:\/\/boatsexpert.com\/ro\/#website\"},\"datePublished\":\"2024-05-31T12:20:34+00:00\",\"dateModified\":\"2024-05-31T12:23:13+00:00\",\"breadcrumb\":{\"@id\":\"https:\/\/boatsexpert.com\/ro\/produs\/t-h-marine-placa-de-suport-oglinda-mare-2\/#breadcrumb\"},\"inLanguage\":\"ro-RO\",\"potentialAction\":[{\"@type\":\"ReadAction\",\"target\":[\"https:\/\/boatsexpert.com\/ro\/produs\/t-h-marine-placa-de-suport-oglinda-mare-2\/\"]}]},{\"@type\":\"BreadcrumbList\",\"@id\":\"https:\/\/boatsexpert.com\/ro\/produs\/t-h-marine-placa-de-suport-oglinda-mare-2\/#breadcrumb\",\"itemListElement\":[{\"@type\":\"ListItem\",\"position\":1,\"name\":\"Home\",\"item\":\"https:\/\/boatsexpert.com\/ro\/\"},{\"@type\":\"ListItem\",\"position\":2,\"name\":\"Shop Online &#8211; cel mai bun magazin pentru echipamente pentru b\u0103rci\",\"item\":\"https:\/\/boatsexpert.com\/ro\/shop-ro\/\"},{\"@type\":\"ListItem\",\"position\":3,\"name\":\"T-H Marine Placa de suport oglinda mare\"}]},{\"@type\":\"WebSite\",\"@id\":\"https:\/\/boatsexpert.com\/ro\/#website\",\"url\":\"https:\/\/boatsexpert.com\/ro\/\",\"name\":\"BoatsExpert\",\"description\":\"Boats, Service, Equipment\",\"publisher\":{\"@id\":\"https:\/\/boatsexpert.com\/ro\/#organization\"},\"potentialAction\":[{\"@type\":\"SearchAction\",\"target\":{\"@type\":\"EntryPoint\",\"urlTemplate\":\"https:\/\/boatsexpert.com\/ro\/?s={search_term_string}\"},\"query-input\":\"required name=search_term_string\"}],\"inLanguage\":\"ro-RO\"},{\"@type\":\"Organization\",\"@id\":\"https:\/\/boatsexpert.com\/ro\/#organization\",\"name\":\"BoatsExpert\",\"url\":\"https:\/\/boatsexpert.com\/ro\/\",\"logo\":{\"@type\":\"ImageObject\",\"inLanguage\":\"ro-RO\",\"@id\":\"https:\/\/boatsexpert.com\/ro\/#\/schema\/logo\/image\/\",\"url\":\"https:\/\/boatsexpert.com\/wp-content\/uploads\/2023\/05\/white-logo60.svg\",\"contentUrl\":\"https:\/\/boatsexpert.com\/wp-content\/uploads\/2023\/05\/white-logo60.svg\",\"width\":90,\"height\":60,\"caption\":\"BoatsExpert\"},\"image\":{\"@id\":\"https:\/\/boatsexpert.com\/ro\/#\/schema\/logo\/image\/\"}}]}<\/script>\n<!-- \/ Yoast SEO plugin. -->","yoast_head_json":{"title":"T-H Marine Placa de suport oglinda mare - BoatsExpert","robots":{"index":"index","follow":"follow","max-snippet":"max-snippet:-1","max-image-preview":"max-image-preview:large","max-video-preview":"max-video-preview:-1"},"canonical":"https:\/\/boatsexpert.com\/ro\/produs\/t-h-marine-placa-de-suport-oglinda-mare-2\/","og_locale":"ro_RO","og_type":"article","og_title":"T-H Marine Placa de suport oglinda mare - BoatsExpert","og_description":"&nbsp;    T-H Marine Placa de suport oglinda mare | G\u0103uri inferioare pentru \u0219uruburi  Oferim pl\u0103ci de suport \/ \u0219aibe transom T-H Marine premium, fabricate din aliaj de aluminiu 6061 T6 de 3\/8\" (nu aluminiu turnat). Aceste \u0219aibe transom CMC sunt concepute pentru a preveni \"mu\u0219carea\" \u0219uruburilor \u00een transomuri, asigur\u00e2nd o distribu\u021bie mai uniform\u0103 a \u00eenc\u0103rc\u0103turii pe motoarele de b\u0103rci de \u00eenalt\u0103 performan\u021b\u0103. \u00cembun\u0103t\u0103\u021bi\u021bi durabilitatea \u0219i performan\u021ba b\u0103rcii dvs. cu produsele noastre proiectate cu expertiz\u0103.","og_url":"https:\/\/boatsexpert.com\/ro\/produs\/t-h-marine-placa-de-suport-oglinda-mare-2\/","og_site_name":"BoatsExpert","article_modified_time":"2024-05-31T12:23:13+00:00","og_image":[{"width":555,"height":478,"url":"https:\/\/boatsexpert.com\/wp-content\/uploads\/2024\/05\/lower-bolt-holes-standard-cmc-machined-transom-support-plates-28005173133355.jpg","type":"image\/jpeg"}],"twitter_card":"summary_large_image","schema":{"@context":"https:\/\/schema.org","@graph":[{"@type":"WebPage","@id":"https:\/\/boatsexpert.com\/ro\/produs\/t-h-marine-placa-de-suport-oglinda-mare-2\/","url":"https:\/\/boatsexpert.com\/ro\/produs\/t-h-marine-placa-de-suport-oglinda-mare-2\/","name":"T-H Marine Placa de suport oglinda mare - BoatsExpert","isPartOf":{"@id":"https:\/\/boatsexpert.com\/ro\/#website"},"datePublished":"2024-05-31T12:20:34+00:00","dateModified":"2024-05-31T12:23:13+00:00","breadcrumb":{"@id":"https:\/\/boatsexpert.com\/ro\/produs\/t-h-marine-placa-de-suport-oglinda-mare-2\/#breadcrumb"},"inLanguage":"ro-RO","potentialAction":[{"@type":"ReadAction","target":["https:\/\/boatsexpert.com\/ro\/produs\/t-h-marine-placa-de-suport-oglinda-mare-2\/"]}]},{"@type":"BreadcrumbList","@id":"https:\/\/boatsexpert.com\/ro\/produs\/t-h-marine-placa-de-suport-oglinda-mare-2\/#breadcrumb","itemListElement":[{"@type":"ListItem","position":1,"name":"Home","item":"https:\/\/boatsexpert.com\/ro\/"},{"@type":"ListItem","position":2,"name":"Shop Online &#8211; cel mai bun magazin pentru echipamente pentru b\u0103rci","item":"https:\/\/boatsexpert.com\/ro\/shop-ro\/"},{"@type":"ListItem","position":3,"name":"T-H Marine Placa de suport oglinda mare"}]},{"@type":"WebSite","@id":"https:\/\/boatsexpert.com\/ro\/#website","url":"https:\/\/boatsexpert.com\/ro\/","name":"BoatsExpert","description":"Boats, Service, Equipment","publisher":{"@id":"https:\/\/boatsexpert.com\/ro\/#organization"},"potentialAction":[{"@type":"SearchAction","target":{"@type":"EntryPoint","urlTemplate":"https:\/\/boatsexpert.com\/ro\/?s={search_term_string}"},"query-input":"required name=search_term_string"}],"inLanguage":"ro-RO"},{"@type":"Organization","@id":"https:\/\/boatsexpert.com\/ro\/#organization","name":"BoatsExpert","url":"https:\/\/boatsexpert.com\/ro\/","logo":{"@type":"ImageObject","inLanguage":"ro-RO","@id":"https:\/\/boatsexpert.com\/ro\/#\/schema\/logo\/image\/","url":"https:\/\/boatsexpert.com\/wp-content\/uploads\/2023\/05\/white-logo60.svg","contentUrl":"https:\/\/boatsexpert.com\/wp-content\/uploads\/2023\/05\/white-logo60.svg","width":90,"height":60,"caption":"BoatsExpert"},"image":{"@id":"https:\/\/boatsexpert.com\/ro\/#\/schema\/logo\/image\/"}}]}},"_links":{"self":[{"href":"https:\/\/boatsexpert.com\/ro\/wp-json\/wp\/v2\/product\/36563","targetHints":{"allow":["GET"]}}],"collection":[{"href":"https:\/\/boatsexpert.com\/ro\/wp-json\/wp\/v2\/product"}],"about":[{"href":"https:\/\/boatsexpert.com\/ro\/wp-json\/wp\/v2\/types\/product"}],"replies":[{"embeddable":true,"href":"https:\/\/boatsexpert.com\/ro\/wp-json\/wp\/v2\/comments?post=36563"}],"version-history":[{"count":1,"href":"https:\/\/boatsexpert.com\/ro\/wp-json\/wp\/v2\/product\/36563\/revisions"}],"predecessor-version":[{"id":36565,"href":"https:\/\/boatsexpert.com\/ro\/wp-json\/wp\/v2\/product\/36563\/revisions\/36565"}],"wp:featuredmedia":[{"embeddable":true,"href":"https:\/\/boatsexpert.com\/ro\/wp-json\/wp\/v2\/media\/36551"}],"wp:attachment":[{"href":"https:\/\/boatsexpert.com\/ro\/wp-json\/wp\/v2\/media?parent=36563"}],"wp:term":[{"taxonomy":"product_brand","embeddable":true,"href":"https:\/\/boatsexpert.com\/ro\/wp-json\/wp\/v2\/product_brand?post=36563"},{"taxonomy":"product_cat","embeddable":true,"href":"https:\/\/boatsexpert.com\/ro\/wp-json\/wp\/v2\/product_cat?post=36563"},{"taxonomy":"product_tag","embeddable":true,"href":"https:\/\/boatsexpert.com\/ro\/wp-json\/wp\/v2\/product_tag?post=36563"}],"curies":[{"name":"wp","href":"https:\/\/api.w.org\/{rel}","templated":true}]}}