{"id":37149,"date":"2024-08-22T15:58:43","date_gmt":"2024-08-22T12:58:44","guid":{"rendered":"https:\/\/boatsexpert.com\/?post_type=product&#038;p=37149"},"modified":"2024-08-23T17:36:02","modified_gmt":"2024-08-23T14:36:02","slug":"seasafe-i-zip-170n-vesta-de-salvare-acoperire-din-fibra-de-carbon-logo-be-grafit","status":"publish","type":"product","link":"https:\/\/boatsexpert.com\/ro\/produs\/seasafe-i-zip-170n-vesta-de-salvare-acoperire-din-fibra-de-carbon-logo-be-grafit\/","title":{"rendered":"Seasafe I-Zip 170N Vest\u0103 de Salvare Acoperire din fibr\u0103 de carbon Logo BE, Grafit"},"content":{"rendered":"\t\t<div data-elementor-type=\"wp-post\" data-elementor-id=\"37149\" class=\"elementor elementor-37149 elementor-37148\">\n\t\t\t\t\t\t\t\t\t<section class=\"elementor-section elementor-top-section elementor-element elementor-element-20e960c elementor-section-boxed elementor-section-height-default elementor-section-height-default\" data-id=\"20e960c\" data-element_type=\"section\">\n\t\t\t\t\t\t<div class=\"elementor-container elementor-column-gap-default\">\n\t\t\t\t\t<div class=\"elementor-column elementor-col-100 elementor-top-column elementor-element elementor-element-1c57ee0\" data-id=\"1c57ee0\" data-element_type=\"column\">\n\t\t\t<div class=\"elementor-widget-wrap elementor-element-populated\">\n\t\t\t\t\t\t\t\t<div class=\"elementor-element elementor-element-142c0eb elementor-widget elementor-widget-heading\" data-id=\"142c0eb\" data-element_type=\"widget\" data-widget_type=\"heading.default\">\n\t\t\t\t<div class=\"elementor-widget-container\">\n\t\t\t<style>\/*! elementor - v3.12.1 - 02-04-2023 *\/\n.elementor-heading-title{padding:0;margin:0;line-height:1}.elementor-widget-heading .elementor-heading-title[class*=elementor-size-]>a{color:inherit;font-size:inherit;line-height:inherit}.elementor-widget-heading .elementor-heading-title.elementor-size-small{font-size:15px}.elementor-widget-heading .elementor-heading-title.elementor-size-medium{font-size:19px}.elementor-widget-heading .elementor-heading-title.elementor-size-large{font-size:29px}.elementor-widget-heading .elementor-heading-title.elementor-size-xl{font-size:39px}.elementor-widget-heading .elementor-heading-title.elementor-size-xxl{font-size:59px}<\/style><h6 class=\"elementor-heading-title elementor-size-large\">Descriere<\/h6>\t\t<\/div>\n\t\t\t\t<\/div>\n\t\t\t\t\t<\/div>\n\t\t<\/div>\n\t\t\t\t\t\t\t<\/div>\n\t\t<\/section>\n\t\t\t\t<section class=\"elementor-section elementor-top-section elementor-element elementor-element-4a6b15d elementor-section-boxed elementor-section-height-default elementor-section-height-default\" data-id=\"4a6b15d\" data-element_type=\"section\">\n\t\t\t\t\t\t<div class=\"elementor-container elementor-column-gap-default\">\n\t\t\t\t\t<div class=\"elementor-column elementor-col-100 elementor-top-column elementor-element elementor-element-033dcd6\" data-id=\"033dcd6\" data-element_type=\"column\">\n\t\t\t<div class=\"elementor-widget-wrap elementor-element-populated\">\n\t\t\t\t\t\t\t\t<div class=\"elementor-element elementor-element-f9440fe elementor-widget elementor-widget-text-editor\" data-id=\"f9440fe\" data-element_type=\"widget\" data-widget_type=\"text-editor.default\">\n\t\t\t\t<div class=\"elementor-widget-container\">\n\t\t\t<style>\/*! elementor - v3.12.1 - 02-04-2023 *\/\n.elementor-widget-text-editor.elementor-drop-cap-view-stacked .elementor-drop-cap{background-color:#69727d;color:#fff}.elementor-widget-text-editor.elementor-drop-cap-view-framed .elementor-drop-cap{color:#69727d;border:3px solid;background-color:transparent}.elementor-widget-text-editor:not(.elementor-drop-cap-view-default) .elementor-drop-cap{margin-top:8px}.elementor-widget-text-editor:not(.elementor-drop-cap-view-default) .elementor-drop-cap-letter{width:1em;height:1em}.elementor-widget-text-editor .elementor-drop-cap{float:left;text-align:center;line-height:1;font-size:50px}.elementor-widget-text-editor .elementor-drop-cap-letter{display:inline-block}<\/style>\t\t\t\t<p>\u00a0 \u00a0 \u00a0Vestele de salvare Carbon Fibre Style sunt dispozitive de flotabilitate personal\u0103 <strong>certificate la 150N pentru standardul ISO12402<\/strong> cu o flotabilitate testat\u0103 efectiv de <strong>182N<\/strong>. <strong>275N pentru standardul ISO12402<\/strong>, cu o flotabilitate testat\u0103 efectiv de <strong>310N<\/strong>. Vestele de salvare Carbon Fibre Style au acum <strong>etichete NFC montate standard<\/strong> cu <strong>detalii despre vest\u0103<\/strong> \u0219i <strong>istoricul de \u00eentre\u021binere<\/strong> stocate, astfel \u00eenc\u00e2t s\u0103 poat\u0103 fi citite cu u\u0219urin\u021b\u0103 f\u0103r\u0103 a deschide vesta. Vestele de salvare Carbon Fibre Style sunt un produs complet unic cu un <strong>capac frontal deta\u0219abil<\/strong> care poate fi \u00eenlocuit, sp\u0103lat sau actualizat, dac\u0103 este necesar. <strong>Verific\u0103rile pre-opera\u021bionale<\/strong> sunt simplificate cu <strong>zip-ul capacului frontal<\/strong> care permite acces u\u0219or la <strong>mecanismul de declan\u0219are<\/strong> pentru a asigura c\u0103 totul este corect.<\/p>\t\t\t\t\t\t<\/div>\n\t\t\t\t<\/div>\n\t\t\t\t\t<\/div>\n\t\t<\/div>\n\t\t\t\t\t\t\t<\/div>\n\t\t<\/section>\n\t\t\t\t<section class=\"elementor-section elementor-top-section elementor-element elementor-element-11deeb5 elementor-section-boxed elementor-section-height-default elementor-section-height-default\" data-id=\"11deeb5\" data-element_type=\"section\">\n\t\t\t\t\t\t<div class=\"elementor-container elementor-column-gap-default\">\n\t\t\t\t\t<div class=\"elementor-column elementor-col-100 elementor-top-column elementor-element elementor-element-5d5bd25\" data-id=\"5d5bd25\" data-element_type=\"column\">\n\t\t\t<div class=\"elementor-widget-wrap elementor-element-populated\">\n\t\t\t\t\t\t\t\t<div class=\"elementor-element elementor-element-01849c9 elementor-widget elementor-widget-heading\" data-id=\"01849c9\" data-element_type=\"widget\" data-widget_type=\"heading.default\">\n\t\t\t\t<div class=\"elementor-widget-container\">\n\t\t\t<h6 class=\"elementor-heading-title elementor-size-large\">Informa\u021bii Tehnice<\/h6>\t\t<\/div>\n\t\t\t\t<\/div>\n\t\t\t\t\t<\/div>\n\t\t<\/div>\n\t\t\t\t\t\t\t<\/div>\n\t\t<\/section>\n\t\t\t\t<section class=\"elementor-section elementor-top-section elementor-element elementor-element-6acabef elementor-section-boxed elementor-section-height-default elementor-section-height-default\" data-id=\"6acabef\" data-element_type=\"section\">\n\t\t\t\t\t\t<div class=\"elementor-container elementor-column-gap-default\">\n\t\t\t\t\t<div class=\"elementor-column elementor-col-100 elementor-top-column elementor-element elementor-element-3d0397b\" data-id=\"3d0397b\" data-element_type=\"column\">\n\t\t\t<div class=\"elementor-widget-wrap elementor-element-populated\">\n\t\t\t\t\t\t\t\t<div class=\"elementor-element elementor-element-6eb82c6 elementor-widget elementor-widget-text-editor\" data-id=\"6eb82c6\" data-element_type=\"widget\" data-widget_type=\"text-editor.default\">\n\t\t\t\t<div class=\"elementor-widget-container\">\n\t\t\t\t\t\t\t<div class=\"row\"><div class=\"col-md-6\"><div><span style=\"color: #222222;font-family: Poppins\"><span style=\"font-size: 21px\"><b>\u00a0<\/b><\/span><\/span><\/div><ul class=\"tt-list03\"><li>Made in Britain<\/li><li>Patent Design<\/li><li>170N (1.2kg) or 275N (1.5kg) Lifejacket<\/li><li>170N 33g CO2 bottle \u2013\u00a0275N 60g CO2 bottle<\/li><li>Oral Backup Inflation<\/li><li>Manual back-up inflation on Automatic Lifejackets<\/li><li>Concealed, Pea-less Whistle<\/li><li>Padded soft &amp; comfortable collar<\/li><li>Outside front zip to allow easy access to the firing mechanism &amp; gas (CO2) bottle<\/li><li>Size Lifejacket fits chest between 68cm -144cm<\/li><li>Single crotch strap fitted as standard<\/li><\/ul><\/div><\/div>\t\t\t\t\t\t<\/div>\n\t\t\t\t<\/div>\n\t\t\t\t\t<\/div>\n\t\t<\/div>\n\t\t\t\t\t\t\t<\/div>\n\t\t<\/section>\n\t\t\t\t\t\t\t<\/div>\n\t\t","protected":false},"excerpt":{"rendered":"<p>&nbsp;<\/p>\n<p><strong>Vestele de salvare Carbon Fibre Style, Logo BE, Grafit<\/strong><\/p>\n<p>au acum etichete NFC montate standard, cu detalii despre vest\u0103 \u0219i istoricul de \u00eentre\u021binere stocate, astfel \u00eenc\u00e2t s\u0103 poat\u0103 fi citite cu u\u0219urin\u021b\u0103 f\u0103r\u0103 a deschide vesta.<\/p>\n<p>Vestele de salvare SeaSafe sunt un produs complet unic, cu un capac frontal deta\u0219abil care poate fi \u00eenlocuit, sp\u0103lat sau actualizat, dac\u0103 este necesar.<\/p>\n","protected":false},"featured_media":37156,"comment_status":"open","ping_status":"closed","template":"","meta":{"inline_featured_image":false},"product_brand":[],"product_cat":[427],"product_tag":[],"class_list":{"0":"post-37149","1":"product","2":"type-product","3":"status-publish","4":"has-post-thumbnail","6":"product_cat-echipament-navigatie","7":"tt-post","9":"first","10":"instock","11":"shipping-taxable","12":"purchasable","13":"product-type-simple"},"yoast_head":"<!-- This site is optimized with the Yoast SEO plugin v20.13 - https:\/\/yoast.com\/wordpress\/plugins\/seo\/ -->\n<title>Seasafe I-Zip 170N Vest\u0103 de Salvare din fibr\u0103 de carbon, Grafit - BoatsExpert<\/title>\n<meta name=\"description\" content=\"Vesta de salvare SeaSafe Carbon Fibre de la Boats Expert. Gama larg\u0103 de echipamente de siguran\u021b\u0103 pentru b\u0103rci cu motor, cu livrare \u00een toat\u0103 Europa.\" \/>\n<meta name=\"robots\" content=\"index, follow, max-snippet:-1, max-image-preview:large, max-video-preview:-1\" \/>\n<link rel=\"canonical\" href=\"https:\/\/boatsexpert.com\/ro\/produs\/seasafe-i-zip-170n-vesta-de-salvare-acoperire-din-fibra-de-carbon-logo-be-grafit\/\" \/>\n<meta property=\"og:locale\" content=\"ro_RO\" \/>\n<meta property=\"og:type\" content=\"article\" \/>\n<meta property=\"og:title\" content=\"Seasafe I-Zip 170N Vest\u0103 de Salvare din fibr\u0103 de carbon, Grafit - BoatsExpert\" \/>\n<meta property=\"og:description\" content=\"Vesta de salvare SeaSafe Carbon Fibre de la Boats Expert. Gama larg\u0103 de echipamente de siguran\u021b\u0103 pentru b\u0103rci cu motor, cu livrare \u00een toat\u0103 Europa.\" \/>\n<meta property=\"og:url\" content=\"https:\/\/boatsexpert.com\/ro\/produs\/seasafe-i-zip-170n-vesta-de-salvare-acoperire-din-fibra-de-carbon-logo-be-grafit\/\" \/>\n<meta property=\"og:site_name\" content=\"BoatsExpert\" \/>\n<meta property=\"article:modified_time\" content=\"2024-08-23T14:36:02+00:00\" \/>\n<meta property=\"og:image\" content=\"https:\/\/boatsexpert.com\/wp-content\/uploads\/2024\/08\/Graphite.png\" \/>\n\t<meta property=\"og:image:width\" content=\"555\" \/>\n\t<meta property=\"og:image:height\" content=\"478\" \/>\n\t<meta property=\"og:image:type\" content=\"image\/png\" \/>\n<meta name=\"twitter:card\" content=\"summary_large_image\" \/>\n<meta name=\"twitter:label1\" content=\"Timp estimat pentru citire\" \/>\n\t<meta name=\"twitter:data1\" content=\"1 minut\" \/>\n<script type=\"application\/ld+json\" class=\"yoast-schema-graph\">{\"@context\":\"https:\/\/schema.org\",\"@graph\":[{\"@type\":\"WebPage\",\"@id\":\"https:\/\/boatsexpert.com\/ro\/produs\/seasafe-i-zip-170n-vesta-de-salvare-acoperire-din-fibra-de-carbon-logo-be-grafit\/\",\"url\":\"https:\/\/boatsexpert.com\/ro\/produs\/seasafe-i-zip-170n-vesta-de-salvare-acoperire-din-fibra-de-carbon-logo-be-grafit\/\",\"name\":\"Seasafe I-Zip 170N Vest\u0103 de Salvare din fibr\u0103 de carbon, Grafit - BoatsExpert\",\"isPartOf\":{\"@id\":\"https:\/\/boatsexpert.com\/ro\/#website\"},\"datePublished\":\"2024-08-22T12:58:44+00:00\",\"dateModified\":\"2024-08-23T14:36:02+00:00\",\"description\":\"Vesta de salvare SeaSafe Carbon Fibre de la Boats Expert. Gama larg\u0103 de echipamente de siguran\u021b\u0103 pentru b\u0103rci cu motor, cu livrare \u00een toat\u0103 Europa.\",\"breadcrumb\":{\"@id\":\"https:\/\/boatsexpert.com\/ro\/produs\/seasafe-i-zip-170n-vesta-de-salvare-acoperire-din-fibra-de-carbon-logo-be-grafit\/#breadcrumb\"},\"inLanguage\":\"ro-RO\",\"potentialAction\":[{\"@type\":\"ReadAction\",\"target\":[\"https:\/\/boatsexpert.com\/ro\/produs\/seasafe-i-zip-170n-vesta-de-salvare-acoperire-din-fibra-de-carbon-logo-be-grafit\/\"]}]},{\"@type\":\"BreadcrumbList\",\"@id\":\"https:\/\/boatsexpert.com\/ro\/produs\/seasafe-i-zip-170n-vesta-de-salvare-acoperire-din-fibra-de-carbon-logo-be-grafit\/#breadcrumb\",\"itemListElement\":[{\"@type\":\"ListItem\",\"position\":1,\"name\":\"Home\",\"item\":\"https:\/\/boatsexpert.com\/ro\/\"},{\"@type\":\"ListItem\",\"position\":2,\"name\":\"Shop Online &#8211; cel mai bun magazin pentru echipamente pentru b\u0103rci\",\"item\":\"https:\/\/boatsexpert.com\/ro\/shop-ro\/\"},{\"@type\":\"ListItem\",\"position\":3,\"name\":\"Seasafe I-Zip 170N Vest\u0103 de Salvare Acoperire din fibr\u0103 de carbon Logo BE, Grafit\"}]},{\"@type\":\"WebSite\",\"@id\":\"https:\/\/boatsexpert.com\/ro\/#website\",\"url\":\"https:\/\/boatsexpert.com\/ro\/\",\"name\":\"BoatsExpert\",\"description\":\"Boats, Service, Equipment\",\"publisher\":{\"@id\":\"https:\/\/boatsexpert.com\/ro\/#organization\"},\"potentialAction\":[{\"@type\":\"SearchAction\",\"target\":{\"@type\":\"EntryPoint\",\"urlTemplate\":\"https:\/\/boatsexpert.com\/ro\/?s={search_term_string}\"},\"query-input\":\"required name=search_term_string\"}],\"inLanguage\":\"ro-RO\"},{\"@type\":\"Organization\",\"@id\":\"https:\/\/boatsexpert.com\/ro\/#organization\",\"name\":\"BoatsExpert\",\"url\":\"https:\/\/boatsexpert.com\/ro\/\",\"logo\":{\"@type\":\"ImageObject\",\"inLanguage\":\"ro-RO\",\"@id\":\"https:\/\/boatsexpert.com\/ro\/#\/schema\/logo\/image\/\",\"url\":\"https:\/\/boatsexpert.com\/wp-content\/uploads\/2023\/05\/white-logo60.svg\",\"contentUrl\":\"https:\/\/boatsexpert.com\/wp-content\/uploads\/2023\/05\/white-logo60.svg\",\"width\":90,\"height\":60,\"caption\":\"BoatsExpert\"},\"image\":{\"@id\":\"https:\/\/boatsexpert.com\/ro\/#\/schema\/logo\/image\/\"}}]}<\/script>\n<!-- \/ Yoast SEO plugin. -->","yoast_head_json":{"title":"Seasafe I-Zip 170N Vest\u0103 de Salvare din fibr\u0103 de carbon, Grafit - BoatsExpert","description":"Vesta de salvare SeaSafe Carbon Fibre de la Boats Expert. Gama larg\u0103 de echipamente de siguran\u021b\u0103 pentru b\u0103rci cu motor, cu livrare \u00een toat\u0103 Europa.","robots":{"index":"index","follow":"follow","max-snippet":"max-snippet:-1","max-image-preview":"max-image-preview:large","max-video-preview":"max-video-preview:-1"},"canonical":"https:\/\/boatsexpert.com\/ro\/produs\/seasafe-i-zip-170n-vesta-de-salvare-acoperire-din-fibra-de-carbon-logo-be-grafit\/","og_locale":"ro_RO","og_type":"article","og_title":"Seasafe I-Zip 170N Vest\u0103 de Salvare din fibr\u0103 de carbon, Grafit - BoatsExpert","og_description":"Vesta de salvare SeaSafe Carbon Fibre de la Boats Expert. Gama larg\u0103 de echipamente de siguran\u021b\u0103 pentru b\u0103rci cu motor, cu livrare \u00een toat\u0103 Europa.","og_url":"https:\/\/boatsexpert.com\/ro\/produs\/seasafe-i-zip-170n-vesta-de-salvare-acoperire-din-fibra-de-carbon-logo-be-grafit\/","og_site_name":"BoatsExpert","article_modified_time":"2024-08-23T14:36:02+00:00","og_image":[{"width":555,"height":478,"url":"https:\/\/boatsexpert.com\/wp-content\/uploads\/2024\/08\/Graphite.png","type":"image\/png"}],"twitter_card":"summary_large_image","twitter_misc":{"Timp estimat pentru citire":"1 minut"},"schema":{"@context":"https:\/\/schema.org","@graph":[{"@type":"WebPage","@id":"https:\/\/boatsexpert.com\/ro\/produs\/seasafe-i-zip-170n-vesta-de-salvare-acoperire-din-fibra-de-carbon-logo-be-grafit\/","url":"https:\/\/boatsexpert.com\/ro\/produs\/seasafe-i-zip-170n-vesta-de-salvare-acoperire-din-fibra-de-carbon-logo-be-grafit\/","name":"Seasafe I-Zip 170N Vest\u0103 de Salvare din fibr\u0103 de carbon, Grafit - BoatsExpert","isPartOf":{"@id":"https:\/\/boatsexpert.com\/ro\/#website"},"datePublished":"2024-08-22T12:58:44+00:00","dateModified":"2024-08-23T14:36:02+00:00","description":"Vesta de salvare SeaSafe Carbon Fibre de la Boats Expert. Gama larg\u0103 de echipamente de siguran\u021b\u0103 pentru b\u0103rci cu motor, cu livrare \u00een toat\u0103 Europa.","breadcrumb":{"@id":"https:\/\/boatsexpert.com\/ro\/produs\/seasafe-i-zip-170n-vesta-de-salvare-acoperire-din-fibra-de-carbon-logo-be-grafit\/#breadcrumb"},"inLanguage":"ro-RO","potentialAction":[{"@type":"ReadAction","target":["https:\/\/boatsexpert.com\/ro\/produs\/seasafe-i-zip-170n-vesta-de-salvare-acoperire-din-fibra-de-carbon-logo-be-grafit\/"]}]},{"@type":"BreadcrumbList","@id":"https:\/\/boatsexpert.com\/ro\/produs\/seasafe-i-zip-170n-vesta-de-salvare-acoperire-din-fibra-de-carbon-logo-be-grafit\/#breadcrumb","itemListElement":[{"@type":"ListItem","position":1,"name":"Home","item":"https:\/\/boatsexpert.com\/ro\/"},{"@type":"ListItem","position":2,"name":"Shop Online &#8211; cel mai bun magazin pentru echipamente pentru b\u0103rci","item":"https:\/\/boatsexpert.com\/ro\/shop-ro\/"},{"@type":"ListItem","position":3,"name":"Seasafe I-Zip 170N Vest\u0103 de Salvare Acoperire din fibr\u0103 de carbon Logo BE, Grafit"}]},{"@type":"WebSite","@id":"https:\/\/boatsexpert.com\/ro\/#website","url":"https:\/\/boatsexpert.com\/ro\/","name":"BoatsExpert","description":"Boats, Service, Equipment","publisher":{"@id":"https:\/\/boatsexpert.com\/ro\/#organization"},"potentialAction":[{"@type":"SearchAction","target":{"@type":"EntryPoint","urlTemplate":"https:\/\/boatsexpert.com\/ro\/?s={search_term_string}"},"query-input":"required name=search_term_string"}],"inLanguage":"ro-RO"},{"@type":"Organization","@id":"https:\/\/boatsexpert.com\/ro\/#organization","name":"BoatsExpert","url":"https:\/\/boatsexpert.com\/ro\/","logo":{"@type":"ImageObject","inLanguage":"ro-RO","@id":"https:\/\/boatsexpert.com\/ro\/#\/schema\/logo\/image\/","url":"https:\/\/boatsexpert.com\/wp-content\/uploads\/2023\/05\/white-logo60.svg","contentUrl":"https:\/\/boatsexpert.com\/wp-content\/uploads\/2023\/05\/white-logo60.svg","width":90,"height":60,"caption":"BoatsExpert"},"image":{"@id":"https:\/\/boatsexpert.com\/ro\/#\/schema\/logo\/image\/"}}]}},"_links":{"self":[{"href":"https:\/\/boatsexpert.com\/ro\/wp-json\/wp\/v2\/product\/37149","targetHints":{"allow":["GET"]}}],"collection":[{"href":"https:\/\/boatsexpert.com\/ro\/wp-json\/wp\/v2\/product"}],"about":[{"href":"https:\/\/boatsexpert.com\/ro\/wp-json\/wp\/v2\/types\/product"}],"replies":[{"embeddable":true,"href":"https:\/\/boatsexpert.com\/ro\/wp-json\/wp\/v2\/comments?post=37149"}],"version-history":[{"count":8,"href":"https:\/\/boatsexpert.com\/ro\/wp-json\/wp\/v2\/product\/37149\/revisions"}],"predecessor-version":[{"id":37255,"href":"https:\/\/boatsexpert.com\/ro\/wp-json\/wp\/v2\/product\/37149\/revisions\/37255"}],"wp:featuredmedia":[{"embeddable":true,"href":"https:\/\/boatsexpert.com\/ro\/wp-json\/wp\/v2\/media\/37156"}],"wp:attachment":[{"href":"https:\/\/boatsexpert.com\/ro\/wp-json\/wp\/v2\/media?parent=37149"}],"wp:term":[{"taxonomy":"product_brand","embeddable":true,"href":"https:\/\/boatsexpert.com\/ro\/wp-json\/wp\/v2\/product_brand?post=37149"},{"taxonomy":"product_cat","embeddable":true,"href":"https:\/\/boatsexpert.com\/ro\/wp-json\/wp\/v2\/product_cat?post=37149"},{"taxonomy":"product_tag","embeddable":true,"href":"https:\/\/boatsexpert.com\/ro\/wp-json\/wp\/v2\/product_tag?post=37149"}],"curies":[{"name":"wp","href":"https:\/\/api.w.org\/{rel}","templated":true}]}}