{"id":39141,"date":"2025-02-18T20:26:17","date_gmt":"2025-02-18T17:26:18","guid":{"rendered":"https:\/\/boatsexpert.com\/?post_type=product&#038;p=39141"},"modified":"2025-02-20T19:19:23","modified_gmt":"2025-02-20T16:19:23","slug":"finval-515-evo-dc-rc","status":"publish","type":"product","link":"https:\/\/boatsexpert.com\/ro\/produs\/finval-515-evo-dc-rc\/","title":{"rendered":"Finval 515 Evo DC RC"},"content":{"rendered":"\t\t<div data-elementor-type=\"wp-post\" data-elementor-id=\"39141\" class=\"elementor elementor-39141 elementor-39140\">\n\t\t\t\t\t\t\t\t\t<section class=\"elementor-section elementor-top-section elementor-element elementor-element-a291604 elementor-section-boxed elementor-section-height-default elementor-section-height-default\" data-id=\"a291604\" data-element_type=\"section\">\n\t\t\t\t\t\t<div class=\"elementor-container elementor-column-gap-default\">\n\t\t\t\t\t<div class=\"elementor-column elementor-col-100 elementor-top-column elementor-element elementor-element-bde2622\" data-id=\"bde2622\" data-element_type=\"column\">\n\t\t\t<div class=\"elementor-widget-wrap elementor-element-populated\">\n\t\t\t\t\t\t\t\t<div class=\"elementor-element elementor-element-3e87cb4 elementor-widget elementor-widget-text-editor\" data-id=\"3e87cb4\" data-element_type=\"widget\" data-widget_type=\"text-editor.default\">\n\t\t\t\t<div class=\"elementor-widget-container\">\n\t\t\t<style>\/*! elementor - v3.12.1 - 02-04-2023 *\/\n.elementor-widget-text-editor.elementor-drop-cap-view-stacked .elementor-drop-cap{background-color:#69727d;color:#fff}.elementor-widget-text-editor.elementor-drop-cap-view-framed .elementor-drop-cap{color:#69727d;border:3px solid;background-color:transparent}.elementor-widget-text-editor:not(.elementor-drop-cap-view-default) .elementor-drop-cap{margin-top:8px}.elementor-widget-text-editor:not(.elementor-drop-cap-view-default) .elementor-drop-cap-letter{width:1em;height:1em}.elementor-widget-text-editor .elementor-drop-cap{float:left;text-align:center;line-height:1;font-size:50px}.elementor-widget-text-editor .elementor-drop-cap-letter{display:inline-block}<\/style>\t\t\t\t<h6 class=\"tt-title-single-sub\">Specificatii<\/h6><div class=\"row\"><div class=\"col-md-6\"><ul class=\"tt-list03\"><li style=\"font-weight: 400\"><strong>Lungime<\/strong> &#8211; 5.1 m<\/li><li style=\"font-weight: 400\"><strong>L\u0103\u021bime <\/strong>&#8211; 2.12 m<\/li><li style=\"font-weight: 400\"><strong>Unghiul oglinzii<\/strong> &#8211; 14\u00b0<\/li><li style=\"font-weight: 400\"><strong>Pescaj <\/strong>&#8211; 330 mm<\/li><li style=\"font-weight: 400\"><strong>Material coca<\/strong> &#8211; AlMg 4,5 Mn (5083)<\/li><li><strong>Grosime coca<\/strong> &#8211; 3 mm<\/li><\/ul><\/div><div class=\"col-md-6\"><ul class=\"tt-list03\"><li><strong>Greutatea b\u0103rcii<\/strong> &#8211; 523 kg<\/li><li><strong>\u00cenc\u0103rc\u0103tura maxim\u0103 <\/strong>&#8211; 600 kg<\/li><li style=\"font-weight: 400\"><strong>Motor recomandat<\/strong> &#8211; 70 &#8211; 115 hp<\/li><li><strong>Capacitate rezervor<\/strong> &#8211; 55 L<\/li><li style=\"font-weight: 400\"><strong>Capacitate persoane<\/strong> &#8211; 4<\/li><li><strong>Compartiment lansete<\/strong> &#8211; 4\/2.9m<\/li><\/ul><\/div><\/div>\t\t\t\t\t\t<\/div>\n\t\t\t\t<\/div>\n\t\t\t\t\t<\/div>\n\t\t<\/div>\n\t\t\t\t\t\t\t<\/div>\n\t\t<\/section>\n\t\t\t\t<section class=\"elementor-section elementor-top-section elementor-element elementor-element-43fd64e elementor-section-boxed elementor-section-height-default elementor-section-height-default\" data-id=\"43fd64e\" data-element_type=\"section\">\n\t\t\t\t\t\t<div class=\"elementor-container elementor-column-gap-default\">\n\t\t\t\t\t<div class=\"elementor-column elementor-col-100 elementor-top-column elementor-element elementor-element-ad1741a\" data-id=\"ad1741a\" data-element_type=\"column\">\n\t\t\t<div class=\"elementor-widget-wrap elementor-element-populated\">\n\t\t\t\t\t\t\t\t<div class=\"elementor-element elementor-element-219f352 elementor-widget elementor-widget-text-editor\" data-id=\"219f352\" data-element_type=\"widget\" data-widget_type=\"text-editor.default\">\n\t\t\t\t<div class=\"elementor-widget-container\">\n\t\t\t\t\t\t\t<h6>\u00a0<\/h6><h6>Toate Specificatii Offer<\/h6>\t\t\t\t\t\t<\/div>\n\t\t\t\t<\/div>\n\t\t\t\t<div class=\"elementor-element elementor-element-9a96c76 elementor-widget elementor-widget-button\" data-id=\"9a96c76\" data-element_type=\"widget\" data-widget_type=\"button.default\">\n\t\t\t\t<div class=\"elementor-widget-container\">\n\t\t\t\t\t<div class=\"elementor-button-wrapper\">\n\t\t\t<a href=\"https:\/\/boatsexpert.com\/wp-content\/uploads\/2025\/02\/Finval-515-DC_UA-BLT5D034H424.xlsx-NEW_515_Evo_DC.pdf\" target=\"_blank\" class=\"elementor-button-link elementor-button elementor-size-sm\" role=\"button\">\n\t\t\t\t\t\t<span class=\"elementor-button-content-wrapper\">\n\t\t\t\t\t\t<span class=\"elementor-button-text\">Descarc\u0103 oferta<\/span>\n\t\t<\/span>\n\t\t\t\t\t<\/a>\n\t\t<\/div>\n\t\t\t\t<\/div>\n\t\t\t\t<\/div>\n\t\t\t\t\t<\/div>\n\t\t<\/div>\n\t\t\t\t\t\t\t<\/div>\n\t\t<\/section>\n\t\t\t\t\t\t\t<\/div>\n\t\t","protected":false},"excerpt":{"rendered":"<p>&nbsp;<\/p>\n<p>Experimenteaz\u0103 performan\u021be \u0219i confort de top cu Finval 515 Evo DC RC. Aceast\u0103 barc\u0103 versatil\u0103 dispune de un corp durabil din aluminiu \u0219i o cabin\u0103 sport spa\u021bioas\u0103, perfect\u0103 at\u00e2t pentru pescuit, c\u00e2t \u0219i pentru croaziere. Designul s\u0103u avansat suport\u0103 echipamente electronice moderne \u0219i ofer\u0103 o stabilitate excep\u021bional\u0103 pe ap\u0103. Bucur\u0103-te de o barc\u0103 personalizabil\u0103 \u0219i durabil\u0103, conceput\u0103 pentru aventurile tale.<\/p>\n","protected":false},"featured_media":39143,"comment_status":"open","ping_status":"closed","template":"","meta":{"inline_featured_image":false},"product_brand":[],"product_cat":[93],"product_tag":[],"class_list":{"0":"post-39141","1":"product","2":"type-product","3":"status-publish","4":"has-post-thumbnail","6":"product_cat-barci-in-stoc-ro","7":"tt-post","9":"first","10":"instock","11":"featured","12":"shipping-taxable","13":"purchasable","14":"product-type-simple"},"yoast_head":"<!-- This site is optimized with the Yoast SEO plugin v20.13 - https:\/\/yoast.com\/wordpress\/plugins\/seo\/ -->\n<title>Finval 515 Evo DC RC - BoatsExpert<\/title>\n<meta name=\"description\" content=\"Descopera barca de aluminiu Finval 515 Evo DC RC. Comanda barca de pescuit in Romania, Moldova. Servicii complete si garantie de 10 ani.\" \/>\n<meta name=\"robots\" content=\"index, follow, max-snippet:-1, max-image-preview:large, max-video-preview:-1\" \/>\n<link rel=\"canonical\" href=\"https:\/\/boatsexpert.com\/ro\/produs\/finval-515-evo-dc-rc\/\" \/>\n<meta property=\"og:locale\" content=\"ro_RO\" \/>\n<meta property=\"og:type\" content=\"article\" \/>\n<meta property=\"og:title\" content=\"Finval 515 Evo DC RC - BoatsExpert\" \/>\n<meta property=\"og:description\" content=\"Descopera barca de aluminiu Finval 515 Evo DC RC. Comanda barca de pescuit in Romania, Moldova. Servicii complete si garantie de 10 ani.\" \/>\n<meta property=\"og:url\" content=\"https:\/\/boatsexpert.com\/ro\/produs\/finval-515-evo-dc-rc\/\" \/>\n<meta property=\"og:site_name\" content=\"BoatsExpert\" \/>\n<meta property=\"article:modified_time\" content=\"2025-02-20T16:19:23+00:00\" \/>\n<meta property=\"og:image\" content=\"https:\/\/boatsexpert.com\/wp-content\/uploads\/2025\/02\/Finval-515-Evo-DC-RC.jpg\" \/>\n\t<meta property=\"og:image:width\" content=\"1110\" \/>\n\t<meta property=\"og:image:height\" content=\"956\" \/>\n\t<meta property=\"og:image:type\" content=\"image\/jpeg\" \/>\n<meta name=\"twitter:card\" content=\"summary_large_image\" \/>\n<script type=\"application\/ld+json\" class=\"yoast-schema-graph\">{\"@context\":\"https:\/\/schema.org\",\"@graph\":[{\"@type\":\"WebPage\",\"@id\":\"https:\/\/boatsexpert.com\/ro\/produs\/finval-515-evo-dc-rc\/\",\"url\":\"https:\/\/boatsexpert.com\/ro\/produs\/finval-515-evo-dc-rc\/\",\"name\":\"Finval 515 Evo DC RC - BoatsExpert\",\"isPartOf\":{\"@id\":\"https:\/\/boatsexpert.com\/ro\/#website\"},\"datePublished\":\"2025-02-18T17:26:18+00:00\",\"dateModified\":\"2025-02-20T16:19:23+00:00\",\"description\":\"Descopera barca de aluminiu Finval 515 Evo DC RC. Comanda barca de pescuit in Romania, Moldova. Servicii complete si garantie de 10 ani.\",\"breadcrumb\":{\"@id\":\"https:\/\/boatsexpert.com\/ro\/produs\/finval-515-evo-dc-rc\/#breadcrumb\"},\"inLanguage\":\"ro-RO\",\"potentialAction\":[{\"@type\":\"ReadAction\",\"target\":[\"https:\/\/boatsexpert.com\/ro\/produs\/finval-515-evo-dc-rc\/\"]}]},{\"@type\":\"BreadcrumbList\",\"@id\":\"https:\/\/boatsexpert.com\/ro\/produs\/finval-515-evo-dc-rc\/#breadcrumb\",\"itemListElement\":[{\"@type\":\"ListItem\",\"position\":1,\"name\":\"Home\",\"item\":\"https:\/\/boatsexpert.com\/ro\/\"},{\"@type\":\"ListItem\",\"position\":2,\"name\":\"Shop Online &#8211; cel mai bun magazin pentru echipamente pentru b\u0103rci\",\"item\":\"https:\/\/boatsexpert.com\/ro\/shop-ro\/\"},{\"@type\":\"ListItem\",\"position\":3,\"name\":\"Finval 515 Evo DC RC\"}]},{\"@type\":\"WebSite\",\"@id\":\"https:\/\/boatsexpert.com\/ro\/#website\",\"url\":\"https:\/\/boatsexpert.com\/ro\/\",\"name\":\"BoatsExpert\",\"description\":\"Boats, Service, Equipment\",\"publisher\":{\"@id\":\"https:\/\/boatsexpert.com\/ro\/#organization\"},\"potentialAction\":[{\"@type\":\"SearchAction\",\"target\":{\"@type\":\"EntryPoint\",\"urlTemplate\":\"https:\/\/boatsexpert.com\/ro\/?s={search_term_string}\"},\"query-input\":\"required name=search_term_string\"}],\"inLanguage\":\"ro-RO\"},{\"@type\":\"Organization\",\"@id\":\"https:\/\/boatsexpert.com\/ro\/#organization\",\"name\":\"BoatsExpert\",\"url\":\"https:\/\/boatsexpert.com\/ro\/\",\"logo\":{\"@type\":\"ImageObject\",\"inLanguage\":\"ro-RO\",\"@id\":\"https:\/\/boatsexpert.com\/ro\/#\/schema\/logo\/image\/\",\"url\":\"https:\/\/boatsexpert.com\/wp-content\/uploads\/2023\/05\/white-logo60.svg\",\"contentUrl\":\"https:\/\/boatsexpert.com\/wp-content\/uploads\/2023\/05\/white-logo60.svg\",\"width\":90,\"height\":60,\"caption\":\"BoatsExpert\"},\"image\":{\"@id\":\"https:\/\/boatsexpert.com\/ro\/#\/schema\/logo\/image\/\"}}]}<\/script>\n<!-- \/ Yoast SEO plugin. -->","yoast_head_json":{"title":"Finval 515 Evo DC RC - BoatsExpert","description":"Descopera barca de aluminiu Finval 515 Evo DC RC. Comanda barca de pescuit in Romania, Moldova. Servicii complete si garantie de 10 ani.","robots":{"index":"index","follow":"follow","max-snippet":"max-snippet:-1","max-image-preview":"max-image-preview:large","max-video-preview":"max-video-preview:-1"},"canonical":"https:\/\/boatsexpert.com\/ro\/produs\/finval-515-evo-dc-rc\/","og_locale":"ro_RO","og_type":"article","og_title":"Finval 515 Evo DC RC - BoatsExpert","og_description":"Descopera barca de aluminiu Finval 515 Evo DC RC. Comanda barca de pescuit in Romania, Moldova. Servicii complete si garantie de 10 ani.","og_url":"https:\/\/boatsexpert.com\/ro\/produs\/finval-515-evo-dc-rc\/","og_site_name":"BoatsExpert","article_modified_time":"2025-02-20T16:19:23+00:00","og_image":[{"width":1110,"height":956,"url":"https:\/\/boatsexpert.com\/wp-content\/uploads\/2025\/02\/Finval-515-Evo-DC-RC.jpg","type":"image\/jpeg"}],"twitter_card":"summary_large_image","schema":{"@context":"https:\/\/schema.org","@graph":[{"@type":"WebPage","@id":"https:\/\/boatsexpert.com\/ro\/produs\/finval-515-evo-dc-rc\/","url":"https:\/\/boatsexpert.com\/ro\/produs\/finval-515-evo-dc-rc\/","name":"Finval 515 Evo DC RC - BoatsExpert","isPartOf":{"@id":"https:\/\/boatsexpert.com\/ro\/#website"},"datePublished":"2025-02-18T17:26:18+00:00","dateModified":"2025-02-20T16:19:23+00:00","description":"Descopera barca de aluminiu Finval 515 Evo DC RC. Comanda barca de pescuit in Romania, Moldova. Servicii complete si garantie de 10 ani.","breadcrumb":{"@id":"https:\/\/boatsexpert.com\/ro\/produs\/finval-515-evo-dc-rc\/#breadcrumb"},"inLanguage":"ro-RO","potentialAction":[{"@type":"ReadAction","target":["https:\/\/boatsexpert.com\/ro\/produs\/finval-515-evo-dc-rc\/"]}]},{"@type":"BreadcrumbList","@id":"https:\/\/boatsexpert.com\/ro\/produs\/finval-515-evo-dc-rc\/#breadcrumb","itemListElement":[{"@type":"ListItem","position":1,"name":"Home","item":"https:\/\/boatsexpert.com\/ro\/"},{"@type":"ListItem","position":2,"name":"Shop Online &#8211; cel mai bun magazin pentru echipamente pentru b\u0103rci","item":"https:\/\/boatsexpert.com\/ro\/shop-ro\/"},{"@type":"ListItem","position":3,"name":"Finval 515 Evo DC RC"}]},{"@type":"WebSite","@id":"https:\/\/boatsexpert.com\/ro\/#website","url":"https:\/\/boatsexpert.com\/ro\/","name":"BoatsExpert","description":"Boats, Service, Equipment","publisher":{"@id":"https:\/\/boatsexpert.com\/ro\/#organization"},"potentialAction":[{"@type":"SearchAction","target":{"@type":"EntryPoint","urlTemplate":"https:\/\/boatsexpert.com\/ro\/?s={search_term_string}"},"query-input":"required name=search_term_string"}],"inLanguage":"ro-RO"},{"@type":"Organization","@id":"https:\/\/boatsexpert.com\/ro\/#organization","name":"BoatsExpert","url":"https:\/\/boatsexpert.com\/ro\/","logo":{"@type":"ImageObject","inLanguage":"ro-RO","@id":"https:\/\/boatsexpert.com\/ro\/#\/schema\/logo\/image\/","url":"https:\/\/boatsexpert.com\/wp-content\/uploads\/2023\/05\/white-logo60.svg","contentUrl":"https:\/\/boatsexpert.com\/wp-content\/uploads\/2023\/05\/white-logo60.svg","width":90,"height":60,"caption":"BoatsExpert"},"image":{"@id":"https:\/\/boatsexpert.com\/ro\/#\/schema\/logo\/image\/"}}]}},"_links":{"self":[{"href":"https:\/\/boatsexpert.com\/ro\/wp-json\/wp\/v2\/product\/39141","targetHints":{"allow":["GET"]}}],"collection":[{"href":"https:\/\/boatsexpert.com\/ro\/wp-json\/wp\/v2\/product"}],"about":[{"href":"https:\/\/boatsexpert.com\/ro\/wp-json\/wp\/v2\/types\/product"}],"replies":[{"embeddable":true,"href":"https:\/\/boatsexpert.com\/ro\/wp-json\/wp\/v2\/comments?post=39141"}],"version-history":[{"count":4,"href":"https:\/\/boatsexpert.com\/ro\/wp-json\/wp\/v2\/product\/39141\/revisions"}],"predecessor-version":[{"id":39211,"href":"https:\/\/boatsexpert.com\/ro\/wp-json\/wp\/v2\/product\/39141\/revisions\/39211"}],"wp:featuredmedia":[{"embeddable":true,"href":"https:\/\/boatsexpert.com\/ro\/wp-json\/wp\/v2\/media\/39143"}],"wp:attachment":[{"href":"https:\/\/boatsexpert.com\/ro\/wp-json\/wp\/v2\/media?parent=39141"}],"wp:term":[{"taxonomy":"product_brand","embeddable":true,"href":"https:\/\/boatsexpert.com\/ro\/wp-json\/wp\/v2\/product_brand?post=39141"},{"taxonomy":"product_cat","embeddable":true,"href":"https:\/\/boatsexpert.com\/ro\/wp-json\/wp\/v2\/product_cat?post=39141"},{"taxonomy":"product_tag","embeddable":true,"href":"https:\/\/boatsexpert.com\/ro\/wp-json\/wp\/v2\/product_tag?post=39141"}],"curies":[{"name":"wp","href":"https:\/\/api.w.org\/{rel}","templated":true}]}}