{"id":43637,"date":"2026-03-24T16:48:16","date_gmt":"2026-03-24T13:48:17","guid":{"rendered":"https:\/\/boatsexpert.com\/?post_type=product&#038;p=43637"},"modified":"2026-03-24T16:53:35","modified_gmt":"2026-03-24T13:53:35","slug":"lumina-courtesy-policarbonat-transparent-led-albastru","status":"publish","type":"product","link":"https:\/\/boatsexpert.com\/ro\/produs\/lumina-courtesy-policarbonat-transparent-led-albastru\/","title":{"rendered":"Lumin\u0103 Courtesy Policarbonat Transparent LED Albastru"},"content":{"rendered":"\t\t<div data-elementor-type=\"wp-post\" data-elementor-id=\"43637\" class=\"elementor elementor-43637 elementor-43636\">\n\t\t\t\t\t\t\t\t\t<section class=\"elementor-section elementor-top-section elementor-element elementor-element-20e960c elementor-section-boxed elementor-section-height-default elementor-section-height-default\" data-id=\"20e960c\" data-element_type=\"section\">\n\t\t\t\t\t\t<div class=\"elementor-container elementor-column-gap-default\">\n\t\t\t\t\t<div class=\"elementor-column elementor-col-100 elementor-top-column elementor-element elementor-element-5dbea2c\" data-id=\"5dbea2c\" data-element_type=\"column\">\n\t\t\t<div class=\"elementor-widget-wrap elementor-element-populated\">\n\t\t\t\t\t\t\t\t<div class=\"elementor-element elementor-element-6e689f3 elementor-widget elementor-widget-heading\" data-id=\"6e689f3\" data-element_type=\"widget\" data-widget_type=\"heading.default\">\n\t\t\t\t<div class=\"elementor-widget-container\">\n\t\t\t<style>\/*! elementor - v3.12.1 - 02-04-2023 *\/\n.elementor-heading-title{padding:0;margin:0;line-height:1}.elementor-widget-heading .elementor-heading-title[class*=elementor-size-]>a{color:inherit;font-size:inherit;line-height:inherit}.elementor-widget-heading .elementor-heading-title.elementor-size-small{font-size:15px}.elementor-widget-heading .elementor-heading-title.elementor-size-medium{font-size:19px}.elementor-widget-heading .elementor-heading-title.elementor-size-large{font-size:29px}.elementor-widget-heading .elementor-heading-title.elementor-size-xl{font-size:39px}.elementor-widget-heading .elementor-heading-title.elementor-size-xxl{font-size:59px}<\/style><h3 class=\"elementor-heading-title elementor-size-default\">SPECIFICATII<\/h3>\t\t<\/div>\n\t\t\t\t<\/div>\n\t\t\t\t\t<\/div>\n\t\t<\/div>\n\t\t\t\t\t\t\t<\/div>\n\t\t<\/section>\n\t\t\t\t<section class=\"elementor-section elementor-top-section elementor-element elementor-element-6765258 elementor-section-boxed elementor-section-height-default elementor-section-height-default\" data-id=\"6765258\" data-element_type=\"section\">\n\t\t\t\t\t\t<div class=\"elementor-container elementor-column-gap-default\">\n\t\t\t\t\t<div class=\"elementor-column elementor-col-100 elementor-top-column elementor-element elementor-element-bb97382\" data-id=\"bb97382\" data-element_type=\"column\">\n\t\t\t<div class=\"elementor-widget-wrap elementor-element-populated\">\n\t\t\t\t\t\t\t\t<div class=\"elementor-element elementor-element-bca1d10 elementor-widget elementor-widget-text-editor\" data-id=\"bca1d10\" data-element_type=\"widget\" data-widget_type=\"text-editor.default\">\n\t\t\t\t<div class=\"elementor-widget-container\">\n\t\t\t<style>\/*! elementor - v3.12.1 - 02-04-2023 *\/\n.elementor-widget-text-editor.elementor-drop-cap-view-stacked .elementor-drop-cap{background-color:#69727d;color:#fff}.elementor-widget-text-editor.elementor-drop-cap-view-framed .elementor-drop-cap{color:#69727d;border:3px solid;background-color:transparent}.elementor-widget-text-editor:not(.elementor-drop-cap-view-default) .elementor-drop-cap{margin-top:8px}.elementor-widget-text-editor:not(.elementor-drop-cap-view-default) .elementor-drop-cap-letter{width:1em;height:1em}.elementor-widget-text-editor .elementor-drop-cap{float:left;text-align:center;line-height:1;font-size:50px}.elementor-widget-text-editor .elementor-drop-cap-letter{display:inline-block}<\/style>\t\t\t\t<table style=\"width:100%\">\n<tr><td><strong>Brand<\/strong><\/td><td>Osculati<\/td><\/tr>\n<tr><td><strong>Tip<\/strong><\/td><td>lumin\u0103 courtesy<\/td><\/tr>\n<tr><td><strong>Material<\/strong><\/td><td>policarbonat transparent<\/td><\/tr>\n<tr><td><strong>Protec\u021bie<\/strong><\/td><td>IP67<\/td><\/tr>\n<tr><td><strong>Tensiune<\/strong><\/td><td>12 V<\/td><\/tr>\n<tr><td><strong>Putere<\/strong><\/td><td>0,2 W<\/td><\/tr>\n<tr><td><strong>Lumen<\/strong><\/td><td>2<\/td><\/tr>\n<tr><td><strong>Culoare lumin\u0103<\/strong><\/td><td>albastru<\/td><\/tr>\n<tr><td><strong>Unghi LED<\/strong><\/td><td>120\u00b0<\/td><\/tr>\n<tr><td><strong>Num\u0103r LED-uri<\/strong><\/td><td>1<\/td><\/tr>\n<tr><td><strong>\u00d8 montaj<\/strong><\/td><td>22 mm<\/td><\/tr>\n<tr><td><strong>\u00d8 exterior<\/strong><\/td><td>38 mm<\/td><\/tr>\n<tr><td><strong>Ad\u00e2ncime<\/strong><\/td><td>8 mm<\/td><\/tr>\n<tr><td><strong>\u00cen\u0103l\u021bime<\/strong><\/td><td>12 cm<\/td><\/tr>\n<tr><td><strong>L\u0103\u021bime<\/strong><\/td><td>7 cm<\/td><\/tr>\n<tr><td><strong>Lungime<\/strong><\/td><td>5 cm<\/td><\/tr>\n<tr><td><strong>Greutate<\/strong><\/td><td>0,04 kg<\/td><\/tr>\n<\/table>\t\t\t\t\t\t<\/div>\n\t\t\t\t<\/div>\n\t\t\t\t\t<\/div>\n\t\t<\/div>\n\t\t\t\t\t\t\t<\/div>\n\t\t<\/section>\n\t\t\t\t\t\t\t<\/div>\n\t\t","protected":false},"excerpt":{"rendered":"<p>&nbsp;<\/p>\n<p>Lumin\u0103 courtesy cu LED albastru din policarbonat transparent pentru montaj prin trecere cu protec\u021bie IP67.<br \/>\n&nbsp;<\/p>\n","protected":false},"featured_media":43639,"comment_status":"open","ping_status":"closed","template":"","meta":{"inline_featured_image":false},"product_brand":[],"product_cat":[334,335],"product_tag":[],"class_list":{"0":"post-43637","1":"product","2":"type-product","3":"status-publish","4":"has-post-thumbnail","6":"product_cat-accesorii-marine-ro","7":"product_cat-osculati-ro","8":"tt-post","10":"first","11":"instock","12":"shipping-taxable","13":"purchasable","14":"product-type-simple"},"yoast_head":"<!-- This site is optimized with the Yoast SEO plugin v20.13 - https:\/\/yoast.com\/wordpress\/plugins\/seo\/ -->\n<title>Lumin\u0103 Courtesy Policarbonat Transparent LED Albastru - BoatsExpert<\/title>\n<meta name=\"description\" content=\"Lumin\u0103 courtesy din policarbonat transparent cu LED albastru, protec\u021bie IP67 \u0219i consum redus 12V pentru montaj prin trecere \u2013 livrare \u00een toat\u0103 Rom\u00e2nia.\" \/>\n<meta name=\"robots\" content=\"index, follow, max-snippet:-1, max-image-preview:large, max-video-preview:-1\" \/>\n<link rel=\"canonical\" href=\"https:\/\/boatsexpert.com\/ro\/produs\/lumina-courtesy-policarbonat-transparent-led-albastru\/\" \/>\n<meta property=\"og:locale\" content=\"ro_RO\" \/>\n<meta property=\"og:type\" content=\"article\" \/>\n<meta property=\"og:title\" content=\"Lumin\u0103 Courtesy Policarbonat Transparent LED Albastru - BoatsExpert\" \/>\n<meta property=\"og:description\" content=\"Lumin\u0103 courtesy din policarbonat transparent cu LED albastru, protec\u021bie IP67 \u0219i consum redus 12V pentru montaj prin trecere \u2013 livrare \u00een toat\u0103 Rom\u00e2nia.\" \/>\n<meta property=\"og:url\" content=\"https:\/\/boatsexpert.com\/ro\/produs\/lumina-courtesy-policarbonat-transparent-led-albastru\/\" \/>\n<meta property=\"og:site_name\" content=\"BoatsExpert\" \/>\n<meta property=\"article:modified_time\" content=\"2026-03-24T13:53:35+00:00\" \/>\n<meta property=\"og:image\" content=\"https:\/\/boatsexpert.com\/wp-content\/uploads\/2026\/03\/13.183.03.jpg\" \/>\n\t<meta property=\"og:image:width\" content=\"555\" \/>\n\t<meta property=\"og:image:height\" content=\"478\" \/>\n\t<meta property=\"og:image:type\" content=\"image\/jpeg\" \/>\n<meta name=\"twitter:card\" content=\"summary_large_image\" \/>\n<script type=\"application\/ld+json\" class=\"yoast-schema-graph\">{\"@context\":\"https:\/\/schema.org\",\"@graph\":[{\"@type\":\"WebPage\",\"@id\":\"https:\/\/boatsexpert.com\/ro\/produs\/lumina-courtesy-policarbonat-transparent-led-albastru\/\",\"url\":\"https:\/\/boatsexpert.com\/ro\/produs\/lumina-courtesy-policarbonat-transparent-led-albastru\/\",\"name\":\"Lumin\u0103 Courtesy Policarbonat Transparent LED Albastru - BoatsExpert\",\"isPartOf\":{\"@id\":\"https:\/\/boatsexpert.com\/ro\/#website\"},\"datePublished\":\"2026-03-24T13:48:17+00:00\",\"dateModified\":\"2026-03-24T13:53:35+00:00\",\"description\":\"Lumin\u0103 courtesy din policarbonat transparent cu LED albastru, protec\u021bie IP67 \u0219i consum redus 12V pentru montaj prin trecere \u2013 livrare \u00een toat\u0103 Rom\u00e2nia.\",\"breadcrumb\":{\"@id\":\"https:\/\/boatsexpert.com\/ro\/produs\/lumina-courtesy-policarbonat-transparent-led-albastru\/#breadcrumb\"},\"inLanguage\":\"ro-RO\",\"potentialAction\":[{\"@type\":\"ReadAction\",\"target\":[\"https:\/\/boatsexpert.com\/ro\/produs\/lumina-courtesy-policarbonat-transparent-led-albastru\/\"]}]},{\"@type\":\"BreadcrumbList\",\"@id\":\"https:\/\/boatsexpert.com\/ro\/produs\/lumina-courtesy-policarbonat-transparent-led-albastru\/#breadcrumb\",\"itemListElement\":[{\"@type\":\"ListItem\",\"position\":1,\"name\":\"Home\",\"item\":\"https:\/\/boatsexpert.com\/ro\/\"},{\"@type\":\"ListItem\",\"position\":2,\"name\":\"Shop Online &#8211; cel mai bun magazin pentru echipamente pentru b\u0103rci\",\"item\":\"https:\/\/boatsexpert.com\/ro\/shop-ro\/\"},{\"@type\":\"ListItem\",\"position\":3,\"name\":\"Lumin\u0103 Courtesy Policarbonat Transparent LED Albastru\"}]},{\"@type\":\"WebSite\",\"@id\":\"https:\/\/boatsexpert.com\/ro\/#website\",\"url\":\"https:\/\/boatsexpert.com\/ro\/\",\"name\":\"BoatsExpert\",\"description\":\"Boats, Service, Equipment\",\"publisher\":{\"@id\":\"https:\/\/boatsexpert.com\/ro\/#organization\"},\"potentialAction\":[{\"@type\":\"SearchAction\",\"target\":{\"@type\":\"EntryPoint\",\"urlTemplate\":\"https:\/\/boatsexpert.com\/ro\/?s={search_term_string}\"},\"query-input\":\"required name=search_term_string\"}],\"inLanguage\":\"ro-RO\"},{\"@type\":\"Organization\",\"@id\":\"https:\/\/boatsexpert.com\/ro\/#organization\",\"name\":\"BoatsExpert\",\"url\":\"https:\/\/boatsexpert.com\/ro\/\",\"logo\":{\"@type\":\"ImageObject\",\"inLanguage\":\"ro-RO\",\"@id\":\"https:\/\/boatsexpert.com\/ro\/#\/schema\/logo\/image\/\",\"url\":\"https:\/\/boatsexpert.com\/wp-content\/uploads\/2023\/05\/white-logo60.svg\",\"contentUrl\":\"https:\/\/boatsexpert.com\/wp-content\/uploads\/2023\/05\/white-logo60.svg\",\"width\":90,\"height\":60,\"caption\":\"BoatsExpert\"},\"image\":{\"@id\":\"https:\/\/boatsexpert.com\/ro\/#\/schema\/logo\/image\/\"}}]}<\/script>\n<!-- \/ Yoast SEO plugin. -->","yoast_head_json":{"title":"Lumin\u0103 Courtesy Policarbonat Transparent LED Albastru - BoatsExpert","description":"Lumin\u0103 courtesy din policarbonat transparent cu LED albastru, protec\u021bie IP67 \u0219i consum redus 12V pentru montaj prin trecere \u2013 livrare \u00een toat\u0103 Rom\u00e2nia.","robots":{"index":"index","follow":"follow","max-snippet":"max-snippet:-1","max-image-preview":"max-image-preview:large","max-video-preview":"max-video-preview:-1"},"canonical":"https:\/\/boatsexpert.com\/ro\/produs\/lumina-courtesy-policarbonat-transparent-led-albastru\/","og_locale":"ro_RO","og_type":"article","og_title":"Lumin\u0103 Courtesy Policarbonat Transparent LED Albastru - BoatsExpert","og_description":"Lumin\u0103 courtesy din policarbonat transparent cu LED albastru, protec\u021bie IP67 \u0219i consum redus 12V pentru montaj prin trecere \u2013 livrare \u00een toat\u0103 Rom\u00e2nia.","og_url":"https:\/\/boatsexpert.com\/ro\/produs\/lumina-courtesy-policarbonat-transparent-led-albastru\/","og_site_name":"BoatsExpert","article_modified_time":"2026-03-24T13:53:35+00:00","og_image":[{"width":555,"height":478,"url":"https:\/\/boatsexpert.com\/wp-content\/uploads\/2026\/03\/13.183.03.jpg","type":"image\/jpeg"}],"twitter_card":"summary_large_image","schema":{"@context":"https:\/\/schema.org","@graph":[{"@type":"WebPage","@id":"https:\/\/boatsexpert.com\/ro\/produs\/lumina-courtesy-policarbonat-transparent-led-albastru\/","url":"https:\/\/boatsexpert.com\/ro\/produs\/lumina-courtesy-policarbonat-transparent-led-albastru\/","name":"Lumin\u0103 Courtesy Policarbonat Transparent LED Albastru - BoatsExpert","isPartOf":{"@id":"https:\/\/boatsexpert.com\/ro\/#website"},"datePublished":"2026-03-24T13:48:17+00:00","dateModified":"2026-03-24T13:53:35+00:00","description":"Lumin\u0103 courtesy din policarbonat transparent cu LED albastru, protec\u021bie IP67 \u0219i consum redus 12V pentru montaj prin trecere \u2013 livrare \u00een toat\u0103 Rom\u00e2nia.","breadcrumb":{"@id":"https:\/\/boatsexpert.com\/ro\/produs\/lumina-courtesy-policarbonat-transparent-led-albastru\/#breadcrumb"},"inLanguage":"ro-RO","potentialAction":[{"@type":"ReadAction","target":["https:\/\/boatsexpert.com\/ro\/produs\/lumina-courtesy-policarbonat-transparent-led-albastru\/"]}]},{"@type":"BreadcrumbList","@id":"https:\/\/boatsexpert.com\/ro\/produs\/lumina-courtesy-policarbonat-transparent-led-albastru\/#breadcrumb","itemListElement":[{"@type":"ListItem","position":1,"name":"Home","item":"https:\/\/boatsexpert.com\/ro\/"},{"@type":"ListItem","position":2,"name":"Shop Online &#8211; cel mai bun magazin pentru echipamente pentru b\u0103rci","item":"https:\/\/boatsexpert.com\/ro\/shop-ro\/"},{"@type":"ListItem","position":3,"name":"Lumin\u0103 Courtesy Policarbonat Transparent LED Albastru"}]},{"@type":"WebSite","@id":"https:\/\/boatsexpert.com\/ro\/#website","url":"https:\/\/boatsexpert.com\/ro\/","name":"BoatsExpert","description":"Boats, Service, Equipment","publisher":{"@id":"https:\/\/boatsexpert.com\/ro\/#organization"},"potentialAction":[{"@type":"SearchAction","target":{"@type":"EntryPoint","urlTemplate":"https:\/\/boatsexpert.com\/ro\/?s={search_term_string}"},"query-input":"required name=search_term_string"}],"inLanguage":"ro-RO"},{"@type":"Organization","@id":"https:\/\/boatsexpert.com\/ro\/#organization","name":"BoatsExpert","url":"https:\/\/boatsexpert.com\/ro\/","logo":{"@type":"ImageObject","inLanguage":"ro-RO","@id":"https:\/\/boatsexpert.com\/ro\/#\/schema\/logo\/image\/","url":"https:\/\/boatsexpert.com\/wp-content\/uploads\/2023\/05\/white-logo60.svg","contentUrl":"https:\/\/boatsexpert.com\/wp-content\/uploads\/2023\/05\/white-logo60.svg","width":90,"height":60,"caption":"BoatsExpert"},"image":{"@id":"https:\/\/boatsexpert.com\/ro\/#\/schema\/logo\/image\/"}}]}},"_links":{"self":[{"href":"https:\/\/boatsexpert.com\/ro\/wp-json\/wp\/v2\/product\/43637","targetHints":{"allow":["GET"]}}],"collection":[{"href":"https:\/\/boatsexpert.com\/ro\/wp-json\/wp\/v2\/product"}],"about":[{"href":"https:\/\/boatsexpert.com\/ro\/wp-json\/wp\/v2\/types\/product"}],"replies":[{"embeddable":true,"href":"https:\/\/boatsexpert.com\/ro\/wp-json\/wp\/v2\/comments?post=43637"}],"version-history":[{"count":4,"href":"https:\/\/boatsexpert.com\/ro\/wp-json\/wp\/v2\/product\/43637\/revisions"}],"predecessor-version":[{"id":43651,"href":"https:\/\/boatsexpert.com\/ro\/wp-json\/wp\/v2\/product\/43637\/revisions\/43651"}],"wp:featuredmedia":[{"embeddable":true,"href":"https:\/\/boatsexpert.com\/ro\/wp-json\/wp\/v2\/media\/43639"}],"wp:attachment":[{"href":"https:\/\/boatsexpert.com\/ro\/wp-json\/wp\/v2\/media?parent=43637"}],"wp:term":[{"taxonomy":"product_brand","embeddable":true,"href":"https:\/\/boatsexpert.com\/ro\/wp-json\/wp\/v2\/product_brand?post=43637"},{"taxonomy":"product_cat","embeddable":true,"href":"https:\/\/boatsexpert.com\/ro\/wp-json\/wp\/v2\/product_cat?post=43637"},{"taxonomy":"product_tag","embeddable":true,"href":"https:\/\/boatsexpert.com\/ro\/wp-json\/wp\/v2\/product_tag?post=43637"}],"curies":[{"name":"wp","href":"https:\/\/api.w.org\/{rel}","templated":true}]}}