{"id":44000,"date":"2026-03-31T15:06:48","date_gmt":"2026-03-31T12:06:48","guid":{"rendered":"https:\/\/boatsexpert.com\/?post_type=product&#038;p=44000"},"modified":"2026-03-31T15:12:05","modified_gmt":"2026-03-31T12:12:05","slug":"garmin-suport-reglabil-pentru-modul-perspectiva-pentru-traductoarele-livescope","status":"publish","type":"product","link":"https:\/\/boatsexpert.com\/ro\/produs\/garmin-suport-reglabil-pentru-modul-perspectiva-pentru-traductoarele-livescope\/","title":{"rendered":"Garmin Suport reglabil pentru modul Perspectiv\u0103 pentru traductoarele LiveScope\u2122"},"content":{"rendered":"\t\t<div data-elementor-type=\"wp-post\" data-elementor-id=\"44000\" class=\"elementor elementor-44000 elementor-43999\">\n\t\t\t\t\t\t\t\t\t<section class=\"elementor-section elementor-top-section elementor-element elementor-element-157f7991 elementor-section-boxed elementor-section-height-default elementor-section-height-default\" data-id=\"157f7991\" data-element_type=\"section\">\n\t\t\t\t\t\t<div class=\"elementor-container elementor-column-gap-default\">\n\t\t\t\t\t<div class=\"elementor-column elementor-col-100 elementor-top-column elementor-element elementor-element-57e9ba5f\" data-id=\"57e9ba5f\" data-element_type=\"column\">\n\t\t\t<div class=\"elementor-widget-wrap elementor-element-populated\">\n\t\t\t\t\t\t\t\t<div class=\"elementor-element elementor-element-2f61c698 elementor-widget elementor-widget-text-editor\" data-id=\"2f61c698\" data-element_type=\"widget\" data-widget_type=\"text-editor.default\">\n\t\t\t\t<div class=\"elementor-widget-container\">\n\t\t\t<style>\/*! elementor - v3.12.1 - 02-04-2023 *\/\n.elementor-widget-text-editor.elementor-drop-cap-view-stacked .elementor-drop-cap{background-color:#69727d;color:#fff}.elementor-widget-text-editor.elementor-drop-cap-view-framed .elementor-drop-cap{color:#69727d;border:3px solid;background-color:transparent}.elementor-widget-text-editor:not(.elementor-drop-cap-view-default) .elementor-drop-cap{margin-top:8px}.elementor-widget-text-editor:not(.elementor-drop-cap-view-default) .elementor-drop-cap-letter{width:1em;height:1em}.elementor-widget-text-editor .elementor-drop-cap{float:left;text-align:center;line-height:1;font-size:50px}.elementor-widget-text-editor .elementor-drop-cap-letter{display:inline-block}<\/style>\t\t\t\t<h6 class=\"tt-title-single-sub\">\u00ceN CUTIE<\/h6><ul class=\"tt-list01\"><li>Suporturi pentru motoare de trolling Spy \u0219i Force<sup>\u00ae<\/sup>\u00a0Pro sau Force<\/li><li>Hardware<\/li><li>Documenta\u0163ie<\/li><\/ul>\t\t\t\t\t\t<\/div>\n\t\t\t\t<\/div>\n\t\t\t\t\t<\/div>\n\t\t<\/div>\n\t\t\t\t\t\t\t<\/div>\n\t\t<\/section>\n\t\t\t\t\t\t\t<\/div>\n\t\t","protected":false},"excerpt":{"rendered":"<p>&nbsp;<\/p>\n<div class=\"app__render-content\">\n<div class=\"app__overview__intro\" data-translate=\"\">\n<div class=\"app__layout-container app__layout-container--small app__layout-container--light\">\n<div class=\"app__overview__intro__description\">\n<div class=\"app__render-content\">\n<div class=\"app__overview__intro\" data-translate=\"\">\n<div class=\"app__layout-container app__layout-container--small app__layout-container--light\">\n<div class=\"app__overview__intro__description\">\n<div class=\"app__render-content\">\n<div class=\"app__overview__intro\" data-translate=\"\">\n<div class=\"app__layout-container app__layout-container--small app__layout-container--light\">\n<div class=\"app__overview__intro__description\">\n<div class=\"app__render-content\">\n<div class=\"app__overview__intro\" data-translate=\"\">\n<div class=\"app__layout-container app__layout-container--small app__layout-container--light\">\n<div class=\"app__overview__intro__description\">\n<div class=\"app__render-content\">\n<div class=\"app__overview__intro\" data-translate=\"\">\n<div class=\"app__layout-container app__layout-container--small app__layout-container--light\">\n<div class=\"app__overview__intro__description\">\n<div class=\"app__render-content\">\n<div>\n<div class=\"app__overview__intro\" data-translate=\"\">\n<div class=\"app__layout-container app__layout-container--small app__layout-container--light\">\n<div class=\"app__overview__intro__description\">\n<p>Acest suport reglabil pentru modul Perspectiv\u0103 duce sonarul de scanare \u00een timp real LiveScope la urm\u0103torul nivel. Ata\u0219eaz\u0103 traductorul LiveScope pe axul motorului de trolling Spy\u2122 Pole, Force<sup>\u00ae<\/sup> Pro sau Force \u0219i acceseaz\u0103 cu u\u0219urin\u021b\u0103 mai multe unghiuri de vizualizare. Ofer\u0103 modurile \u00eenainte (0\u00b0), jos (0\u00b0) \u0219i perspectiv\u0103 reglabil\u0103 (0\u00b0, 7,5 \u00b0, 15\u00b0, 22,5 \u00b0).<\/p>\n<\/div>\n<\/div>\n<\/div>\n<\/div>\n<\/div>\n<\/div>\n<\/div>\n<\/div>\n<\/div>\n<\/div>\n<\/div>\n<\/div>\n<\/div>\n<\/div>\n<\/div>\n<\/div>\n<\/div>\n<\/div>\n<\/div>\n<\/div>\n<\/div>\n<\/div>\n<\/div>\n<\/div>\n<\/div>\n","protected":false},"featured_media":44002,"comment_status":"open","ping_status":"closed","template":"","meta":{"inline_featured_image":false},"product_brand":[],"product_cat":[113,91],"product_tag":[117],"class_list":{"0":"post-44000","1":"product","2":"type-product","3":"status-publish","4":"has-post-thumbnail","6":"product_cat-sonare-ro","7":"product_cat-garmin-sonare-ro","8":"product_tag-garmin-ro","9":"tt-post","11":"first","12":"instock","13":"shipping-taxable","14":"purchasable","15":"product-type-simple"},"yoast_head":"<!-- This site is optimized with the Yoast SEO plugin v20.13 - https:\/\/yoast.com\/wordpress\/plugins\/seo\/ -->\n<title>Garmin Suport reglabil pentru modul Perspectiv\u0103 pentru traductoarele LiveScope\u2122 - BoatsExpert<\/title>\n<meta name=\"description\" content=\"Suport reglabil pentru ax pentru traductoarele LiveScope ofer\u0103 unghiuri multiple: \u00eenainte, jos \u0219i perspectiv\u0103 reglabil\u0103.\" \/>\n<meta name=\"robots\" content=\"index, follow, max-snippet:-1, max-image-preview:large, max-video-preview:-1\" \/>\n<link rel=\"canonical\" href=\"https:\/\/boatsexpert.com\/ro\/produs\/garmin-suport-reglabil-pentru-modul-perspectiva-pentru-traductoarele-livescope\/\" \/>\n<meta property=\"og:locale\" content=\"ro_RO\" \/>\n<meta property=\"og:type\" content=\"article\" \/>\n<meta property=\"og:title\" content=\"Garmin Suport reglabil pentru modul Perspectiv\u0103 pentru traductoarele LiveScope\u2122 - BoatsExpert\" \/>\n<meta property=\"og:description\" content=\"Suport reglabil pentru ax pentru traductoarele LiveScope ofer\u0103 unghiuri multiple: \u00eenainte, jos \u0219i perspectiv\u0103 reglabil\u0103.\" \/>\n<meta property=\"og:url\" content=\"https:\/\/boatsexpert.com\/ro\/produs\/garmin-suport-reglabil-pentru-modul-perspectiva-pentru-traductoarele-livescope\/\" \/>\n<meta property=\"og:site_name\" content=\"BoatsExpert\" \/>\n<meta property=\"article:modified_time\" content=\"2026-03-31T12:12:05+00:00\" \/>\n<meta property=\"og:image\" content=\"https:\/\/boatsexpert.com\/wp-content\/uploads\/2026\/03\/010-13404-41.jpg\" \/>\n\t<meta property=\"og:image:width\" content=\"555\" \/>\n\t<meta property=\"og:image:height\" content=\"478\" \/>\n\t<meta property=\"og:image:type\" content=\"image\/jpeg\" \/>\n<meta name=\"twitter:card\" content=\"summary_large_image\" \/>\n<script type=\"application\/ld+json\" class=\"yoast-schema-graph\">{\"@context\":\"https:\/\/schema.org\",\"@graph\":[{\"@type\":\"WebPage\",\"@id\":\"https:\/\/boatsexpert.com\/ro\/produs\/garmin-suport-reglabil-pentru-modul-perspectiva-pentru-traductoarele-livescope\/\",\"url\":\"https:\/\/boatsexpert.com\/ro\/produs\/garmin-suport-reglabil-pentru-modul-perspectiva-pentru-traductoarele-livescope\/\",\"name\":\"Garmin Suport reglabil pentru modul Perspectiv\u0103 pentru traductoarele LiveScope\u2122 - BoatsExpert\",\"isPartOf\":{\"@id\":\"https:\/\/boatsexpert.com\/ro\/#website\"},\"datePublished\":\"2026-03-31T12:06:48+00:00\",\"dateModified\":\"2026-03-31T12:12:05+00:00\",\"description\":\"Suport reglabil pentru ax pentru traductoarele LiveScope ofer\u0103 unghiuri multiple: \u00eenainte, jos \u0219i perspectiv\u0103 reglabil\u0103.\",\"breadcrumb\":{\"@id\":\"https:\/\/boatsexpert.com\/ro\/produs\/garmin-suport-reglabil-pentru-modul-perspectiva-pentru-traductoarele-livescope\/#breadcrumb\"},\"inLanguage\":\"ro-RO\",\"potentialAction\":[{\"@type\":\"ReadAction\",\"target\":[\"https:\/\/boatsexpert.com\/ro\/produs\/garmin-suport-reglabil-pentru-modul-perspectiva-pentru-traductoarele-livescope\/\"]}]},{\"@type\":\"BreadcrumbList\",\"@id\":\"https:\/\/boatsexpert.com\/ro\/produs\/garmin-suport-reglabil-pentru-modul-perspectiva-pentru-traductoarele-livescope\/#breadcrumb\",\"itemListElement\":[{\"@type\":\"ListItem\",\"position\":1,\"name\":\"Home\",\"item\":\"https:\/\/boatsexpert.com\/ro\/\"},{\"@type\":\"ListItem\",\"position\":2,\"name\":\"Shop Online &#8211; cel mai bun magazin pentru echipamente pentru b\u0103rci\",\"item\":\"https:\/\/boatsexpert.com\/ro\/shop-ro\/\"},{\"@type\":\"ListItem\",\"position\":3,\"name\":\"Garmin Suport reglabil pentru modul Perspectiv\u0103 pentru traductoarele LiveScope\u2122\"}]},{\"@type\":\"WebSite\",\"@id\":\"https:\/\/boatsexpert.com\/ro\/#website\",\"url\":\"https:\/\/boatsexpert.com\/ro\/\",\"name\":\"BoatsExpert\",\"description\":\"Boats, Service, Equipment\",\"publisher\":{\"@id\":\"https:\/\/boatsexpert.com\/ro\/#organization\"},\"potentialAction\":[{\"@type\":\"SearchAction\",\"target\":{\"@type\":\"EntryPoint\",\"urlTemplate\":\"https:\/\/boatsexpert.com\/ro\/?s={search_term_string}\"},\"query-input\":\"required name=search_term_string\"}],\"inLanguage\":\"ro-RO\"},{\"@type\":\"Organization\",\"@id\":\"https:\/\/boatsexpert.com\/ro\/#organization\",\"name\":\"BoatsExpert\",\"url\":\"https:\/\/boatsexpert.com\/ro\/\",\"logo\":{\"@type\":\"ImageObject\",\"inLanguage\":\"ro-RO\",\"@id\":\"https:\/\/boatsexpert.com\/ro\/#\/schema\/logo\/image\/\",\"url\":\"https:\/\/boatsexpert.com\/wp-content\/uploads\/2023\/05\/white-logo60.svg\",\"contentUrl\":\"https:\/\/boatsexpert.com\/wp-content\/uploads\/2023\/05\/white-logo60.svg\",\"width\":90,\"height\":60,\"caption\":\"BoatsExpert\"},\"image\":{\"@id\":\"https:\/\/boatsexpert.com\/ro\/#\/schema\/logo\/image\/\"}}]}<\/script>\n<!-- \/ Yoast SEO plugin. -->","yoast_head_json":{"title":"Garmin Suport reglabil pentru modul Perspectiv\u0103 pentru traductoarele LiveScope\u2122 - BoatsExpert","description":"Suport reglabil pentru ax pentru traductoarele LiveScope ofer\u0103 unghiuri multiple: \u00eenainte, jos \u0219i perspectiv\u0103 reglabil\u0103.","robots":{"index":"index","follow":"follow","max-snippet":"max-snippet:-1","max-image-preview":"max-image-preview:large","max-video-preview":"max-video-preview:-1"},"canonical":"https:\/\/boatsexpert.com\/ro\/produs\/garmin-suport-reglabil-pentru-modul-perspectiva-pentru-traductoarele-livescope\/","og_locale":"ro_RO","og_type":"article","og_title":"Garmin Suport reglabil pentru modul Perspectiv\u0103 pentru traductoarele LiveScope\u2122 - BoatsExpert","og_description":"Suport reglabil pentru ax pentru traductoarele LiveScope ofer\u0103 unghiuri multiple: \u00eenainte, jos \u0219i perspectiv\u0103 reglabil\u0103.","og_url":"https:\/\/boatsexpert.com\/ro\/produs\/garmin-suport-reglabil-pentru-modul-perspectiva-pentru-traductoarele-livescope\/","og_site_name":"BoatsExpert","article_modified_time":"2026-03-31T12:12:05+00:00","og_image":[{"width":555,"height":478,"url":"https:\/\/boatsexpert.com\/wp-content\/uploads\/2026\/03\/010-13404-41.jpg","type":"image\/jpeg"}],"twitter_card":"summary_large_image","schema":{"@context":"https:\/\/schema.org","@graph":[{"@type":"WebPage","@id":"https:\/\/boatsexpert.com\/ro\/produs\/garmin-suport-reglabil-pentru-modul-perspectiva-pentru-traductoarele-livescope\/","url":"https:\/\/boatsexpert.com\/ro\/produs\/garmin-suport-reglabil-pentru-modul-perspectiva-pentru-traductoarele-livescope\/","name":"Garmin Suport reglabil pentru modul Perspectiv\u0103 pentru traductoarele LiveScope\u2122 - BoatsExpert","isPartOf":{"@id":"https:\/\/boatsexpert.com\/ro\/#website"},"datePublished":"2026-03-31T12:06:48+00:00","dateModified":"2026-03-31T12:12:05+00:00","description":"Suport reglabil pentru ax pentru traductoarele LiveScope ofer\u0103 unghiuri multiple: \u00eenainte, jos \u0219i perspectiv\u0103 reglabil\u0103.","breadcrumb":{"@id":"https:\/\/boatsexpert.com\/ro\/produs\/garmin-suport-reglabil-pentru-modul-perspectiva-pentru-traductoarele-livescope\/#breadcrumb"},"inLanguage":"ro-RO","potentialAction":[{"@type":"ReadAction","target":["https:\/\/boatsexpert.com\/ro\/produs\/garmin-suport-reglabil-pentru-modul-perspectiva-pentru-traductoarele-livescope\/"]}]},{"@type":"BreadcrumbList","@id":"https:\/\/boatsexpert.com\/ro\/produs\/garmin-suport-reglabil-pentru-modul-perspectiva-pentru-traductoarele-livescope\/#breadcrumb","itemListElement":[{"@type":"ListItem","position":1,"name":"Home","item":"https:\/\/boatsexpert.com\/ro\/"},{"@type":"ListItem","position":2,"name":"Shop Online &#8211; cel mai bun magazin pentru echipamente pentru b\u0103rci","item":"https:\/\/boatsexpert.com\/ro\/shop-ro\/"},{"@type":"ListItem","position":3,"name":"Garmin Suport reglabil pentru modul Perspectiv\u0103 pentru traductoarele LiveScope\u2122"}]},{"@type":"WebSite","@id":"https:\/\/boatsexpert.com\/ro\/#website","url":"https:\/\/boatsexpert.com\/ro\/","name":"BoatsExpert","description":"Boats, Service, Equipment","publisher":{"@id":"https:\/\/boatsexpert.com\/ro\/#organization"},"potentialAction":[{"@type":"SearchAction","target":{"@type":"EntryPoint","urlTemplate":"https:\/\/boatsexpert.com\/ro\/?s={search_term_string}"},"query-input":"required name=search_term_string"}],"inLanguage":"ro-RO"},{"@type":"Organization","@id":"https:\/\/boatsexpert.com\/ro\/#organization","name":"BoatsExpert","url":"https:\/\/boatsexpert.com\/ro\/","logo":{"@type":"ImageObject","inLanguage":"ro-RO","@id":"https:\/\/boatsexpert.com\/ro\/#\/schema\/logo\/image\/","url":"https:\/\/boatsexpert.com\/wp-content\/uploads\/2023\/05\/white-logo60.svg","contentUrl":"https:\/\/boatsexpert.com\/wp-content\/uploads\/2023\/05\/white-logo60.svg","width":90,"height":60,"caption":"BoatsExpert"},"image":{"@id":"https:\/\/boatsexpert.com\/ro\/#\/schema\/logo\/image\/"}}]}},"_links":{"self":[{"href":"https:\/\/boatsexpert.com\/ro\/wp-json\/wp\/v2\/product\/44000","targetHints":{"allow":["GET"]}}],"collection":[{"href":"https:\/\/boatsexpert.com\/ro\/wp-json\/wp\/v2\/product"}],"about":[{"href":"https:\/\/boatsexpert.com\/ro\/wp-json\/wp\/v2\/types\/product"}],"replies":[{"embeddable":true,"href":"https:\/\/boatsexpert.com\/ro\/wp-json\/wp\/v2\/comments?post=44000"}],"version-history":[{"count":4,"href":"https:\/\/boatsexpert.com\/ro\/wp-json\/wp\/v2\/product\/44000\/revisions"}],"predecessor-version":[{"id":44010,"href":"https:\/\/boatsexpert.com\/ro\/wp-json\/wp\/v2\/product\/44000\/revisions\/44010"}],"wp:featuredmedia":[{"embeddable":true,"href":"https:\/\/boatsexpert.com\/ro\/wp-json\/wp\/v2\/media\/44002"}],"wp:attachment":[{"href":"https:\/\/boatsexpert.com\/ro\/wp-json\/wp\/v2\/media?parent=44000"}],"wp:term":[{"taxonomy":"product_brand","embeddable":true,"href":"https:\/\/boatsexpert.com\/ro\/wp-json\/wp\/v2\/product_brand?post=44000"},{"taxonomy":"product_cat","embeddable":true,"href":"https:\/\/boatsexpert.com\/ro\/wp-json\/wp\/v2\/product_cat?post=44000"},{"taxonomy":"product_tag","embeddable":true,"href":"https:\/\/boatsexpert.com\/ro\/wp-json\/wp\/v2\/product_tag?post=44000"}],"curies":[{"name":"wp","href":"https:\/\/api.w.org\/{rel}","templated":true}]}}