{"id":44504,"date":"2026-04-30T17:02:42","date_gmt":"2026-04-30T14:02:43","guid":{"rendered":"https:\/\/boatsexpert.com\/?post_type=product&#038;p=44504"},"modified":"2026-04-30T17:08:58","modified_gmt":"2026-04-30T14:08:58","slug":"rebelcell-incarcator-lifepo4-14-6v35a-waterproof-ip65","status":"publish","type":"product","link":"https:\/\/boatsexpert.com\/ro\/produs\/rebelcell-incarcator-lifepo4-14-6v35a-waterproof-ip65\/","title":{"rendered":"Rebelcell \u00eenc\u0103rc\u0103tor LiFePO4 14.6V35A waterproof IP65"},"content":{"rendered":"\t\t<div data-elementor-type=\"wp-post\" data-elementor-id=\"44504\" class=\"elementor elementor-44504 elementor-44503\">\n\t\t\t\t\t\t<section class=\"elementor-section elementor-top-section elementor-element elementor-element-f0c88b7 elementor-section-boxed elementor-section-height-default elementor-section-height-default\" data-id=\"f0c88b7\" data-element_type=\"section\" data-e-type=\"section\">\n\t\t\t\t\t\t<div class=\"elementor-container elementor-column-gap-default\">\n\t\t\t\t\t<div class=\"elementor-column elementor-col-100 elementor-top-column elementor-element elementor-element-d9699c7\" data-id=\"d9699c7\" data-element_type=\"column\" data-e-type=\"column\">\n\t\t\t<div class=\"elementor-widget-wrap elementor-element-populated\">\n\t\t\t\t\t\t<div class=\"elementor-element elementor-element-b85127a elementor-widget elementor-widget-text-editor\" data-id=\"b85127a\" data-element_type=\"widget\" data-e-type=\"widget\" data-widget_type=\"text-editor.default\">\n\t\t\t\t<div class=\"elementor-widget-container\">\n\t\t\t\t\t\t\t\t\t<h5><strong>DESCRIERE PRODUS \u00ceNC\u0102RC\u0102TOR LIFEPO4 REBELCELL 14.6V35A (IP65) WATERPROOF<\/strong><\/h5><p><strong>\u00cenc\u0103rc\u0103torul LiFePO4 14.6V35A waterproof (IP65)<\/strong> este conceput pentru \u00eenc\u0103rcarea bateriilor Rebelcell 12V EDGE \u0219i PRO LiFePO4. Programul de \u00eenc\u0103rcare asigur\u0103 \u00eenc\u0103rcarea bateriei <strong>sigur \u0219i automat<\/strong>, cu profilul corect de \u00eenc\u0103rcare.<br \/><span style=\"letter-spacing: 0px;text-align: inherit\"><br \/>Starea \u00eenc\u0103rc\u0103rii poate fi monitorizat\u0103 prin <\/span><strong style=\"letter-spacing: 0px;text-align: inherit\">indicatorul LED<\/strong><span style=\"letter-spacing: 0px;text-align: inherit\">. \u00cenc\u0103rc\u0103torul include <\/span><strong style=\"letter-spacing: 0px;text-align: inherit\">protec\u021bii integrate<\/strong><span style=\"letter-spacing: 0px;text-align: inherit\"> la scurtcircuit, polaritate invers\u0103, supratensiune, supra\u00eenc\u0103rcare \u0219i temperatur\u0103 ridicat\u0103.<\/span><\/p><p>\u00cenc\u0103rc\u0103torul este <strong>etan\u0219at cu r\u0103\u0219in\u0103 epoxidic\u0103<\/strong>, fiind potrivit pentru <strong>instalare permanent\u0103 \u00een barc\u0103<\/strong>. Este destinat doar pentru \u00eenc\u0103rcarea bateriilor <strong>Rebelcell 12V EDGE sau PRO LiFePO4<\/strong>.<\/p><table style=\"width: 100%\"><tbody><tr class=\"title\"><td colspan=\"2\"><h6>General<\/h6><\/td><\/tr><tr><th scope=\"row\"><strong>NUME PRODUS<\/strong><\/th><td>14.6V35A LiFePO4 charger waterproof (IP65)<\/td><\/tr><tr><th scope=\"row\"><strong>COD PRODUS<\/strong><\/th><td>WC14V35REPR<\/td><\/tr><tr><th scope=\"row\"><strong>COMPATIBIL CU<\/strong><\/th><td>12V EDGE \/ PRO LiFePO4 Batteries<\/td><\/tr><tr><th scope=\"row\"><strong>TEHNOLOGIE<\/strong><\/th><td>Automatic charger with advanced high frequency switch mode power supply technology<\/td><\/tr><tr><th scope=\"row\"><strong>EFICIEN\u021a\u0102<\/strong><\/th><td>&gt;91%<\/td><\/tr><tr><th scope=\"row\"><strong>PROFIL \u00ceNC\u0102RCARE<\/strong><\/th><td>Pre-charge \/ CC \/ CV \/ Cut-off<\/td><\/tr><tr><th scope=\"row\"><strong>CONECTOR<\/strong><\/th><td>M8 tongue connector<\/td><\/tr><\/tbody><\/table><table style=\"width: 100%\"><tbody><tr class=\"title\"><td colspan=\"2\"><h6>Date electrice<\/h6><\/td><\/tr><tr><th scope=\"row\"><strong>INTRARE AC<\/strong><\/th><td>230 Volt 50-60Hz<\/td><\/tr><tr><th scope=\"row\"><strong>PUTERE<\/strong><\/th><td>1200W<\/td><\/tr><tr><th scope=\"row\"><strong>TENSIUNE \u00ceNC\u0102RCARE<\/strong><\/th><td>14.6V<\/td><\/tr><tr><th scope=\"row\"><strong>CURENT MAXIM DE \u00ceNC\u0102RCARE<\/strong><\/th><td>35A<\/td><\/tr><tr><th scope=\"row\"><strong>TENSIUNE MINIM\u0102 BATERIE<\/strong><\/th><td>3V<\/td><\/tr><tr><th scope=\"row\"><strong>TEMPERATUR\u0102 DE LUCRU<\/strong><\/th><td>-10\u00b0C p\u00e2n\u0103 la +40\u00b0C<\/td><\/tr><\/tbody><\/table><table style=\"width: 100%\"><tbody><tr class=\"title\"><td colspan=\"2\"><h6>Timp de \u00eenc\u0103rcare<\/h6><\/td><\/tr><tr><th scope=\"row\"><strong>12V75 EDGE LIFEPO4 BATTERY<\/strong><\/th><td>3-4 h<\/td><\/tr><tr><th scope=\"row\"><strong>12V105 EDGE LIFEPO4 BATTERY<\/strong><\/th><td>5-6 h<\/td><\/tr><tr><th scope=\"row\"><strong>12V210 EDGE LIFEPO4 BATTERY<\/strong><\/th><td>7-8 h<\/td><\/tr><tr><th scope=\"row\"><strong>12V80 PRO LIFEPO4 BATTERY<\/strong><\/th><td>3-4 h<\/td><\/tr><tr><th scope=\"row\"><strong>12V120 PRO LIFEPO4 BATTERY<\/strong><\/th><td>5-6 h<\/td><\/tr><\/tbody><\/table><table style=\"width: 100%\"><tbody><tr class=\"title\"><td colspan=\"2\"><h6>Electronic\u0103 \u0219i indicator<\/h6><\/td><\/tr><tr><th scope=\"row\"><strong>INDICATOR STARE \u00ceNC\u0102RCARE<\/strong><\/th><td>Da, prin LED<\/td><\/tr><tr><th scope=\"row\"><strong>LED 1<\/strong><\/th><td>Ro\u0219u &lt;80%; galben &gt;80%; verde 100%<\/td><\/tr><tr><th scope=\"row\"><strong>R\u0102CIRE<\/strong><\/th><td>Da, ventila\u021bie for\u021bat\u0103 cu ventilator pentru r\u0103cirea \u00eenc\u0103rc\u0103torului<\/td><\/tr><tr><th scope=\"row\"><strong>RADIATOR<\/strong><\/th><td>Da, carcasa exterioar\u0103 a \u00eenc\u0103rc\u0103torului func\u021bioneaz\u0103 ca radiator<\/td><\/tr><\/tbody><\/table><table style=\"width: 100%\"><tbody><tr class=\"title\"><td colspan=\"2\"><h6>Protec\u021bie<\/h6><\/td><\/tr><tr><th scope=\"row\"><strong>PROTEC\u021aIE LA SUPRA\u00ceNC\u0102RCARE<\/strong><\/th><td>Da<\/td><\/tr><tr><th scope=\"row\"><strong>PROTEC\u021aIE LA POLARITATE INVERS\u0102<\/strong><\/th><td>Da<\/td><\/tr><tr><th scope=\"row\"><strong>PROTEC\u021aIE LA SCURTCIRCUIT<\/strong><\/th><td>Da<\/td><\/tr><tr><th scope=\"row\"><strong>PROTEC\u021aIE LA SUPRATENSIUNE<\/strong><\/th><td>Da<\/td><\/tr><tr><th scope=\"row\"><strong>PROTEC\u021aIE LA TEMPERATUR\u0102 RIDICAT\u0102<\/strong><\/th><td>Da<\/td><\/tr><tr><th scope=\"row\"><strong>POTRIVIT PENTRU UTILIZARE EXTERIOAR\u0102<\/strong><\/th><td>Da<\/td><\/tr><\/tbody><\/table><table style=\"width: 100%\"><tbody><tr class=\"title\"><td colspan=\"2\"><h6>Dimensiuni \u0219i greutate<\/h6><\/td><\/tr><tr><th scope=\"row\"><strong>DIMENSIUNI<\/strong><\/th><td>280x176x87 mm<\/td><\/tr><tr><th scope=\"row\"><strong>GREUTATE<\/strong><\/th><td>3.5 kg<\/td><\/tr><tr><th scope=\"row\"><strong>GREUTATE PACHET<\/strong><\/th><td>3.8 kg<\/td><\/tr><\/tbody><\/table><table style=\"width: 100%\"><tbody><tr class=\"title\"><td colspan=\"2\"><h6>Certificare \u0219i garan\u021bie<\/h6><\/td><\/tr><tr><th scope=\"row\"><strong>GARAN\u021aIE<\/strong><\/th><td>Doi ani<\/td><\/tr><tr><th scope=\"row\"><strong>CERTIFICARE<\/strong><\/th><td>CE, ROHS<\/td><\/tr><tr><th scope=\"row\"><strong>IP RATING<\/strong><\/th><td>IP65<\/td><\/tr><tr><th scope=\"row\"><strong>STANDARDE<\/strong><\/th><td>IEC 61000-3-2:2019<\/td><\/tr><tr><th scope=\"row\"><strong>BARCODE<\/strong><\/th><td>7106623695418<\/td><\/tr><tr><th scope=\"row\"><strong>EAN<\/strong><\/th><td>8720964630892<\/td><\/tr><tr><th scope=\"row\"><strong>COD HS<\/strong><\/th><td>850440 \/ 85044060<\/td><\/tr><\/tbody><\/table>\t\t\t\t\t\t\t\t<\/div>\n\t\t\t\t<\/div>\n\t\t\t\t\t<\/div>\n\t\t<\/div>\n\t\t\t\t\t<\/div>\n\t\t<\/section>\n\t\t\t\t<\/div>\n\t\t","protected":false},"excerpt":{"rendered":"<p>&nbsp;<\/p>\n<p>\u00cenc\u0103rc\u0103tor LiFePO4 waterproof 14.6V35A, conceput pentru \u00eenc\u0103rcarea bateriilor Rebelcell 12V EDGE \u0219i PRO LiFePO4. \u00cenc\u0103rc\u0103torul este etan\u0219at cu r\u0103\u0219in\u0103 epoxidic\u0103, fiind potrivit pentru instalare permanent\u0103 \u00een barc\u0103, cu \u00eenc\u0103rcare sigur\u0103 \u0219i control automat.<\/p>\n<ul class=\"tt-list03\">\n<li>COMPATIBIL CU BATERIILE REBELCELL 12V EDGE \/ PRO LIFEPO4<\/li>\n<li>PROTEC\u021aIE WATERPROOF IP65<\/li>\n<li>TIMP DE \u00ceNC\u0102RCARE DE LA 3-4 H P\u00c2N\u0102 LA 7-8 H<\/li>\n<li>F\u0102R\u0102 RISC DE SUPRA\u00ceNC\u0102RCARE<\/li>\n<li>PROTEC\u021aIE LA POLARITATE INVERS\u0102<\/li>\n<li>INDICATOR LED PENTRU STAREA \u00ceNC\u0102RC\u0102RII<\/li>\n<li>GREUTATE COMPACT\u0102: 3.5 KG<\/li>\n<li>GARAN\u021aIE DOI ANI<\/li>\n<\/ul>\n","protected":false},"featured_media":44506,"comment_status":"open","ping_status":"closed","template":"","meta":{"_acf_changed":false,"inline_featured_image":false},"product_brand":[],"product_cat":[328],"product_tag":[],"class_list":{"0":"post-44504","1":"product","2":"type-product","3":"status-publish","4":"has-post-thumbnail","6":"product_cat-rebelcell-incarcatoare-ro","7":"tt-post","9":"first","10":"instock","11":"shipping-taxable","12":"purchasable","13":"product-type-simple"},"acf":[],"yoast_head":"<!-- This site is optimized with the Yoast SEO plugin v27.5 - https:\/\/yoast.com\/product\/yoast-seo-wordpress\/ -->\n<title>Rebelcell \u00eenc\u0103rc\u0103tor LiFePO4 14.6V35A waterproof IP65 - BoatsExpert<\/title>\n<meta name=\"description\" content=\"\u00cenc\u0103rc\u0103tor LiFePO4 waterproof 14.6V35A pentru baterii Rebelcell 12V EDGE \u0219i PRO, cu protec\u021bie IP65, indicator LED \u0219i \u00eenc\u0103rcare automat\u0103.\" \/>\n<meta name=\"robots\" content=\"index, follow, max-snippet:-1, max-image-preview:large, max-video-preview:-1\" \/>\n<link rel=\"canonical\" href=\"https:\/\/boatsexpert.com\/ro\/produs\/rebelcell-incarcator-lifepo4-14-6v35a-waterproof-ip65\/\" \/>\n<meta property=\"og:locale\" content=\"ro_RO\" \/>\n<meta property=\"og:type\" content=\"article\" \/>\n<meta property=\"og:title\" content=\"Rebelcell \u00eenc\u0103rc\u0103tor LiFePO4 14.6V35A waterproof IP65 - BoatsExpert\" \/>\n<meta property=\"og:description\" content=\"\u00cenc\u0103rc\u0103tor LiFePO4 waterproof 14.6V35A pentru baterii Rebelcell 12V EDGE \u0219i PRO, cu protec\u021bie IP65, indicator LED \u0219i \u00eenc\u0103rcare automat\u0103.\" \/>\n<meta property=\"og:url\" content=\"https:\/\/boatsexpert.com\/ro\/produs\/rebelcell-incarcator-lifepo4-14-6v35a-waterproof-ip65\/\" \/>\n<meta property=\"og:site_name\" content=\"BoatsExpert\" \/>\n<meta property=\"article:modified_time\" content=\"2026-04-30T14:08:58+00:00\" \/>\n<meta property=\"og:image\" content=\"https:\/\/boatsexpert.com\/wp-content\/uploads\/2026\/04\/WC14V35REPR.jpg\" \/>\n\t<meta property=\"og:image:width\" content=\"555\" \/>\n\t<meta property=\"og:image:height\" content=\"478\" \/>\n\t<meta property=\"og:image:type\" content=\"image\/jpeg\" \/>\n<meta name=\"twitter:card\" content=\"summary_large_image\" \/>\n<meta name=\"twitter:label1\" content=\"Timp estimat pentru citire\" \/>\n\t<meta name=\"twitter:data1\" content=\"1 minut\" \/>\n<script type=\"application\/ld+json\" class=\"yoast-schema-graph\">{\"@context\":\"https:\\\/\\\/schema.org\",\"@graph\":[{\"@type\":\"WebPage\",\"@id\":\"https:\\\/\\\/boatsexpert.com\\\/ro\\\/produs\\\/rebelcell-incarcator-lifepo4-14-6v35a-waterproof-ip65\\\/\",\"url\":\"https:\\\/\\\/boatsexpert.com\\\/ro\\\/produs\\\/rebelcell-incarcator-lifepo4-14-6v35a-waterproof-ip65\\\/\",\"name\":\"Rebelcell \u00eenc\u0103rc\u0103tor LiFePO4 14.6V35A waterproof IP65 - BoatsExpert\",\"isPartOf\":{\"@id\":\"https:\\\/\\\/boatsexpert.com\\\/ro\\\/#website\"},\"primaryImageOfPage\":{\"@id\":\"https:\\\/\\\/boatsexpert.com\\\/ro\\\/produs\\\/rebelcell-incarcator-lifepo4-14-6v35a-waterproof-ip65\\\/#primaryimage\"},\"image\":{\"@id\":\"https:\\\/\\\/boatsexpert.com\\\/ro\\\/produs\\\/rebelcell-incarcator-lifepo4-14-6v35a-waterproof-ip65\\\/#primaryimage\"},\"thumbnailUrl\":\"https:\\\/\\\/boatsexpert.com\\\/wp-content\\\/uploads\\\/2026\\\/04\\\/WC14V35REPR.jpg\",\"datePublished\":\"2026-04-30T14:02:43+00:00\",\"dateModified\":\"2026-04-30T14:08:58+00:00\",\"description\":\"\u00cenc\u0103rc\u0103tor LiFePO4 waterproof 14.6V35A pentru baterii Rebelcell 12V EDGE \u0219i PRO, cu protec\u021bie IP65, indicator LED \u0219i \u00eenc\u0103rcare automat\u0103.\",\"breadcrumb\":{\"@id\":\"https:\\\/\\\/boatsexpert.com\\\/ro\\\/produs\\\/rebelcell-incarcator-lifepo4-14-6v35a-waterproof-ip65\\\/#breadcrumb\"},\"inLanguage\":\"ro-RO\",\"potentialAction\":[{\"@type\":\"ReadAction\",\"target\":[\"https:\\\/\\\/boatsexpert.com\\\/ro\\\/produs\\\/rebelcell-incarcator-lifepo4-14-6v35a-waterproof-ip65\\\/\"]}]},{\"@type\":\"ImageObject\",\"inLanguage\":\"ro-RO\",\"@id\":\"https:\\\/\\\/boatsexpert.com\\\/ro\\\/produs\\\/rebelcell-incarcator-lifepo4-14-6v35a-waterproof-ip65\\\/#primaryimage\",\"url\":\"https:\\\/\\\/boatsexpert.com\\\/wp-content\\\/uploads\\\/2026\\\/04\\\/WC14V35REPR.jpg\",\"contentUrl\":\"https:\\\/\\\/boatsexpert.com\\\/wp-content\\\/uploads\\\/2026\\\/04\\\/WC14V35REPR.jpg\",\"width\":555,\"height\":478,\"caption\":\"rebelcell lifepo4 charger 14.6v35a waterproof\"},{\"@type\":\"BreadcrumbList\",\"@id\":\"https:\\\/\\\/boatsexpert.com\\\/ro\\\/produs\\\/rebelcell-incarcator-lifepo4-14-6v35a-waterproof-ip65\\\/#breadcrumb\",\"itemListElement\":[{\"@type\":\"ListItem\",\"position\":1,\"name\":\"Home\",\"item\":\"https:\\\/\\\/boatsexpert.com\\\/ro\\\/\"},{\"@type\":\"ListItem\",\"position\":2,\"name\":\"Shop Online &#8211; cel mai bun magazin pentru echipamente pentru b\u0103rci\",\"item\":\"https:\\\/\\\/boatsexpert.com\\\/ro\\\/shop-ro\\\/\"},{\"@type\":\"ListItem\",\"position\":3,\"name\":\"Rebelcell \u00eenc\u0103rc\u0103tor LiFePO4 14.6V35A waterproof IP65\"}]},{\"@type\":\"WebSite\",\"@id\":\"https:\\\/\\\/boatsexpert.com\\\/ro\\\/#website\",\"url\":\"https:\\\/\\\/boatsexpert.com\\\/ro\\\/\",\"name\":\"BoatsExpert\",\"description\":\"Boats, Service, Equipment\",\"publisher\":{\"@id\":\"https:\\\/\\\/boatsexpert.com\\\/ro\\\/#organization\"},\"potentialAction\":[{\"@type\":\"SearchAction\",\"target\":{\"@type\":\"EntryPoint\",\"urlTemplate\":\"https:\\\/\\\/boatsexpert.com\\\/ro\\\/?s={search_term_string}\"},\"query-input\":{\"@type\":\"PropertyValueSpecification\",\"valueRequired\":true,\"valueName\":\"search_term_string\"}}],\"inLanguage\":\"ro-RO\"},{\"@type\":\"Organization\",\"@id\":\"https:\\\/\\\/boatsexpert.com\\\/ro\\\/#organization\",\"name\":\"BoatsExpert\",\"url\":\"https:\\\/\\\/boatsexpert.com\\\/ro\\\/\",\"logo\":{\"@type\":\"ImageObject\",\"inLanguage\":\"ro-RO\",\"@id\":\"https:\\\/\\\/boatsexpert.com\\\/ro\\\/#\\\/schema\\\/logo\\\/image\\\/\",\"url\":\"https:\\\/\\\/boatsexpert.com\\\/wp-content\\\/uploads\\\/2023\\\/05\\\/white-logo60.svg\",\"contentUrl\":\"https:\\\/\\\/boatsexpert.com\\\/wp-content\\\/uploads\\\/2023\\\/05\\\/white-logo60.svg\",\"width\":90,\"height\":60,\"caption\":\"BoatsExpert\"},\"image\":{\"@id\":\"https:\\\/\\\/boatsexpert.com\\\/ro\\\/#\\\/schema\\\/logo\\\/image\\\/\"}}]}<\/script>\n<!-- \/ Yoast SEO plugin. -->","yoast_head_json":{"title":"Rebelcell \u00eenc\u0103rc\u0103tor LiFePO4 14.6V35A waterproof IP65 - BoatsExpert","description":"\u00cenc\u0103rc\u0103tor LiFePO4 waterproof 14.6V35A pentru baterii Rebelcell 12V EDGE \u0219i PRO, cu protec\u021bie IP65, indicator LED \u0219i \u00eenc\u0103rcare automat\u0103.","robots":{"index":"index","follow":"follow","max-snippet":"max-snippet:-1","max-image-preview":"max-image-preview:large","max-video-preview":"max-video-preview:-1"},"canonical":"https:\/\/boatsexpert.com\/ro\/produs\/rebelcell-incarcator-lifepo4-14-6v35a-waterproof-ip65\/","og_locale":"ro_RO","og_type":"article","og_title":"Rebelcell \u00eenc\u0103rc\u0103tor LiFePO4 14.6V35A waterproof IP65 - BoatsExpert","og_description":"\u00cenc\u0103rc\u0103tor LiFePO4 waterproof 14.6V35A pentru baterii Rebelcell 12V EDGE \u0219i PRO, cu protec\u021bie IP65, indicator LED \u0219i \u00eenc\u0103rcare automat\u0103.","og_url":"https:\/\/boatsexpert.com\/ro\/produs\/rebelcell-incarcator-lifepo4-14-6v35a-waterproof-ip65\/","og_site_name":"BoatsExpert","article_modified_time":"2026-04-30T14:08:58+00:00","og_image":[{"width":555,"height":478,"url":"https:\/\/boatsexpert.com\/wp-content\/uploads\/2026\/04\/WC14V35REPR.jpg","type":"image\/jpeg"}],"twitter_card":"summary_large_image","twitter_misc":{"Timp estimat pentru citire":"1 minut"},"schema":{"@context":"https:\/\/schema.org","@graph":[{"@type":"WebPage","@id":"https:\/\/boatsexpert.com\/ro\/produs\/rebelcell-incarcator-lifepo4-14-6v35a-waterproof-ip65\/","url":"https:\/\/boatsexpert.com\/ro\/produs\/rebelcell-incarcator-lifepo4-14-6v35a-waterproof-ip65\/","name":"Rebelcell \u00eenc\u0103rc\u0103tor LiFePO4 14.6V35A waterproof IP65 - BoatsExpert","isPartOf":{"@id":"https:\/\/boatsexpert.com\/ro\/#website"},"primaryImageOfPage":{"@id":"https:\/\/boatsexpert.com\/ro\/produs\/rebelcell-incarcator-lifepo4-14-6v35a-waterproof-ip65\/#primaryimage"},"image":{"@id":"https:\/\/boatsexpert.com\/ro\/produs\/rebelcell-incarcator-lifepo4-14-6v35a-waterproof-ip65\/#primaryimage"},"thumbnailUrl":"https:\/\/boatsexpert.com\/wp-content\/uploads\/2026\/04\/WC14V35REPR.jpg","datePublished":"2026-04-30T14:02:43+00:00","dateModified":"2026-04-30T14:08:58+00:00","description":"\u00cenc\u0103rc\u0103tor LiFePO4 waterproof 14.6V35A pentru baterii Rebelcell 12V EDGE \u0219i PRO, cu protec\u021bie IP65, indicator LED \u0219i \u00eenc\u0103rcare automat\u0103.","breadcrumb":{"@id":"https:\/\/boatsexpert.com\/ro\/produs\/rebelcell-incarcator-lifepo4-14-6v35a-waterproof-ip65\/#breadcrumb"},"inLanguage":"ro-RO","potentialAction":[{"@type":"ReadAction","target":["https:\/\/boatsexpert.com\/ro\/produs\/rebelcell-incarcator-lifepo4-14-6v35a-waterproof-ip65\/"]}]},{"@type":"ImageObject","inLanguage":"ro-RO","@id":"https:\/\/boatsexpert.com\/ro\/produs\/rebelcell-incarcator-lifepo4-14-6v35a-waterproof-ip65\/#primaryimage","url":"https:\/\/boatsexpert.com\/wp-content\/uploads\/2026\/04\/WC14V35REPR.jpg","contentUrl":"https:\/\/boatsexpert.com\/wp-content\/uploads\/2026\/04\/WC14V35REPR.jpg","width":555,"height":478,"caption":"rebelcell lifepo4 charger 14.6v35a waterproof"},{"@type":"BreadcrumbList","@id":"https:\/\/boatsexpert.com\/ro\/produs\/rebelcell-incarcator-lifepo4-14-6v35a-waterproof-ip65\/#breadcrumb","itemListElement":[{"@type":"ListItem","position":1,"name":"Home","item":"https:\/\/boatsexpert.com\/ro\/"},{"@type":"ListItem","position":2,"name":"Shop Online &#8211; cel mai bun magazin pentru echipamente pentru b\u0103rci","item":"https:\/\/boatsexpert.com\/ro\/shop-ro\/"},{"@type":"ListItem","position":3,"name":"Rebelcell \u00eenc\u0103rc\u0103tor LiFePO4 14.6V35A waterproof IP65"}]},{"@type":"WebSite","@id":"https:\/\/boatsexpert.com\/ro\/#website","url":"https:\/\/boatsexpert.com\/ro\/","name":"BoatsExpert","description":"Boats, Service, Equipment","publisher":{"@id":"https:\/\/boatsexpert.com\/ro\/#organization"},"potentialAction":[{"@type":"SearchAction","target":{"@type":"EntryPoint","urlTemplate":"https:\/\/boatsexpert.com\/ro\/?s={search_term_string}"},"query-input":{"@type":"PropertyValueSpecification","valueRequired":true,"valueName":"search_term_string"}}],"inLanguage":"ro-RO"},{"@type":"Organization","@id":"https:\/\/boatsexpert.com\/ro\/#organization","name":"BoatsExpert","url":"https:\/\/boatsexpert.com\/ro\/","logo":{"@type":"ImageObject","inLanguage":"ro-RO","@id":"https:\/\/boatsexpert.com\/ro\/#\/schema\/logo\/image\/","url":"https:\/\/boatsexpert.com\/wp-content\/uploads\/2023\/05\/white-logo60.svg","contentUrl":"https:\/\/boatsexpert.com\/wp-content\/uploads\/2023\/05\/white-logo60.svg","width":90,"height":60,"caption":"BoatsExpert"},"image":{"@id":"https:\/\/boatsexpert.com\/ro\/#\/schema\/logo\/image\/"}}]}},"_links":{"self":[{"href":"https:\/\/boatsexpert.com\/ro\/wp-json\/wp\/v2\/product\/44504","targetHints":{"allow":["GET"]}}],"collection":[{"href":"https:\/\/boatsexpert.com\/ro\/wp-json\/wp\/v2\/product"}],"about":[{"href":"https:\/\/boatsexpert.com\/ro\/wp-json\/wp\/v2\/types\/product"}],"replies":[{"embeddable":true,"href":"https:\/\/boatsexpert.com\/ro\/wp-json\/wp\/v2\/comments?post=44504"}],"version-history":[{"count":4,"href":"https:\/\/boatsexpert.com\/ro\/wp-json\/wp\/v2\/product\/44504\/revisions"}],"predecessor-version":[{"id":44518,"href":"https:\/\/boatsexpert.com\/ro\/wp-json\/wp\/v2\/product\/44504\/revisions\/44518"}],"wp:featuredmedia":[{"embeddable":true,"href":"https:\/\/boatsexpert.com\/ro\/wp-json\/wp\/v2\/media\/44506"}],"wp:attachment":[{"href":"https:\/\/boatsexpert.com\/ro\/wp-json\/wp\/v2\/media?parent=44504"}],"wp:term":[{"taxonomy":"product_brand","embeddable":true,"href":"https:\/\/boatsexpert.com\/ro\/wp-json\/wp\/v2\/product_brand?post=44504"},{"taxonomy":"product_cat","embeddable":true,"href":"https:\/\/boatsexpert.com\/ro\/wp-json\/wp\/v2\/product_cat?post=44504"},{"taxonomy":"product_tag","embeddable":true,"href":"https:\/\/boatsexpert.com\/ro\/wp-json\/wp\/v2\/product_tag?post=44504"}],"curies":[{"name":"wp","href":"https:\/\/api.w.org\/{rel}","templated":true}]}}