{"id":44571,"date":"2026-05-04T17:29:20","date_gmt":"2026-05-04T14:29:20","guid":{"rendered":"https:\/\/boatsexpert.com\/?post_type=product&#038;p=44571"},"modified":"2026-05-04T17:37:10","modified_gmt":"2026-05-04T14:37:10","slug":"osculati-cutie-etansa-pentru-sigurante-lamelare-6-locasuri","status":"publish","type":"product","link":"https:\/\/boatsexpert.com\/ro\/produs\/osculati-cutie-etansa-pentru-sigurante-lamelare-6-locasuri\/","title":{"rendered":"Osculati cutie etan\u0219\u0103 pentru siguran\u021be lamelare 6 loca\u0219uri"},"content":{"rendered":"\t\t<div data-elementor-type=\"wp-post\" data-elementor-id=\"44571\" class=\"elementor elementor-44571 elementor-44570\">\n\t\t\t\t\t\t<section class=\"elementor-section elementor-top-section elementor-element elementor-element-6765258 elementor-section-boxed elementor-section-height-default elementor-section-height-default\" data-id=\"6765258\" data-element_type=\"section\" data-e-type=\"section\">\n\t\t\t\t\t\t<div class=\"elementor-container elementor-column-gap-default\">\n\t\t\t\t\t<div class=\"elementor-column elementor-col-100 elementor-top-column elementor-element elementor-element-bb97382\" data-id=\"bb97382\" data-element_type=\"column\" data-e-type=\"column\">\n\t\t\t<div class=\"elementor-widget-wrap elementor-element-populated\">\n\t\t\t\t\t\t<div class=\"elementor-element elementor-element-bca1d10 elementor-widget elementor-widget-text-editor\" data-id=\"bca1d10\" data-element_type=\"widget\" data-e-type=\"widget\" data-widget_type=\"text-editor.default\">\n\t\t\t\t<div class=\"elementor-widget-container\">\n\t\t\t\t\t\t\t\t\t<h5><strong>DESCRIERE PRODUS OSCULATI CUTIE ETAN\u0218\u0102 PENTRU SIGURAN\u021aE LAMELARE 6 LOCA\u0218URI<\/strong><\/h5>\n<strong>Cutia etan\u0219\u0103 Osculati pentru siguran\u021be lamelare<\/strong> este conceput\u0103 pentru utilizare cu <strong>siguran\u021be standard, mini \u0219i micro<\/strong>. Are 6 loca\u0219uri pentru siguran\u021be \u0219i dimensiune compact\u0103 a bazei pentru instala\u021bii electrice.\n\nCutia este prev\u0103zut\u0103 cu <strong>capac transparent<\/strong>, <strong>garnitur\u0103 etan\u0219\u0103<\/strong> \u0219i <strong>terminale tip baionet\u0103<\/strong>. Suport\u0103 o capacitate maxim\u0103 total\u0103 de <strong>45 A<\/strong>, cu o capacitate maxim\u0103 de <strong>15 A pentru o singur\u0103 siguran\u021b\u0103<\/strong>.\n\n\t\t\t\t\t\t\t\t<\/div>\n\t\t\t\t<\/div>\n\t\t\t\t\t<\/div>\n\t\t<\/div>\n\t\t\t\t\t<\/div>\n\t\t<\/section>\n\t\t\t\t<section class=\"elementor-section elementor-top-section elementor-element elementor-element-4aa47e2 elementor-section-boxed elementor-section-height-default elementor-section-height-default\" data-id=\"4aa47e2\" data-element_type=\"section\" data-e-type=\"section\">\n\t\t\t\t\t\t<div class=\"elementor-container elementor-column-gap-default\">\n\t\t\t\t\t<div class=\"elementor-column elementor-col-100 elementor-top-column elementor-element elementor-element-fda27df\" data-id=\"fda27df\" data-element_type=\"column\" data-e-type=\"column\">\n\t\t\t<div class=\"elementor-widget-wrap elementor-element-populated\">\n\t\t\t\t\t\t<div class=\"elementor-element elementor-element-b53d870 elementor-widget elementor-widget-text-editor\" data-id=\"b53d870\" data-element_type=\"widget\" data-e-type=\"widget\" data-widget_type=\"text-editor.default\">\n\t\t\t\t<div class=\"elementor-widget-container\">\n\t\t\t\t\t\t\t\t\t<table style=\"width: 100%\">\n<tbody>\n<tr class=\"title\">\n<td colspan=\"2\">\n<h6>Specifica\u021bii<\/h6>\n<\/td>\n<\/tr>\n<tr>\n<th scope=\"row\"><strong>SUPORTURI SIGURAN\u021aE<\/strong><\/th>\n<td>6<\/td>\n<\/tr>\n<tr>\n<th scope=\"row\"><strong>BAZ\u0102<\/strong><\/th>\n<td>100&#215;31 mm<\/td>\n<\/tr>\n<tr>\n<th scope=\"row\"><strong>CAPACITATE MAXIM\u0102<\/strong><\/th>\n<td>45 A<\/td>\n<\/tr>\n<tr>\n<th scope=\"row\"><strong>CAPACITATE MAXIM\u0102 PENTRU O SIGURAN\u021a\u0102<\/strong><\/th>\n<td>15 A<\/td>\n<\/tr>\n<\/tbody>\n<\/table>\n<table style=\"width: 100%\">\n<tbody>\n<tr class=\"title\">\n<td colspan=\"2\">\n<h6>Date livrare<\/h6>\n<\/td>\n<\/tr>\n<tr>\n<th scope=\"row\"><strong>UOM<\/strong><\/th>\n<td>PZ<\/td>\n<\/tr>\n<tr>\n<th scope=\"row\"><strong>\u00ceN\u0102L\u021aIME<\/strong><\/th>\n<td>4 cm<\/td>\n<\/tr>\n<tr>\n<th scope=\"row\"><strong>L\u0102\u021aIME<\/strong><\/th>\n<td>5 cm<\/td>\n<\/tr>\n<tr>\n<th scope=\"row\"><strong>LUNGIME<\/strong><\/th>\n<td>11 cm<\/td>\n<\/tr>\n<tr>\n<th scope=\"row\"><strong>GREUTATE<\/strong><\/th>\n<td>0.08 kg<\/td>\n<\/tr>\n<tr>\n<th scope=\"row\"><strong>VOLUM<\/strong><\/th>\n<td>210 cm\u00b3<\/td>\n<\/tr>\n<\/tbody>\n<\/table>\t\t\t\t\t\t\t\t<\/div>\n\t\t\t\t<\/div>\n\t\t\t\t\t<\/div>\n\t\t<\/div>\n\t\t\t\t\t<\/div>\n\t\t<\/section>\n\t\t\t\t<\/div>\n\t\t","protected":false},"excerpt":{"rendered":"<p>&nbsp;<\/p>\n<p>Cutie etan\u0219\u0103 pentru siguran\u021be lamelare, cu 6 loca\u0219uri, pentru siguran\u021be standard, mini \u0219i micro.<\/p>\n","protected":false},"featured_media":44573,"comment_status":"open","ping_status":"closed","template":"","meta":{"_acf_changed":false,"inline_featured_image":false},"product_brand":[],"product_cat":[334,335],"product_tag":[],"class_list":{"0":"post-44571","1":"product","2":"type-product","3":"status-publish","4":"has-post-thumbnail","6":"product_cat-accesorii-marine-ro","7":"product_cat-osculati-ro","8":"tt-post","10":"first","11":"instock","12":"shipping-taxable","13":"purchasable","14":"product-type-simple"},"acf":[],"yoast_head":"<!-- This site is optimized with the Yoast SEO plugin v27.6 - https:\/\/yoast.com\/product\/yoast-seo-wordpress\/ -->\n<title>Osculati cutie etan\u0219\u0103 pentru siguran\u021be lamelare 6 loca\u0219uri - BoatsExpert<\/title>\n<meta name=\"description\" content=\"Cutie etan\u0219\u0103 pentru siguran\u021be lamelare cu 6 loca\u0219uri, capac transparent, garnitur\u0103 etan\u0219\u0103 \u0219i terminale tip baionet\u0103.\" \/>\n<meta name=\"robots\" content=\"index, follow, max-snippet:-1, max-image-preview:large, max-video-preview:-1\" \/>\n<link rel=\"canonical\" href=\"https:\/\/boatsexpert.com\/ro\/produs\/osculati-cutie-etansa-pentru-sigurante-lamelare-6-locasuri\/\" \/>\n<meta property=\"og:locale\" content=\"ro_RO\" \/>\n<meta property=\"og:type\" content=\"article\" \/>\n<meta property=\"og:title\" content=\"Osculati cutie etan\u0219\u0103 pentru siguran\u021be lamelare 6 loca\u0219uri - BoatsExpert\" \/>\n<meta property=\"og:description\" content=\"Cutie etan\u0219\u0103 pentru siguran\u021be lamelare cu 6 loca\u0219uri, capac transparent, garnitur\u0103 etan\u0219\u0103 \u0219i terminale tip baionet\u0103.\" \/>\n<meta property=\"og:url\" content=\"https:\/\/boatsexpert.com\/ro\/produs\/osculati-cutie-etansa-pentru-sigurante-lamelare-6-locasuri\/\" \/>\n<meta property=\"og:site_name\" content=\"BoatsExpert\" \/>\n<meta property=\"article:modified_time\" content=\"2026-05-04T14:37:10+00:00\" \/>\n<meta property=\"og:image\" content=\"https:\/\/boatsexpert.com\/wp-content\/uploads\/2026\/05\/14.100.32.jpg\" \/>\n\t<meta property=\"og:image:width\" content=\"555\" \/>\n\t<meta property=\"og:image:height\" content=\"478\" \/>\n\t<meta property=\"og:image:type\" content=\"image\/jpeg\" \/>\n<meta name=\"twitter:card\" content=\"summary_large_image\" \/>\n<meta name=\"twitter:label1\" content=\"Timp estimat pentru citire\" \/>\n\t<meta name=\"twitter:data1\" content=\"1 minut\" \/>\n<script type=\"application\/ld+json\" class=\"yoast-schema-graph\">{\"@context\":\"https:\\\/\\\/schema.org\",\"@graph\":[{\"@type\":\"WebPage\",\"@id\":\"https:\\\/\\\/boatsexpert.com\\\/ro\\\/produs\\\/osculati-cutie-etansa-pentru-sigurante-lamelare-6-locasuri\\\/\",\"url\":\"https:\\\/\\\/boatsexpert.com\\\/ro\\\/produs\\\/osculati-cutie-etansa-pentru-sigurante-lamelare-6-locasuri\\\/\",\"name\":\"Osculati cutie etan\u0219\u0103 pentru siguran\u021be lamelare 6 loca\u0219uri - BoatsExpert\",\"isPartOf\":{\"@id\":\"https:\\\/\\\/boatsexpert.com\\\/ro\\\/#website\"},\"primaryImageOfPage\":{\"@id\":\"https:\\\/\\\/boatsexpert.com\\\/ro\\\/produs\\\/osculati-cutie-etansa-pentru-sigurante-lamelare-6-locasuri\\\/#primaryimage\"},\"image\":{\"@id\":\"https:\\\/\\\/boatsexpert.com\\\/ro\\\/produs\\\/osculati-cutie-etansa-pentru-sigurante-lamelare-6-locasuri\\\/#primaryimage\"},\"thumbnailUrl\":\"https:\\\/\\\/boatsexpert.com\\\/wp-content\\\/uploads\\\/2026\\\/05\\\/14.100.32.jpg\",\"datePublished\":\"2026-05-04T14:29:20+00:00\",\"dateModified\":\"2026-05-04T14:37:10+00:00\",\"description\":\"Cutie etan\u0219\u0103 pentru siguran\u021be lamelare cu 6 loca\u0219uri, capac transparent, garnitur\u0103 etan\u0219\u0103 \u0219i terminale tip baionet\u0103.\",\"breadcrumb\":{\"@id\":\"https:\\\/\\\/boatsexpert.com\\\/ro\\\/produs\\\/osculati-cutie-etansa-pentru-sigurante-lamelare-6-locasuri\\\/#breadcrumb\"},\"inLanguage\":\"ro-RO\",\"potentialAction\":[{\"@type\":\"ReadAction\",\"target\":[\"https:\\\/\\\/boatsexpert.com\\\/ro\\\/produs\\\/osculati-cutie-etansa-pentru-sigurante-lamelare-6-locasuri\\\/\"]}]},{\"@type\":\"ImageObject\",\"inLanguage\":\"ro-RO\",\"@id\":\"https:\\\/\\\/boatsexpert.com\\\/ro\\\/produs\\\/osculati-cutie-etansa-pentru-sigurante-lamelare-6-locasuri\\\/#primaryimage\",\"url\":\"https:\\\/\\\/boatsexpert.com\\\/wp-content\\\/uploads\\\/2026\\\/05\\\/14.100.32.jpg\",\"contentUrl\":\"https:\\\/\\\/boatsexpert.com\\\/wp-content\\\/uploads\\\/2026\\\/05\\\/14.100.32.jpg\",\"width\":555,\"height\":478,\"caption\":\"osculati watertight blade fuse holder box 6 housings\"},{\"@type\":\"BreadcrumbList\",\"@id\":\"https:\\\/\\\/boatsexpert.com\\\/ro\\\/produs\\\/osculati-cutie-etansa-pentru-sigurante-lamelare-6-locasuri\\\/#breadcrumb\",\"itemListElement\":[{\"@type\":\"ListItem\",\"position\":1,\"name\":\"Home\",\"item\":\"https:\\\/\\\/boatsexpert.com\\\/ro\\\/\"},{\"@type\":\"ListItem\",\"position\":2,\"name\":\"Shop Online &#8211; cel mai bun magazin pentru echipamente pentru b\u0103rci\",\"item\":\"https:\\\/\\\/boatsexpert.com\\\/ro\\\/shop-ro\\\/\"},{\"@type\":\"ListItem\",\"position\":3,\"name\":\"Osculati cutie etan\u0219\u0103 pentru siguran\u021be lamelare 6 loca\u0219uri\"}]},{\"@type\":\"WebSite\",\"@id\":\"https:\\\/\\\/boatsexpert.com\\\/ro\\\/#website\",\"url\":\"https:\\\/\\\/boatsexpert.com\\\/ro\\\/\",\"name\":\"BoatsExpert\",\"description\":\"Boats, Service, Equipment\",\"publisher\":{\"@id\":\"https:\\\/\\\/boatsexpert.com\\\/ro\\\/#organization\"},\"potentialAction\":[{\"@type\":\"SearchAction\",\"target\":{\"@type\":\"EntryPoint\",\"urlTemplate\":\"https:\\\/\\\/boatsexpert.com\\\/ro\\\/?s={search_term_string}\"},\"query-input\":{\"@type\":\"PropertyValueSpecification\",\"valueRequired\":true,\"valueName\":\"search_term_string\"}}],\"inLanguage\":\"ro-RO\"},{\"@type\":\"Organization\",\"@id\":\"https:\\\/\\\/boatsexpert.com\\\/ro\\\/#organization\",\"name\":\"BoatsExpert\",\"url\":\"https:\\\/\\\/boatsexpert.com\\\/ro\\\/\",\"logo\":{\"@type\":\"ImageObject\",\"inLanguage\":\"ro-RO\",\"@id\":\"https:\\\/\\\/boatsexpert.com\\\/ro\\\/#\\\/schema\\\/logo\\\/image\\\/\",\"url\":\"https:\\\/\\\/boatsexpert.com\\\/wp-content\\\/uploads\\\/2023\\\/05\\\/white-logo60.svg\",\"contentUrl\":\"https:\\\/\\\/boatsexpert.com\\\/wp-content\\\/uploads\\\/2023\\\/05\\\/white-logo60.svg\",\"width\":90,\"height\":60,\"caption\":\"BoatsExpert\"},\"image\":{\"@id\":\"https:\\\/\\\/boatsexpert.com\\\/ro\\\/#\\\/schema\\\/logo\\\/image\\\/\"}}]}<\/script>\n<!-- \/ Yoast SEO plugin. -->","yoast_head_json":{"title":"Osculati cutie etan\u0219\u0103 pentru siguran\u021be lamelare 6 loca\u0219uri - BoatsExpert","description":"Cutie etan\u0219\u0103 pentru siguran\u021be lamelare cu 6 loca\u0219uri, capac transparent, garnitur\u0103 etan\u0219\u0103 \u0219i terminale tip baionet\u0103.","robots":{"index":"index","follow":"follow","max-snippet":"max-snippet:-1","max-image-preview":"max-image-preview:large","max-video-preview":"max-video-preview:-1"},"canonical":"https:\/\/boatsexpert.com\/ro\/produs\/osculati-cutie-etansa-pentru-sigurante-lamelare-6-locasuri\/","og_locale":"ro_RO","og_type":"article","og_title":"Osculati cutie etan\u0219\u0103 pentru siguran\u021be lamelare 6 loca\u0219uri - BoatsExpert","og_description":"Cutie etan\u0219\u0103 pentru siguran\u021be lamelare cu 6 loca\u0219uri, capac transparent, garnitur\u0103 etan\u0219\u0103 \u0219i terminale tip baionet\u0103.","og_url":"https:\/\/boatsexpert.com\/ro\/produs\/osculati-cutie-etansa-pentru-sigurante-lamelare-6-locasuri\/","og_site_name":"BoatsExpert","article_modified_time":"2026-05-04T14:37:10+00:00","og_image":[{"width":555,"height":478,"url":"https:\/\/boatsexpert.com\/wp-content\/uploads\/2026\/05\/14.100.32.jpg","type":"image\/jpeg"}],"twitter_card":"summary_large_image","twitter_misc":{"Timp estimat pentru citire":"1 minut"},"schema":{"@context":"https:\/\/schema.org","@graph":[{"@type":"WebPage","@id":"https:\/\/boatsexpert.com\/ro\/produs\/osculati-cutie-etansa-pentru-sigurante-lamelare-6-locasuri\/","url":"https:\/\/boatsexpert.com\/ro\/produs\/osculati-cutie-etansa-pentru-sigurante-lamelare-6-locasuri\/","name":"Osculati cutie etan\u0219\u0103 pentru siguran\u021be lamelare 6 loca\u0219uri - BoatsExpert","isPartOf":{"@id":"https:\/\/boatsexpert.com\/ro\/#website"},"primaryImageOfPage":{"@id":"https:\/\/boatsexpert.com\/ro\/produs\/osculati-cutie-etansa-pentru-sigurante-lamelare-6-locasuri\/#primaryimage"},"image":{"@id":"https:\/\/boatsexpert.com\/ro\/produs\/osculati-cutie-etansa-pentru-sigurante-lamelare-6-locasuri\/#primaryimage"},"thumbnailUrl":"https:\/\/boatsexpert.com\/wp-content\/uploads\/2026\/05\/14.100.32.jpg","datePublished":"2026-05-04T14:29:20+00:00","dateModified":"2026-05-04T14:37:10+00:00","description":"Cutie etan\u0219\u0103 pentru siguran\u021be lamelare cu 6 loca\u0219uri, capac transparent, garnitur\u0103 etan\u0219\u0103 \u0219i terminale tip baionet\u0103.","breadcrumb":{"@id":"https:\/\/boatsexpert.com\/ro\/produs\/osculati-cutie-etansa-pentru-sigurante-lamelare-6-locasuri\/#breadcrumb"},"inLanguage":"ro-RO","potentialAction":[{"@type":"ReadAction","target":["https:\/\/boatsexpert.com\/ro\/produs\/osculati-cutie-etansa-pentru-sigurante-lamelare-6-locasuri\/"]}]},{"@type":"ImageObject","inLanguage":"ro-RO","@id":"https:\/\/boatsexpert.com\/ro\/produs\/osculati-cutie-etansa-pentru-sigurante-lamelare-6-locasuri\/#primaryimage","url":"https:\/\/boatsexpert.com\/wp-content\/uploads\/2026\/05\/14.100.32.jpg","contentUrl":"https:\/\/boatsexpert.com\/wp-content\/uploads\/2026\/05\/14.100.32.jpg","width":555,"height":478,"caption":"osculati watertight blade fuse holder box 6 housings"},{"@type":"BreadcrumbList","@id":"https:\/\/boatsexpert.com\/ro\/produs\/osculati-cutie-etansa-pentru-sigurante-lamelare-6-locasuri\/#breadcrumb","itemListElement":[{"@type":"ListItem","position":1,"name":"Home","item":"https:\/\/boatsexpert.com\/ro\/"},{"@type":"ListItem","position":2,"name":"Shop Online &#8211; cel mai bun magazin pentru echipamente pentru b\u0103rci","item":"https:\/\/boatsexpert.com\/ro\/shop-ro\/"},{"@type":"ListItem","position":3,"name":"Osculati cutie etan\u0219\u0103 pentru siguran\u021be lamelare 6 loca\u0219uri"}]},{"@type":"WebSite","@id":"https:\/\/boatsexpert.com\/ro\/#website","url":"https:\/\/boatsexpert.com\/ro\/","name":"BoatsExpert","description":"Boats, Service, Equipment","publisher":{"@id":"https:\/\/boatsexpert.com\/ro\/#organization"},"potentialAction":[{"@type":"SearchAction","target":{"@type":"EntryPoint","urlTemplate":"https:\/\/boatsexpert.com\/ro\/?s={search_term_string}"},"query-input":{"@type":"PropertyValueSpecification","valueRequired":true,"valueName":"search_term_string"}}],"inLanguage":"ro-RO"},{"@type":"Organization","@id":"https:\/\/boatsexpert.com\/ro\/#organization","name":"BoatsExpert","url":"https:\/\/boatsexpert.com\/ro\/","logo":{"@type":"ImageObject","inLanguage":"ro-RO","@id":"https:\/\/boatsexpert.com\/ro\/#\/schema\/logo\/image\/","url":"https:\/\/boatsexpert.com\/wp-content\/uploads\/2023\/05\/white-logo60.svg","contentUrl":"https:\/\/boatsexpert.com\/wp-content\/uploads\/2023\/05\/white-logo60.svg","width":90,"height":60,"caption":"BoatsExpert"},"image":{"@id":"https:\/\/boatsexpert.com\/ro\/#\/schema\/logo\/image\/"}}]}},"_links":{"self":[{"href":"https:\/\/boatsexpert.com\/ro\/wp-json\/wp\/v2\/product\/44571","targetHints":{"allow":["GET"]}}],"collection":[{"href":"https:\/\/boatsexpert.com\/ro\/wp-json\/wp\/v2\/product"}],"about":[{"href":"https:\/\/boatsexpert.com\/ro\/wp-json\/wp\/v2\/types\/product"}],"replies":[{"embeddable":true,"href":"https:\/\/boatsexpert.com\/ro\/wp-json\/wp\/v2\/comments?post=44571"}],"version-history":[{"count":4,"href":"https:\/\/boatsexpert.com\/ro\/wp-json\/wp\/v2\/product\/44571\/revisions"}],"predecessor-version":[{"id":44582,"href":"https:\/\/boatsexpert.com\/ro\/wp-json\/wp\/v2\/product\/44571\/revisions\/44582"}],"wp:featuredmedia":[{"embeddable":true,"href":"https:\/\/boatsexpert.com\/ro\/wp-json\/wp\/v2\/media\/44573"}],"wp:attachment":[{"href":"https:\/\/boatsexpert.com\/ro\/wp-json\/wp\/v2\/media?parent=44571"}],"wp:term":[{"taxonomy":"product_brand","embeddable":true,"href":"https:\/\/boatsexpert.com\/ro\/wp-json\/wp\/v2\/product_brand?post=44571"},{"taxonomy":"product_cat","embeddable":true,"href":"https:\/\/boatsexpert.com\/ro\/wp-json\/wp\/v2\/product_cat?post=44571"},{"taxonomy":"product_tag","embeddable":true,"href":"https:\/\/boatsexpert.com\/ro\/wp-json\/wp\/v2\/product_tag?post=44571"}],"curies":[{"name":"wp","href":"https:\/\/api.w.org\/{rel}","templated":true}]}}