{"id":45342,"date":"2026-05-12T14:12:36","date_gmt":"2026-05-12T11:12:36","guid":{"rendered":"https:\/\/boatsexpert.com\/?post_type=product&#038;p=45342"},"modified":"2026-05-12T14:22:58","modified_gmt":"2026-05-12T11:22:58","slug":"garmin-fusion-apollo-amplificator-marin-monobloc-1-canal-design-non-zona","status":"publish","type":"product","link":"https:\/\/boatsexpert.com\/ro\/produs\/garmin-fusion-apollo-amplificator-marin-monobloc-1-canal-design-non-zona\/","title":{"rendered":"Garmin Fusion Apollo amplificator marin monobloc 1 canal design non-zon\u0103"},"content":{"rendered":"\t\t<div data-elementor-type=\"wp-post\" data-elementor-id=\"45342\" class=\"elementor elementor-45342 elementor-45341\">\n\t\t\t\t\t\t<section class=\"elementor-section elementor-top-section elementor-element elementor-element-c6aa9b0 elementor-section-boxed elementor-section-height-default elementor-section-height-default\" data-id=\"c6aa9b0\" data-element_type=\"section\" data-e-type=\"section\">\n\t\t\t\t\t\t<div class=\"elementor-container elementor-column-gap-default\">\n\t\t\t\t\t<div class=\"elementor-column elementor-col-100 elementor-top-column elementor-element elementor-element-5cbaaf9\" data-id=\"5cbaaf9\" data-element_type=\"column\" data-e-type=\"column\">\n\t\t\t<div class=\"elementor-widget-wrap elementor-element-populated\">\n\t\t\t\t\t\t<div class=\"elementor-element elementor-element-9754100 elementor-widget elementor-widget-heading\" data-id=\"9754100\" data-element_type=\"widget\" data-e-type=\"widget\" data-widget_type=\"heading.default\">\n\t\t\t\t<div class=\"elementor-widget-container\">\n\t\t\t\t\t<h4 class=\"elementor-heading-title elementor-size-default\">DESCRIERE<\/h4>\t\t\t\t<\/div>\n\t\t\t\t<\/div>\n\t\t\t\t\t<\/div>\n\t\t<\/div>\n\t\t\t\t\t<\/div>\n\t\t<\/section>\n\t\t\t\t<section class=\"elementor-section elementor-top-section elementor-element elementor-element-ea764bd elementor-section-boxed elementor-section-height-default elementor-section-height-default\" data-id=\"ea764bd\" data-element_type=\"section\" data-e-type=\"section\">\n\t\t\t\t\t\t<div class=\"elementor-container elementor-column-gap-default\">\n\t\t\t\t\t<div class=\"elementor-column elementor-col-100 elementor-top-column elementor-element elementor-element-42a7708\" data-id=\"42a7708\" data-element_type=\"column\" data-e-type=\"column\">\n\t\t\t<div class=\"elementor-widget-wrap elementor-element-populated\">\n\t\t\t\t\t\t<div class=\"elementor-element elementor-element-b73275f elementor-widget elementor-widget-text-editor\" data-id=\"b73275f\" data-element_type=\"widget\" data-e-type=\"widget\" data-widget_type=\"text-editor.default\">\n\t\t\t\t<div class=\"elementor-widget-container\">\n\t\t\t\t\t\t\t\t\t<p>Aceste amplificatoare eficiente, u\u015for de instalat func\u0163ioneaz\u0103 cu sistemul t\u0103u stereo compatibil Fusion \u015fi \u00ee\u0163i permit s\u0103 alegi dintre op\u0163iunile de amplificare monobloc, multicanal \u015fi zonale.<\/p><ul class=\"tt-list01\"><li>LAS\u0102 MUZICA S\u0102 MEARG\u0102 MAI MULT TIMP F\u0102R\u0102 A-\u0162I DESC\u0102RCA BATERIA C\u00c2T MAI REPEDE.<\/li><li>F\u0102R\u0102 REGLAJE MANUALE ALE SET\u0102RILOR AUDIO. FUNC\u0162IA REGLARE U\u015eOAR\u0102 O FACE PENTRU TINE.<\/li><li>O PRIVIRE ASUPRA INDICATOARELOR CU LED \u00ce\u0162I PERMITE S\u0102 IDENTIFICI DAC\u0102 AMPLIFICATOARELE AU UN SCURTCIRCUIT SAU DAC\u0102 SE SUPRA\u00ceNC\u0102LZESC.<\/li><li>ACESTE AMPLIFICATOARE AU MAI PU\u021aINE DISTORSIUNI \u0218I ZGOMOT, ASTFEL \u00ceNC\u00c2T S\u0102 TE BUCURI DE SUNET DE CALITATE MAI \u00ceNALT\u0102.<\/li><li>CONSOLELE DE MONTARE SUNT INCLUSE PENTRU O INSTALARE SIMPL\u0102.<\/li><\/ul>\t\t\t\t\t\t\t\t<\/div>\n\t\t\t\t<\/div>\n\t\t\t\t\t<\/div>\n\t\t<\/div>\n\t\t\t\t\t<\/div>\n\t\t<\/section>\n\t\t\t\t<section class=\"elementor-section elementor-top-section elementor-element elementor-element-7920dc4 elementor-section-boxed elementor-section-height-default elementor-section-height-default\" data-id=\"7920dc4\" data-element_type=\"section\" data-e-type=\"section\">\n\t\t\t\t\t\t<div class=\"elementor-container elementor-column-gap-default\">\n\t\t\t\t\t<div class=\"elementor-column elementor-col-100 elementor-top-column elementor-element elementor-element-a56e44c\" data-id=\"a56e44c\" data-element_type=\"column\" data-e-type=\"column\">\n\t\t\t<div class=\"elementor-widget-wrap elementor-element-populated\">\n\t\t\t\t\t\t<div class=\"elementor-element elementor-element-c645bb7 elementor-widget elementor-widget-heading\" data-id=\"c645bb7\" data-element_type=\"widget\" data-e-type=\"widget\" data-widget_type=\"heading.default\">\n\t\t\t\t<div class=\"elementor-widget-container\">\n\t\t\t\t\t<h4 class=\"elementor-heading-title elementor-size-default\">\u00ceN CUTIE<\/h4>\t\t\t\t<\/div>\n\t\t\t\t<\/div>\n\t\t\t\t\t<\/div>\n\t\t<\/div>\n\t\t\t\t\t<\/div>\n\t\t<\/section>\n\t\t\t\t<section class=\"elementor-section elementor-top-section elementor-element elementor-element-c65e258 elementor-section-boxed elementor-section-height-default elementor-section-height-default\" data-id=\"c65e258\" data-element_type=\"section\" data-e-type=\"section\">\n\t\t\t\t\t\t<div class=\"elementor-container elementor-column-gap-default\">\n\t\t\t\t\t<div class=\"elementor-column elementor-col-100 elementor-top-column elementor-element elementor-element-92ce938\" data-id=\"92ce938\" data-element_type=\"column\" data-e-type=\"column\">\n\t\t\t<div class=\"elementor-widget-wrap elementor-element-populated\">\n\t\t\t\t\t\t<div class=\"elementor-element elementor-element-a4b61dd elementor-widget elementor-widget-text-editor\" data-id=\"a4b61dd\" data-element_type=\"widget\" data-e-type=\"widget\" data-widget_type=\"text-editor.default\">\n\t\t\t\t<div class=\"elementor-widget-container\">\n\t\t\t\t\t\t\t\t\t<h6 class=\"tt-title-single-sub\">\u00a0<\/h6><ul class=\"tt-list01\"><li>Un amplificator monobloc Apollo<\/li><li>O consol\u0103 de montare<\/li><li>Un conector de alimentare<\/li><li>Un conector pentru difuzor<\/li><li>Patru \u015furuburi autofiletante de 8 cu cap plat<\/li><li>Patru \u015furuburi autofiletante de 8 cu cap bombat (pentru console de montare)<\/li><li>Patru capace pentru \u015furuburi<\/li><li>\u015eablon de montare<\/li><li>Instruc\u0163iuni de instalare<\/li><li>Informa\u0163ii importante privind siguran\u0163a \u015fi produsul (ISPI)<\/li><\/ul>\t\t\t\t\t\t\t\t<\/div>\n\t\t\t\t<\/div>\n\t\t\t\t\t<\/div>\n\t\t<\/div>\n\t\t\t\t\t<\/div>\n\t\t<\/section>\n\t\t\t\t<section class=\"elementor-section elementor-top-section elementor-element elementor-element-18694e2 elementor-section-boxed elementor-section-height-default elementor-section-height-default\" data-id=\"18694e2\" data-element_type=\"section\" data-e-type=\"section\">\n\t\t\t\t\t\t<div class=\"elementor-container elementor-column-gap-default\">\n\t\t\t\t\t<div class=\"elementor-column elementor-col-100 elementor-top-column elementor-element elementor-element-72d0833\" data-id=\"72d0833\" data-element_type=\"column\" data-e-type=\"column\">\n\t\t\t<div class=\"elementor-widget-wrap elementor-element-populated\">\n\t\t\t\t\t\t<div class=\"elementor-element elementor-element-0a14893 elementor-widget elementor-widget-heading\" data-id=\"0a14893\" data-element_type=\"widget\" data-e-type=\"widget\" data-widget_type=\"heading.default\">\n\t\t\t\t<div class=\"elementor-widget-container\">\n\t\t\t\t\t<h4 class=\"elementor-heading-title elementor-size-default\">SPECIFICATII<\/h4>\t\t\t\t<\/div>\n\t\t\t\t<\/div>\n\t\t\t\t\t<\/div>\n\t\t<\/div>\n\t\t\t\t\t<\/div>\n\t\t<\/section>\n\t\t\t\t<section class=\"elementor-section elementor-top-section elementor-element elementor-element-adcaabe elementor-section-boxed elementor-section-height-default elementor-section-height-default\" data-id=\"adcaabe\" data-element_type=\"section\" data-e-type=\"section\">\n\t\t\t\t\t\t<div class=\"elementor-container elementor-column-gap-default\">\n\t\t\t\t\t<div class=\"elementor-column elementor-col-100 elementor-top-column elementor-element elementor-element-39862e3\" data-id=\"39862e3\" data-element_type=\"column\" data-e-type=\"column\">\n\t\t\t<div class=\"elementor-widget-wrap elementor-element-populated\">\n\t\t\t\t\t\t<div class=\"elementor-element elementor-element-5b064ed elementor-widget elementor-widget-text-editor\" data-id=\"5b064ed\" data-element_type=\"widget\" data-e-type=\"widget\" data-widget_type=\"text-editor.default\">\n\t\t\t\t<div class=\"elementor-widget-container\">\n\t\t\t\t\t\t\t\t\t<table style=\"width: 100%\">\n<tbody>\n<tr>\n<td colspan=\"2\">\n<h6>Caracteristici Fizice \u015fi Performan\u0163e<\/h6>\n<\/td>\n<\/tr>\n<tr>\n<th scope=\"row\"><strong>GARAN\u0162IE<\/strong><\/th>\n<td>3 ani<\/td>\n<\/tr>\n<tr>\n<th scope=\"row\"><strong>CANALE<\/strong><\/th>\n<td>Monobloc<\/td>\n<\/tr>\n<tr>\n<th scope=\"row\"><strong>DIMENSIUNI FIZICE (\u00ceN\u0102L\u021aIME)<\/strong><\/th>\n<td>180 mm (7,06&#8243;)<\/td>\n<\/tr>\n<tr>\n<th scope=\"row\"><strong>DIMENSIUNI FIZICE (L\u0102\u021aIME)<\/strong><\/th>\n<td>235 mm (9,25&#8243;)<\/td>\n<\/tr>\n<tr>\n<th scope=\"row\"><strong>DIMENSIUNI FIZICE (AD\u00c2NCIME)<\/strong><\/th>\n<td>45 mm (1,75&#8243;)<\/td>\n<\/tr>\n<tr>\n<th scope=\"row\"><strong>GREUTATE<\/strong><\/th>\n<td>2,2 kg (4,85 lbs)<\/td>\n<\/tr>\n<tr>\n<th scope=\"row\"><strong>RATING DE PROTEC\u021aIE \u00ceMPOTRIVA P\u0102TRUNDERII APEI \u0218I PRAFULUI<\/strong><\/th>\n<td>IPX2<\/td>\n<\/tr>\n<tr>\n<th scope=\"row\"><strong>INTERVAL DE TEMPERATUR\u0102 DE FUNC\u0162IONARE<\/strong><\/th>\n<td>0\u00b0 p\u00e2n\u0103 la 50\u00b0 C (32\u00b0 p\u00e2n\u0103 la 122\u00b0 F)<\/td>\n<\/tr>\n<\/tbody>\n<\/table>\n\n<table style=\"width: 100%\">\n<tbody>\n<tr>\n<td colspan=\"2\">\n<h6>Audio<\/h6>\n<\/td>\n<\/tr>\n<tr>\n<th scope=\"row\"><strong>CLASA AMPLIFICATORULUI<\/strong><\/th>\n<td>Clasa D<\/td>\n<\/tr>\n<tr>\n<th scope=\"row\"><strong>PUTERE NOMINAL\u0102 (RMS) CONTINU\u0102 (TENSIUNE DE INTRARE DE 14,4 V LA 4 OHMI &lt; 1% THD)<\/strong><\/th>\n<td>650 W x 1<\/td>\n<\/tr>\n<tr>\n<th scope=\"row\"><strong>PUTERE NOMINAL\u0102 (RMS) CONTINU\u0102 (TENSIUNE DE INTRARE DE 14,4 V LA 2 OHMI &lt; 1% THD)<\/strong><\/th>\n<td>1100 W x 1<\/td>\n<\/tr>\n<tr>\n<th scope=\"row\"><strong>R\u0102SPUNS \u00ceN FRECVEN\u021a\u0102 (+0, -1DB)<\/strong><\/th>\n<td>20 Hz-20 kHz<\/td>\n<\/tr>\n<tr>\n<th scope=\"row\"><strong>SENSIBILITATE INTRARE LA INTR\u0102RI RCA<\/strong><\/th>\n<td>2,15 V RMS<\/td>\n<\/tr>\n<tr>\n<th scope=\"row\"><strong>INTERVAL TENSIUNE INTRARE LA INTR\u0102RI RCA<\/strong><\/th>\n<td>2,15 V RMS<\/td>\n<\/tr>\n<tr>\n<th scope=\"row\"><strong>IMPEDAN\u0162\u0102 DE INTRARE<\/strong><\/th>\n<td>22 k\u03a9<\/td>\n<\/tr>\n<tr>\n<th scope=\"row\"><strong>CONSUM DE CURENT (\u00ceN MODUL \u00ceN A\u0218TEPTARE)<\/strong><\/th>\n<td>&lt; 5 mA la o tensiune de intrare de 14,4 V<\/td>\n<\/tr>\n<tr>\n<th scope=\"row\"><strong>CONSUM DE CURENT (\u00ceN MODUL INACTIV)<\/strong><\/th>\n<td>&lt; 0,89 A @ la o tensiune de intrare de 14,4 V.<\/td>\n<\/tr>\n<tr>\n<th scope=\"row\"><strong>CONSUM DE CURENT (\u00ceN MODUL MAX)<\/strong><\/th>\n<td>87 A<\/td>\n<\/tr>\n<tr>\n<th scope=\"row\"><strong>CLASIFICAREA SIGURAN\u0162ELOR<\/strong><\/th>\n<td>Siguran\u021b\u0103 electronic\u0103 de 125 A (nu este necesar\u0103 \u00eenlocuirea)<\/td>\n<\/tr>\n<tr>\n<th scope=\"row\"><strong>MIN. CABLU DE ALIMENTARE\/\u00ceMP\u0102M\u00c2NTARE DIN CUPRU<\/strong><\/th>\n<td>Bussmann BK\/AMI-030 30 A cu ac\u021biune rapid\u0103<\/td>\n<\/tr>\n<tr>\n<th scope=\"row\"><strong>PROTEJAT \u00ceMPOTRIVA APRINDERII (SAE J1171)<\/strong><\/th>\n<td>Da<\/td>\n<\/tr>\n<tr>\n<th scope=\"row\"><strong>CIRCUITE DE PROTEC\u0162IE<\/strong><\/th>\n<td>Tensiune invers\u0103<br>Tensiune de intrare sub\/peste<br>Supra\u00eenc\u0103lzire<br>Scurtcircuit la ie\u015fire<\/td>\n<\/tr>\n<\/tbody>\n<\/table>\t\t\t\t\t\t\t\t<\/div>\n\t\t\t\t<\/div>\n\t\t\t\t\t<\/div>\n\t\t<\/div>\n\t\t\t\t\t<\/div>\n\t\t<\/section>\n\t\t\t\t<\/div>\n\t\t","protected":false},"excerpt":{"rendered":"<p>&nbsp; Garmin Fusion Apollo amplificator marin monobloc 650 W RMS<\/p>\n","protected":false},"featured_media":45344,"comment_status":"open","ping_status":"closed","template":"","meta":{"_acf_changed":false,"inline_featured_image":false},"product_brand":[],"product_cat":[92],"product_tag":[],"class_list":{"0":"post-45342","1":"product","2":"type-product","3":"status-publish","4":"has-post-thumbnail","6":"product_cat-sisteme-audio-ro","7":"tt-post","9":"first","10":"instock","11":"shipping-taxable","12":"purchasable","13":"product-type-simple"},"acf":[],"yoast_head":"<!-- This site is optimized with the Yoast SEO plugin v27.6 - https:\/\/yoast.com\/product\/yoast-seo-wordpress\/ -->\n<title>Garmin Fusion Apollo amplificator marin monobloc 1 canal design non-zon\u0103 - BoatsExpert<\/title>\n<meta name=\"description\" content=\"Amplificator marin monobloc Garmin Fusion Apollo, Clasa D, putere 650 W RMS \u0219i rating IPX2 pentru ap\u0103 \u0219i praf, livrare \u00een Rom\u00e2nia.\" \/>\n<meta name=\"robots\" content=\"index, follow, max-snippet:-1, max-image-preview:large, max-video-preview:-1\" \/>\n<link rel=\"canonical\" href=\"https:\/\/boatsexpert.com\/ro\/produs\/garmin-fusion-apollo-amplificator-marin-monobloc-1-canal-design-non-zona\/\" \/>\n<meta property=\"og:locale\" content=\"ro_RO\" \/>\n<meta property=\"og:type\" content=\"article\" \/>\n<meta property=\"og:title\" content=\"Garmin Fusion Apollo amplificator marin monobloc 1 canal design non-zon\u0103 - BoatsExpert\" \/>\n<meta property=\"og:description\" content=\"Amplificator marin monobloc Garmin Fusion Apollo, Clasa D, putere 650 W RMS \u0219i rating IPX2 pentru ap\u0103 \u0219i praf, livrare \u00een Rom\u00e2nia.\" \/>\n<meta property=\"og:url\" content=\"https:\/\/boatsexpert.com\/ro\/produs\/garmin-fusion-apollo-amplificator-marin-monobloc-1-canal-design-non-zona\/\" \/>\n<meta property=\"og:site_name\" content=\"BoatsExpert\" \/>\n<meta property=\"article:modified_time\" content=\"2026-05-12T11:22:58+00:00\" \/>\n<meta property=\"og:image\" content=\"https:\/\/boatsexpert.com\/wp-content\/uploads\/2026\/05\/010-02284-15.jpg\" \/>\n\t<meta property=\"og:image:width\" content=\"555\" \/>\n\t<meta property=\"og:image:height\" content=\"478\" \/>\n\t<meta property=\"og:image:type\" content=\"image\/jpeg\" \/>\n<meta name=\"twitter:card\" content=\"summary_large_image\" \/>\n<meta name=\"twitter:label1\" content=\"Timp estimat pentru citire\" \/>\n\t<meta name=\"twitter:data1\" content=\"2 minute\" \/>\n<script type=\"application\/ld+json\" class=\"yoast-schema-graph\">{\"@context\":\"https:\\\/\\\/schema.org\",\"@graph\":[{\"@type\":\"WebPage\",\"@id\":\"https:\\\/\\\/boatsexpert.com\\\/ro\\\/produs\\\/garmin-fusion-apollo-amplificator-marin-monobloc-1-canal-design-non-zona\\\/\",\"url\":\"https:\\\/\\\/boatsexpert.com\\\/ro\\\/produs\\\/garmin-fusion-apollo-amplificator-marin-monobloc-1-canal-design-non-zona\\\/\",\"name\":\"Garmin Fusion Apollo amplificator marin monobloc 1 canal design non-zon\u0103 - BoatsExpert\",\"isPartOf\":{\"@id\":\"https:\\\/\\\/boatsexpert.com\\\/ro\\\/#website\"},\"primaryImageOfPage\":{\"@id\":\"https:\\\/\\\/boatsexpert.com\\\/ro\\\/produs\\\/garmin-fusion-apollo-amplificator-marin-monobloc-1-canal-design-non-zona\\\/#primaryimage\"},\"image\":{\"@id\":\"https:\\\/\\\/boatsexpert.com\\\/ro\\\/produs\\\/garmin-fusion-apollo-amplificator-marin-monobloc-1-canal-design-non-zona\\\/#primaryimage\"},\"thumbnailUrl\":\"https:\\\/\\\/boatsexpert.com\\\/wp-content\\\/uploads\\\/2026\\\/05\\\/010-02284-15.jpg\",\"datePublished\":\"2026-05-12T11:12:36+00:00\",\"dateModified\":\"2026-05-12T11:22:58+00:00\",\"description\":\"Amplificator marin monobloc Garmin Fusion Apollo, Clasa D, putere 650 W RMS \u0219i rating IPX2 pentru ap\u0103 \u0219i praf, livrare \u00een Rom\u00e2nia.\",\"breadcrumb\":{\"@id\":\"https:\\\/\\\/boatsexpert.com\\\/ro\\\/produs\\\/garmin-fusion-apollo-amplificator-marin-monobloc-1-canal-design-non-zona\\\/#breadcrumb\"},\"inLanguage\":\"ro-RO\",\"potentialAction\":[{\"@type\":\"ReadAction\",\"target\":[\"https:\\\/\\\/boatsexpert.com\\\/ro\\\/produs\\\/garmin-fusion-apollo-amplificator-marin-monobloc-1-canal-design-non-zona\\\/\"]}]},{\"@type\":\"ImageObject\",\"inLanguage\":\"ro-RO\",\"@id\":\"https:\\\/\\\/boatsexpert.com\\\/ro\\\/produs\\\/garmin-fusion-apollo-amplificator-marin-monobloc-1-canal-design-non-zona\\\/#primaryimage\",\"url\":\"https:\\\/\\\/boatsexpert.com\\\/wp-content\\\/uploads\\\/2026\\\/05\\\/010-02284-15.jpg\",\"contentUrl\":\"https:\\\/\\\/boatsexpert.com\\\/wp-content\\\/uploads\\\/2026\\\/05\\\/010-02284-15.jpg\",\"width\":555,\"height\":478,\"caption\":\"garmin fusion apollo monoblock marine amplifier\"},{\"@type\":\"BreadcrumbList\",\"@id\":\"https:\\\/\\\/boatsexpert.com\\\/ro\\\/produs\\\/garmin-fusion-apollo-amplificator-marin-monobloc-1-canal-design-non-zona\\\/#breadcrumb\",\"itemListElement\":[{\"@type\":\"ListItem\",\"position\":1,\"name\":\"Home\",\"item\":\"https:\\\/\\\/boatsexpert.com\\\/ro\\\/\"},{\"@type\":\"ListItem\",\"position\":2,\"name\":\"Shop Online &#8211; cel mai bun magazin pentru echipamente pentru b\u0103rci\",\"item\":\"https:\\\/\\\/boatsexpert.com\\\/ro\\\/shop-ro\\\/\"},{\"@type\":\"ListItem\",\"position\":3,\"name\":\"Garmin Fusion Apollo amplificator marin monobloc 1 canal design non-zon\u0103\"}]},{\"@type\":\"WebSite\",\"@id\":\"https:\\\/\\\/boatsexpert.com\\\/ro\\\/#website\",\"url\":\"https:\\\/\\\/boatsexpert.com\\\/ro\\\/\",\"name\":\"BoatsExpert\",\"description\":\"Boats, Service, Equipment\",\"publisher\":{\"@id\":\"https:\\\/\\\/boatsexpert.com\\\/ro\\\/#organization\"},\"potentialAction\":[{\"@type\":\"SearchAction\",\"target\":{\"@type\":\"EntryPoint\",\"urlTemplate\":\"https:\\\/\\\/boatsexpert.com\\\/ro\\\/?s={search_term_string}\"},\"query-input\":{\"@type\":\"PropertyValueSpecification\",\"valueRequired\":true,\"valueName\":\"search_term_string\"}}],\"inLanguage\":\"ro-RO\"},{\"@type\":\"Organization\",\"@id\":\"https:\\\/\\\/boatsexpert.com\\\/ro\\\/#organization\",\"name\":\"BoatsExpert\",\"url\":\"https:\\\/\\\/boatsexpert.com\\\/ro\\\/\",\"logo\":{\"@type\":\"ImageObject\",\"inLanguage\":\"ro-RO\",\"@id\":\"https:\\\/\\\/boatsexpert.com\\\/ro\\\/#\\\/schema\\\/logo\\\/image\\\/\",\"url\":\"https:\\\/\\\/boatsexpert.com\\\/wp-content\\\/uploads\\\/2023\\\/05\\\/white-logo60.svg\",\"contentUrl\":\"https:\\\/\\\/boatsexpert.com\\\/wp-content\\\/uploads\\\/2023\\\/05\\\/white-logo60.svg\",\"width\":90,\"height\":60,\"caption\":\"BoatsExpert\"},\"image\":{\"@id\":\"https:\\\/\\\/boatsexpert.com\\\/ro\\\/#\\\/schema\\\/logo\\\/image\\\/\"}}]}<\/script>\n<!-- \/ Yoast SEO plugin. -->","yoast_head_json":{"title":"Garmin Fusion Apollo amplificator marin monobloc 1 canal design non-zon\u0103 - BoatsExpert","description":"Amplificator marin monobloc Garmin Fusion Apollo, Clasa D, putere 650 W RMS \u0219i rating IPX2 pentru ap\u0103 \u0219i praf, livrare \u00een Rom\u00e2nia.","robots":{"index":"index","follow":"follow","max-snippet":"max-snippet:-1","max-image-preview":"max-image-preview:large","max-video-preview":"max-video-preview:-1"},"canonical":"https:\/\/boatsexpert.com\/ro\/produs\/garmin-fusion-apollo-amplificator-marin-monobloc-1-canal-design-non-zona\/","og_locale":"ro_RO","og_type":"article","og_title":"Garmin Fusion Apollo amplificator marin monobloc 1 canal design non-zon\u0103 - BoatsExpert","og_description":"Amplificator marin monobloc Garmin Fusion Apollo, Clasa D, putere 650 W RMS \u0219i rating IPX2 pentru ap\u0103 \u0219i praf, livrare \u00een Rom\u00e2nia.","og_url":"https:\/\/boatsexpert.com\/ro\/produs\/garmin-fusion-apollo-amplificator-marin-monobloc-1-canal-design-non-zona\/","og_site_name":"BoatsExpert","article_modified_time":"2026-05-12T11:22:58+00:00","og_image":[{"width":555,"height":478,"url":"https:\/\/boatsexpert.com\/wp-content\/uploads\/2026\/05\/010-02284-15.jpg","type":"image\/jpeg"}],"twitter_card":"summary_large_image","twitter_misc":{"Timp estimat pentru citire":"2 minute"},"schema":{"@context":"https:\/\/schema.org","@graph":[{"@type":"WebPage","@id":"https:\/\/boatsexpert.com\/ro\/produs\/garmin-fusion-apollo-amplificator-marin-monobloc-1-canal-design-non-zona\/","url":"https:\/\/boatsexpert.com\/ro\/produs\/garmin-fusion-apollo-amplificator-marin-monobloc-1-canal-design-non-zona\/","name":"Garmin Fusion Apollo amplificator marin monobloc 1 canal design non-zon\u0103 - BoatsExpert","isPartOf":{"@id":"https:\/\/boatsexpert.com\/ro\/#website"},"primaryImageOfPage":{"@id":"https:\/\/boatsexpert.com\/ro\/produs\/garmin-fusion-apollo-amplificator-marin-monobloc-1-canal-design-non-zona\/#primaryimage"},"image":{"@id":"https:\/\/boatsexpert.com\/ro\/produs\/garmin-fusion-apollo-amplificator-marin-monobloc-1-canal-design-non-zona\/#primaryimage"},"thumbnailUrl":"https:\/\/boatsexpert.com\/wp-content\/uploads\/2026\/05\/010-02284-15.jpg","datePublished":"2026-05-12T11:12:36+00:00","dateModified":"2026-05-12T11:22:58+00:00","description":"Amplificator marin monobloc Garmin Fusion Apollo, Clasa D, putere 650 W RMS \u0219i rating IPX2 pentru ap\u0103 \u0219i praf, livrare \u00een Rom\u00e2nia.","breadcrumb":{"@id":"https:\/\/boatsexpert.com\/ro\/produs\/garmin-fusion-apollo-amplificator-marin-monobloc-1-canal-design-non-zona\/#breadcrumb"},"inLanguage":"ro-RO","potentialAction":[{"@type":"ReadAction","target":["https:\/\/boatsexpert.com\/ro\/produs\/garmin-fusion-apollo-amplificator-marin-monobloc-1-canal-design-non-zona\/"]}]},{"@type":"ImageObject","inLanguage":"ro-RO","@id":"https:\/\/boatsexpert.com\/ro\/produs\/garmin-fusion-apollo-amplificator-marin-monobloc-1-canal-design-non-zona\/#primaryimage","url":"https:\/\/boatsexpert.com\/wp-content\/uploads\/2026\/05\/010-02284-15.jpg","contentUrl":"https:\/\/boatsexpert.com\/wp-content\/uploads\/2026\/05\/010-02284-15.jpg","width":555,"height":478,"caption":"garmin fusion apollo monoblock marine amplifier"},{"@type":"BreadcrumbList","@id":"https:\/\/boatsexpert.com\/ro\/produs\/garmin-fusion-apollo-amplificator-marin-monobloc-1-canal-design-non-zona\/#breadcrumb","itemListElement":[{"@type":"ListItem","position":1,"name":"Home","item":"https:\/\/boatsexpert.com\/ro\/"},{"@type":"ListItem","position":2,"name":"Shop Online &#8211; cel mai bun magazin pentru echipamente pentru b\u0103rci","item":"https:\/\/boatsexpert.com\/ro\/shop-ro\/"},{"@type":"ListItem","position":3,"name":"Garmin Fusion Apollo amplificator marin monobloc 1 canal design non-zon\u0103"}]},{"@type":"WebSite","@id":"https:\/\/boatsexpert.com\/ro\/#website","url":"https:\/\/boatsexpert.com\/ro\/","name":"BoatsExpert","description":"Boats, Service, Equipment","publisher":{"@id":"https:\/\/boatsexpert.com\/ro\/#organization"},"potentialAction":[{"@type":"SearchAction","target":{"@type":"EntryPoint","urlTemplate":"https:\/\/boatsexpert.com\/ro\/?s={search_term_string}"},"query-input":{"@type":"PropertyValueSpecification","valueRequired":true,"valueName":"search_term_string"}}],"inLanguage":"ro-RO"},{"@type":"Organization","@id":"https:\/\/boatsexpert.com\/ro\/#organization","name":"BoatsExpert","url":"https:\/\/boatsexpert.com\/ro\/","logo":{"@type":"ImageObject","inLanguage":"ro-RO","@id":"https:\/\/boatsexpert.com\/ro\/#\/schema\/logo\/image\/","url":"https:\/\/boatsexpert.com\/wp-content\/uploads\/2023\/05\/white-logo60.svg","contentUrl":"https:\/\/boatsexpert.com\/wp-content\/uploads\/2023\/05\/white-logo60.svg","width":90,"height":60,"caption":"BoatsExpert"},"image":{"@id":"https:\/\/boatsexpert.com\/ro\/#\/schema\/logo\/image\/"}}]}},"_links":{"self":[{"href":"https:\/\/boatsexpert.com\/ro\/wp-json\/wp\/v2\/product\/45342","targetHints":{"allow":["GET"]}}],"collection":[{"href":"https:\/\/boatsexpert.com\/ro\/wp-json\/wp\/v2\/product"}],"about":[{"href":"https:\/\/boatsexpert.com\/ro\/wp-json\/wp\/v2\/types\/product"}],"replies":[{"embeddable":true,"href":"https:\/\/boatsexpert.com\/ro\/wp-json\/wp\/v2\/comments?post=45342"}],"version-history":[{"count":5,"href":"https:\/\/boatsexpert.com\/ro\/wp-json\/wp\/v2\/product\/45342\/revisions"}],"predecessor-version":[{"id":45365,"href":"https:\/\/boatsexpert.com\/ro\/wp-json\/wp\/v2\/product\/45342\/revisions\/45365"}],"wp:featuredmedia":[{"embeddable":true,"href":"https:\/\/boatsexpert.com\/ro\/wp-json\/wp\/v2\/media\/45344"}],"wp:attachment":[{"href":"https:\/\/boatsexpert.com\/ro\/wp-json\/wp\/v2\/media?parent=45342"}],"wp:term":[{"taxonomy":"product_brand","embeddable":true,"href":"https:\/\/boatsexpert.com\/ro\/wp-json\/wp\/v2\/product_brand?post=45342"},{"taxonomy":"product_cat","embeddable":true,"href":"https:\/\/boatsexpert.com\/ro\/wp-json\/wp\/v2\/product_cat?post=45342"},{"taxonomy":"product_tag","embeddable":true,"href":"https:\/\/boatsexpert.com\/ro\/wp-json\/wp\/v2\/product_tag?post=45342"}],"curies":[{"name":"wp","href":"https:\/\/api.w.org\/{rel}","templated":true}]}}